{"id":1738,"date":"2013-02-14T10:21:24","date_gmt":"2013-02-14T10:21:24","guid":{"rendered":"http:\/\/localhost\/wordpress\/medicenter\/?page_id=6"},"modified":"2022-10-15T19:46:23","modified_gmt":"2022-10-15T19:46:23","slug":"blog","status":"publish","type":"page","link":"https:\/\/turbohair.hu\/de\/blog\/","title":{"rendered":"Blog"},"content":{"rendered":"<div class=\"vc_row wpb_row vc_row-fluid\"><div class=\"wpb_column vc_column_container vc_col-sm-8\"><div class=\"wpb_wrapper\"><ul class=\"blog simple clearfix page-margin-top\"><li class=\"item-content  post post-6596 type-post status-publish format-standard has-post-thumbnail hentry category-hajbeultetes tag-hajbeultetes-budapest\"><a class=\"thumb-image\" href=\"https:\/\/turbohair.hu\/de\/miert-jo-megoldas-a-hajatultetes\/\" title=\"WARUM IST EINE HAARTRANSPLANTATION EINE GUTE L\u00d6SUNG?\"><img loading=\"lazy\" decoding=\"async\" width=\"100\" height=\"100\" src=\"https:\/\/turbohair.hu\/wp-content\/uploads\/slide-03-100x100.webp\" class=\"attachment-medicenter-small-thumb size-medicenter-small-thumb wp-post-image\" alt=\"WARUM IST EINE HAARTRANSPLANTATION EINE GUTE L\u00d6SUNG?\" title=\"\" srcset=\"https:\/\/turbohair.hu\/wp-content\/uploads\/slide-03-100x100.webp 100w, https:\/\/turbohair.hu\/wp-content\/uploads\/slide-03-150x150.webp 150w\" sizes=\"auto, (max-width: 100px) 100vw, 100px\" \/><\/a><div class=\"text\"><h3> <a href=\"https:\/\/turbohair.hu\/de\/miert-jo-megoldas-a-hajatultetes\/\" title=\"WARUM IST EINE HAARTRANSPLANTATION EINE GUTE L\u00d6SUNG?\">WARUM IST EINE HAARTRANSPLANTATION EINE GUTE L\u00d6SUNG?<\/a><\/h3> <p>Eine Haartransplantation kann Sie mehrere Jahre lang verj\u00fcngen, ohne dass Sie es merken, aber sie kann Ihnen auch helfen, Ihr altes Aussehen und damit Ihr Selbstvertrauen und Ihre Attraktivit\u00e4t wiederzuerlangen. Wenn Sie zu Ihrem alten Selbst zur\u00fcckkehren m\u00f6chten, kommen Sie zu uns und wir zeigen Ihnen, wie lange...<a title=\"Read more\" href=\"https:\/\/turbohair.hu\/de\/miert-jo-megoldas-a-hajatultetes\/\" class=\"more template-arrow-horizontal-1-after\">Read more<\/a><\/p>\n<\/div>\t\t<div class=\"post-footer clearfix\">\n\t\t\t\t\t\t\t\t<ul class=\"post-footer-details\"><li class=\"post-footer-category\">\n\t\t\t\t\t\t\t\t\t\t\t<a href=\"https:\/\/turbohair.hu\/de\/category\/hajbeultetes\/\" title=\"View all posts filed under Hajbe\u00fcltet\u00e9s\">Haartransplantation<\/a>\n\t\t\t\t\t\t\t\t\t\t<\/li><li class=\"post-footer-date\">\n\t\t\t\t\t\t\t\t\t\t2024.01.06.\n\t\t\t\t\t\t\t\t\t<\/li><\/ul><\/div><\/li><li class=\"item-content  post post-6358 type-post status-publish format-standard has-post-thumbnail hentry category-hajbeultetes tag-hajbeultetes-budapest\"><a class=\"thumb-image\" href=\"https:\/\/turbohair.hu\/de\/milyen-az-idealis-hajvonal-a-hajbeultetes-soran\/\" title=\"WAS IST DIE IDEALE HAARLINIE W\u00c4HREND DER HAARTRANSPLANTATION?\"><img loading=\"lazy\" decoding=\"async\" width=\"100\" height=\"100\" src=\"https:\/\/turbohair.hu\/wp-content\/uploads\/hajbeultetes-slide-02-1-100x100.webp\" class=\"attachment-medicenter-small-thumb size-medicenter-small-thumb wp-post-image\" alt=\"WAS IST DIE IDEALE HAARLINIE W\u00c4HREND DER HAARTRANSPLANTATION?\" title=\"\" srcset=\"https:\/\/turbohair.hu\/wp-content\/uploads\/hajbeultetes-slide-02-1-100x100.webp 100w, https:\/\/turbohair.hu\/wp-content\/uploads\/hajbeultetes-slide-02-1-150x150.webp 150w\" sizes=\"auto, (max-width: 100px) 100vw, 100px\" \/><\/a><div class=\"text\"><h3> <a href=\"https:\/\/turbohair.hu\/de\/milyen-az-idealis-hajvonal-a-hajbeultetes-soran\/\" title=\"WAS IST DIE IDEALE HAARLINIE W\u00c4HREND DER HAARTRANSPLANTATION?\">WAS IST DIE IDEALE HAARLINIE W\u00c4HREND DER HAARTRANSPLANTATION?<\/a><\/h3> <p>Bei einer Haartransplantation besteht eine der wichtigsten Aufgaben darin, den richtigen Haaransatz zu schaffen. Die ideale Haarlinie h\u00e4ngt von der Person ab, wird aber definitiv von der Kopfform, dem Grad der Kahlheit, dem Alter, der geplanten neuen Frisur und sogar von der Spenderperson bestimmt.<a title=\"Read more\" href=\"https:\/\/turbohair.hu\/de\/milyen-az-idealis-hajvonal-a-hajbeultetes-soran\/\" class=\"more template-arrow-horizontal-1-after\">Read more<\/a><\/p>\n<\/div>\t\t<div class=\"post-footer clearfix\">\n\t\t\t\t\t\t\t\t<ul class=\"post-footer-details\"><li class=\"post-footer-category\">\n\t\t\t\t\t\t\t\t\t\t\t<a href=\"https:\/\/turbohair.hu\/de\/category\/hajbeultetes\/\" title=\"View all posts filed under Hajbe\u00fcltet\u00e9s\">Haartransplantation<\/a>\n\t\t\t\t\t\t\t\t\t\t<\/li><li class=\"post-footer-date\">\n\t\t\t\t\t\t\t\t\t\t2023.09.22.\n\t\t\t\t\t\t\t\t\t<\/li><\/ul><\/div><\/li><li class=\"item-content  post post-5709 type-post status-publish format-standard has-post-thumbnail hentry category-hajbeultetes tag-hajbeultetes-budapest\"><a class=\"thumb-image\" href=\"https:\/\/turbohair.hu\/de\/melyik-a-legjobb-idoszak-a-hajbeultetesre\/\" title=\"WELCHER ZEITRAUM IST DER BESTE F\u00dcR EINE HAARTRANSPLANTATION?!\"><img loading=\"lazy\" decoding=\"async\" width=\"100\" height=\"100\" src=\"https:\/\/turbohair.hu\/wp-content\/uploads\/slide-01-100x100.webp\" class=\"attachment-medicenter-small-thumb size-medicenter-small-thumb wp-post-image\" alt=\"WELCHER ZEITRAUM IST DER BESTE F\u00dcR EINE HAARTRANSPLANTATION?!\" title=\"\" srcset=\"https:\/\/turbohair.hu\/wp-content\/uploads\/slide-01-100x100.webp 100w, https:\/\/turbohair.hu\/wp-content\/uploads\/slide-01-150x150.webp 150w\" sizes=\"auto, (max-width: 100px) 100vw, 100px\" \/><\/a><div class=\"text\"><h3> <a href=\"https:\/\/turbohair.hu\/de\/melyik-a-legjobb-idoszak-a-hajbeultetesre\/\" title=\"WELCHER ZEITRAUM IST DER BESTE F\u00dcR EINE HAARTRANSPLANTATION?!\">WELCHER ZEITRAUM IST DER BESTE F\u00dcR EINE HAARTRANSPLANTATION?!<\/a><\/h3> <p>Viele Menschen fragen sich, wann die beste Jahreszeit f\u00fcr eine Haartransplantation ist. Die Antwort ist einfach und doch komplex.Eine Haartransplantation kann zu jeder Jahreszeit durchgef\u00fchrt werden. ABER! Das Wichtigste ist, dass die Kunden die Jahreszeit f\u00fcr die Haartransplantation w\u00e4hlen...<a title=\"Read more\" href=\"https:\/\/turbohair.hu\/de\/melyik-a-legjobb-idoszak-a-hajbeultetesre\/\" class=\"more template-arrow-horizontal-1-after\">Read more<\/a><\/p>\n<\/div>\t\t<div class=\"post-footer clearfix\">\n\t\t\t\t\t\t\t\t<ul class=\"post-footer-details\"><li class=\"post-footer-category\">\n\t\t\t\t\t\t\t\t\t\t\t<a href=\"https:\/\/turbohair.hu\/de\/category\/hajbeultetes\/\" title=\"View all posts filed under Hajbe\u00fcltet\u00e9s\">Haartransplantation<\/a>\n\t\t\t\t\t\t\t\t\t\t<\/li><li class=\"post-footer-date\">\n\t\t\t\t\t\t\t\t\t\t2022.11.01.\n\t\t\t\t\t\t\t\t\t<\/li><\/ul><\/div><\/li><li class=\"item-content  post post-4454 type-post status-publish format-standard has-post-thumbnail hentry category-hajbeultetes tag-hajbeultetes-budapest\"><a class=\"thumb-image\" href=\"https:\/\/turbohair.hu\/de\/hajbeultetes-budapest-innovativ-technologiaval-a-kopaszodas-ellen\/\" title=\"HAARTRANSPLANTATION BUDAPEST - INNOVATIVE TECHNOLOGIE GEGEN KAHLHEIT\"><img loading=\"lazy\" decoding=\"async\" width=\"100\" height=\"100\" src=\"https:\/\/turbohair.hu\/wp-content\/uploads\/hajbeultetes-orvos-100x100.webp\" class=\"attachment-medicenter-small-thumb size-medicenter-small-thumb wp-post-image\" alt=\"HAARTRANSPLANTATION BUDAPEST - INNOVATIVE TECHNOLOGIE GEGEN KAHLHEIT\" title=\"\" srcset=\"https:\/\/turbohair.hu\/wp-content\/uploads\/hajbeultetes-orvos-100x100.webp 100w, https:\/\/turbohair.hu\/wp-content\/uploads\/hajbeultetes-orvos-150x150.webp 150w\" sizes=\"auto, (max-width: 100px) 100vw, 100px\" \/><\/a><div class=\"text\"><h3> <a href=\"https:\/\/turbohair.hu\/de\/hajbeultetes-budapest-innovativ-technologiaval-a-kopaszodas-ellen\/\" title=\"HAARTRANSPLANTATION BUDAPEST - INNOVATIVE TECHNOLOGIE GEGEN KAHLHEIT\">HAARTRANSPLANTATION BUDAPEST - INNOVATIVE TECHNOLOGIE GEGEN KAHLHEIT<\/a><\/h3> <p>Professionelle <strong>Haartransplantation in Budapest<\/strong>: Unsere Privatklinik bietet \u00e4sthetische Behandlungen mit mehr als 10 Jahren Erfahrung und Kompetenz. Eine exklusive Umgebung, modernste Technologie und garantierte Ergebnisse - das sind die Merkmale, die das <strong>TurboHair...<\/strong><a title=\"Read more\" href=\"https:\/\/turbohair.hu\/de\/hajbeultetes-budapest-innovativ-technologiaval-a-kopaszodas-ellen\/\" class=\"more template-arrow-horizontal-1-after\">Read more<\/a><\/p>\n<\/div>\t\t<div class=\"post-footer clearfix\">\n\t\t\t\t\t\t\t\t<ul class=\"post-footer-details\"><li class=\"post-footer-category\">\n\t\t\t\t\t\t\t\t\t\t\t<a href=\"https:\/\/turbohair.hu\/de\/category\/hajbeultetes\/\" title=\"View all posts filed under Hajbe\u00fcltet\u00e9s\">Haartransplantation<\/a>\n\t\t\t\t\t\t\t\t\t\t<\/li><li class=\"post-footer-date\">\n\t\t\t\t\t\t\t\t\t\t2022.06.24.\n\t\t\t\t\t\t\t\t\t<\/li><\/ul><\/div><\/li><li class=\"item-content  post post-1393 type-post status-publish format-standard has-post-thumbnail hentry category-hajgyogyaszat tag-hajgyogyaszat-budapest\"><a class=\"thumb-image\" href=\"https:\/\/turbohair.hu\/de\/hajgyogyaszat-budapest\/\" title=\"HAARMEDIZIN BUDAPEST\"><img loading=\"lazy\" decoding=\"async\" width=\"100\" height=\"100\" src=\"https:\/\/turbohair.hu\/wp-content\/uploads\/hajgyogyaszat-orvos-100x100.webp\" class=\"attachment-medicenter-small-thumb size-medicenter-small-thumb wp-post-image\" alt=\"HAARMEDIZIN BUDAPEST\" title=\"\" srcset=\"https:\/\/turbohair.hu\/wp-content\/uploads\/hajgyogyaszat-orvos-100x100.webp 100w, https:\/\/turbohair.hu\/wp-content\/uploads\/hajgyogyaszat-orvos-150x150.webp 150w\" sizes=\"auto, (max-width: 100px) 100vw, 100px\" \/><\/a><div class=\"text\"><h3> <a href=\"https:\/\/turbohair.hu\/de\/hajgyogyaszat-budapest\/\" title=\"HAARMEDIZIN BUDAPEST\">HAARMEDIZIN BUDAPEST<\/a><\/h3> <p>Die TurboHair Haarklinik in Budapest bietet Ihnen jahrelange Kompetenz und Erfahrung. In diesem Artikel geben wir Ihnen einen \u00dcberblick dar\u00fcber, was Haarmedizin ist und was sie f\u00fcr Sie tun kann, sowie \u00fcber die Dienstleistungen und Testmethoden...<a title=\"Read more\" href=\"https:\/\/turbohair.hu\/de\/hajgyogyaszat-budapest\/\" class=\"more template-arrow-horizontal-1-after\">Read more<\/a><\/p>\n<\/div>\t\t<div class=\"post-footer clearfix\">\n\t\t\t\t\t\t\t\t<ul class=\"post-footer-details\"><li class=\"post-footer-category\">\n\t\t\t\t\t\t\t\t\t\t\t<a href=\"https:\/\/turbohair.hu\/de\/category\/hajgyogyaszat\/\" title=\"View all posts filed under Hajgy\u00f3gy\u00e1szat\">Haarmedizin<\/a>\n\t\t\t\t\t\t\t\t\t\t<\/li><li class=\"post-footer-date\">\n\t\t\t\t\t\t\t\t\t\t2017.02.12.\n\t\t\t\t\t\t\t\t\t<\/li><\/ul><\/div><\/li><\/ul><\/div><\/div><div class=\"wpb_column vc_column_container vc_col-sm-4\"><div class=\"wpb_wrapper\">\n\t<div class=\"wpb_widgetised_column wpb_content_element clearfix page-margin-top\">\n\t\t<div class=\"wpb_wrapper\">\n\t\t\t\n\t\t\t<div id='categories-3' class='widget widget_categories sidebar-box'><h3 class='box-header animation-slide'>Kategorien<\/h3>\n\t\t\t<ul>\n\t\t\t\t\t<li class=\"cat-item cat-item-45\"><a href=\"https:\/\/turbohair.hu\/de\/category\/hajbeultetes\/\">Haartransplantation<\/a>\n<\/li>\n\t<li class=\"cat-item cat-item-46\"><a href=\"https:\/\/turbohair.hu\/de\/category\/hajgyogyaszat\/\">Haarmedizin<\/a>\n<\/li>\n\t\t\t<\/ul>\n\n\t\t\t<\/div><div id='tag_cloud-2' class='widget widget_tag_cloud sidebar-box'><h3 class='box-header animation-slide'>Etiketten<\/h3><div class=\"tagcloud\"><a href=\"https:\/\/turbohair.hu\/de\/tag\/hajbeultetes-budapest\/\" class=\"tag-cloud-link tag-link-49 tag-link-position-1\" style=\"font-size: 22pt;\" aria-label=\"Hajbe\u00fcltet\u00e9s Budapest (4\u00a0Eintr\u00e4ge)\">HAARTRANSPLANTATION BUDAPEST<\/a>\n<a href=\"https:\/\/turbohair.hu\/de\/tag\/hajgyogyaszat-budapest\/\" class=\"tag-cloud-link tag-link-48 tag-link-position-2\" style=\"font-size: 8pt;\" aria-label=\"Hajgy\u00f3gy\u00e1szat Budapest (1\u00a0Eintrag)\">HAARMEDIZIN BUDAPEST<\/a><\/div>\n<\/div><div id='medicenter_appointment-4' class='widget mc-appointment-widget sidebar-box'><h3 class='box-header animation-slide animation-slide'>Kontakt<\/h3>\t\t<ul class=\"contact-data\">\n\t\t\t\t\t\t<li class=\"clearfix social-location\"><div class=\"value\">1135 Budapest, F\u00e1y utca 75\/a<\/div><\/li>\n\t\t\t\t\t\t<li class=\"clearfix social-mobile\"><div class=\"value\"><a href=\"tel:+36304921045\">+36 30 492 1045<\/a><\/div><\/li>\n\t\t\t\t\t\t<li class=\"clearfix social-email\"><div class=\"value\">Vereinbare einen Termin<br><a href=\"mailto:info@turbohair.hu\">E-Mail senden<\/a><\/div><\/li>\n\t\t\t\t\t\t<li class=\"clearfix social-facebook\"><div class=\"value\">Facebook:<br><a href=\"https:\/\/www.facebook.com\/people\/Hajmeg%C3%BAjul%C3%A1s-%C3%9Aj-Dimenzi%C3%B3ja\/100077976618810\/\" target=\"_blank\">facebook.com\/turbohair<\/a><\/div><\/li>\n\t\t\t\t\t<\/ul>\n\t\t<\/div>\n\t\t<\/div>\n\t<\/div>\n<\/div><\/div><\/div>","protected":false},"excerpt":{"rendered":"KORSZER\u0170 HAJGY\u00d3GY\u00c1SZAT BUDAPEST SZ\u00cdV\u00c9BEN A 13. KER\u00dcLETBEN A TurboHair hajgy\u00f3gy\u00e1szati klinika Budapesten t\u00f6bb \u00e9ves szak\u00e9rtelemmel \u00e9s tapasztalattal v\u00e1rja \u00d6nt. Ebben a cikk\u00fcnkben k\u00f6rbej\u00e1rjuk, hogy mivel foglalkozik a hajgy\u00f3gy\u00e1szat \u00e9s miben tud seg\u00edteni \u00d6nnek, valamint bemutatjuk pr\u00e9mium hajklinik\u00e1nk szolg\u00e1ltat\u00e1sait, az \u00e1ltalunk alkalmazott vizsg\u00e1lati m\u00f3dszereket. Tartson vel\u00fcnk! MIVEL FOGLALKOZIK A HAJGY\u00d3GY\u00c1SZ? \u00d6nt is \u00e9rinti a hajhull\u00e1s, hajritkul\u00e1s","protected":false},"author":1,"featured_media":0,"parent":0,"menu_order":0,"comment_status":"open","ping_status":"open","template":"template-blog.php","meta":{"footnotes":""},"class_list":["post-1738","page","type-page","status-publish","hentry"],"yoast_head":"<title>Hajbe\u00fcltet\u00e9s blog<\/title>\n<meta name=\"description\" content=\"Hajbe\u00fcltet\u00e9s Blog - TurboHair hajklinika Budapest. Blog bejegyz\u00e9sek R\u00f3lunk \u00e9s a hajbe\u00fcltet\u00e9sr\u0151l. N\u00e9zze meg!\" \/>\n<meta name=\"robots\" content=\"index, follow, max-snippet:-1, max-image-preview:large, max-video-preview:-1\" \/>\n<link rel=\"canonical\" href=\"https:\/\/turbohair.hu\/de\/blog\/\" \/>\n<meta property=\"og:locale\" content=\"de_DE\" \/>\n<meta property=\"og:type\" content=\"article\" \/>\n<meta property=\"og:title\" content=\"Hajbe\u00fcltet\u00e9s blog\" \/>\n<meta property=\"og:description\" content=\"Hajbe\u00fcltet\u00e9s Blog - TurboHair hajklinika Budapest. Blog bejegyz\u00e9sek R\u00f3lunk \u00e9s a hajbe\u00fcltet\u00e9sr\u0151l. N\u00e9zze meg!\" \/>\n<meta property=\"og:url\" content=\"https:\/\/turbohair.hu\/de\/blog\/\" \/>\n<meta property=\"og:site_name\" content=\"Hajbe\u00fcltet\u00e9s Budapesten\" \/>\n<meta property=\"article:modified_time\" content=\"2022-10-15T19:46:23+00:00\" \/>\n<meta name=\"twitter:card\" content=\"summary_large_image\" \/>\n<meta name=\"twitter:label1\" content=\"Gesch\u00e4tzte Lesezeit\" \/>\n\t<meta name=\"twitter:data1\" content=\"1\u00a0Minute\" \/>\n<script type=\"application\/ld+json\" class=\"yoast-schema-graph\">{\"@context\":\"https:\/\/schema.org\",\"@graph\":[{\"@type\":\"WebPage\",\"@id\":\"https:\/\/turbohair.hu\/blog\/\",\"url\":\"https:\/\/turbohair.hu\/blog\/\",\"name\":\"Hajbe\u00fcltet\u00e9s blog\",\"isPartOf\":{\"@id\":\"https:\/\/turbohair.hu\/#website\"},\"datePublished\":\"2013-02-14T10:21:24+00:00\",\"dateModified\":\"2022-10-15T19:46:23+00:00\",\"description\":\"Hajbe\u00fcltet\u00e9s Blog - TurboHair hajklinika Budapest. Blog bejegyz\u00e9sek R\u00f3lunk \u00e9s a hajbe\u00fcltet\u00e9sr\u0151l. N\u00e9zze meg!\",\"breadcrumb\":{\"@id\":\"https:\/\/turbohair.hu\/blog\/#breadcrumb\"},\"inLanguage\":\"de\",\"potentialAction\":[{\"@type\":\"ReadAction\",\"target\":[\"https:\/\/turbohair.hu\/blog\/\"]}]},{\"@type\":\"BreadcrumbList\",\"@id\":\"https:\/\/turbohair.hu\/blog\/#breadcrumb\",\"itemListElement\":[{\"@type\":\"ListItem\",\"position\":1,\"name\":\"Kezd\u0151lap\",\"item\":\"https:\/\/turbohair.hu\/\"},{\"@type\":\"ListItem\",\"position\":2,\"name\":\"Blog\"}]},{\"@type\":\"WebSite\",\"@id\":\"https:\/\/turbohair.hu\/#website\",\"url\":\"https:\/\/turbohair.hu\/\",\"name\":\"Hajbe\u00fcltet\u00e9s Budapesten\",\"description\":\"Hajbe\u00fcltet\u00e9s Budapesten - Turbohair\",\"potentialAction\":[{\"@type\":\"SearchAction\",\"target\":{\"@type\":\"EntryPoint\",\"urlTemplate\":\"https:\/\/turbohair.hu\/?s={search_term_string}\"},\"query-input\":{\"@type\":\"PropertyValueSpecification\",\"valueRequired\":true,\"valueName\":\"search_term_string\"}}],\"inLanguage\":\"de\"}]}<\/script>","yoast_head_json":{"title":"Haartransplantations-Blog","description":"Haartransplantations-Blog - TurboHair Haarklinik Budapest. Blogbeitr\u00e4ge \u00fcber uns und Haartransplantation. Schauen Sie sich an!","robots":{"index":"index","follow":"follow","max-snippet":"max-snippet:-1","max-image-preview":"max-image-preview:large","max-video-preview":"max-video-preview:-1"},"canonical":"https:\/\/turbohair.hu\/de\/blog\/","og_locale":"de_DE","og_type":"article","og_title":"Hajbe\u00fcltet\u00e9s blog","og_description":"Hajbe\u00fcltet\u00e9s Blog - TurboHair hajklinika Budapest. Blog bejegyz\u00e9sek R\u00f3lunk \u00e9s a hajbe\u00fcltet\u00e9sr\u0151l. N\u00e9zze meg!","og_url":"https:\/\/turbohair.hu\/de\/blog\/","og_site_name":"Hajbe\u00fcltet\u00e9s Budapesten","article_modified_time":"2022-10-15T19:46:23+00:00","twitter_card":"summary_large_image","twitter_misc":{"Gesch\u00e4tzte Lesezeit":"1\u00a0Minute"},"schema":{"@context":"https:\/\/schema.org","@graph":[{"@type":"WebPage","@id":"https:\/\/turbohair.hu\/blog\/","url":"https:\/\/turbohair.hu\/blog\/","name":"Haartransplantations-Blog","isPartOf":{"@id":"https:\/\/turbohair.hu\/#website"},"datePublished":"2013-02-14T10:21:24+00:00","dateModified":"2022-10-15T19:46:23+00:00","description":"Haartransplantations-Blog - TurboHair Haarklinik Budapest. Blogbeitr\u00e4ge \u00fcber uns und Haartransplantation. Schauen Sie sich an!","breadcrumb":{"@id":"https:\/\/turbohair.hu\/blog\/#breadcrumb"},"inLanguage":"de","potentialAction":[{"@type":"ReadAction","target":["https:\/\/turbohair.hu\/blog\/"]}]},{"@type":"BreadcrumbList","@id":"https:\/\/turbohair.hu\/blog\/#breadcrumb","itemListElement":[{"@type":"ListItem","position":1,"name":"Kezd\u0151lap","item":"https:\/\/turbohair.hu\/"},{"@type":"ListItem","position":2,"name":"Blog"}]},{"@type":"WebSite","@id":"https:\/\/turbohair.hu\/#website","url":"https:\/\/turbohair.hu\/","name":"Haartransplantation in Budapest","description":"Hajbe\u00fcltet\u00e9s Budapesten - Turbohair","potentialAction":[{"@type":"SearchAction","target":{"@type":"EntryPoint","urlTemplate":"https:\/\/turbohair.hu\/?s={search_term_string}"},"query-input":{"@type":"PropertyValueSpecification","valueRequired":true,"valueName":"search_term_string"}}],"inLanguage":"de"}]}},"_links":{"self":[{"href":"https:\/\/turbohair.hu\/de\/wp-json\/wp\/v2\/pages\/1738","targetHints":{"allow":["GET"]}}],"collection":[{"href":"https:\/\/turbohair.hu\/de\/wp-json\/wp\/v2\/pages"}],"about":[{"href":"https:\/\/turbohair.hu\/de\/wp-json\/wp\/v2\/types\/page"}],"author":[{"embeddable":true,"href":"https:\/\/turbohair.hu\/de\/wp-json\/wp\/v2\/users\/1"}],"replies":[{"embeddable":true,"href":"https:\/\/turbohair.hu\/de\/wp-json\/wp\/v2\/comments?post=1738"}],"version-history":[{"count":9,"href":"https:\/\/turbohair.hu\/de\/wp-json\/wp\/v2\/pages\/1738\/revisions"}],"predecessor-version":[{"id":5695,"href":"https:\/\/turbohair.hu\/de\/wp-json\/wp\/v2\/pages\/1738\/revisions\/5695"}],"wp:attachment":[{"href":"https:\/\/turbohair.hu\/de\/wp-json\/wp\/v2\/media?parent=1738"}],"curies":[{"name":"wp","href":"https:\/\/api.w.org\/{rel}","templated":true}]}}