{"id":4394,"date":"2022-06-23T19:35:50","date_gmt":"2022-06-23T19:35:50","guid":{"rendered":"https:\/\/turbohair.hu\/?page_id=4394"},"modified":"2025-10-18T08:28:07","modified_gmt":"2025-10-18T08:28:07","slug":"uber-uns","status":"publish","type":"page","link":"https:\/\/turbohair.hu\/de\/rolunk\/","title":{"rendered":"\u00dcber uns"},"content":{"rendered":"<section class=\"vc_section vc_custom_1717843176726 vc_section-has-fill\"><div class=\"vc_row wpb_row vc_row-fluid vc_custom_1676125638161 page-margin-top\"><div class=\"wpb_column vc_column_container vc_col-sm-6 vc_col-has-fill vc_custom_1676125761833\"><div class=\"wpb_wrapper\">\n\t<div  class=\"wpb_single_image wpb_content_element vc_align_left\">\n\t\t\n\t\t<figure class=\"wpb_wrapper vc_figure\">\n\t\t\t<div class=\"vc_single_image-wrapper   vc_box_border_grey\"><img loading=\"lazy\" decoding=\"async\" width=\"800\" height=\"600\" src=\"https:\/\/turbohair.hu\/wp-content\/uploads\/hajbeultetes-turbohair-csapatunk.webp\" class=\"vc_single_image-img attachment-large\" alt=\"TurboHair Medical hajbe\u00fcltet\u00e9s munkat\u00e1rsak\" title=\"hajbeultetes-turbohair-csapatunk\" srcset=\"https:\/\/turbohair.hu\/wp-content\/uploads\/hajbeultetes-turbohair-csapatunk.webp 800w, https:\/\/turbohair.hu\/wp-content\/uploads\/hajbeultetes-turbohair-csapatunk-300x225.webp 300w, https:\/\/turbohair.hu\/wp-content\/uploads\/hajbeultetes-turbohair-csapatunk-768x576.webp 768w, https:\/\/turbohair.hu\/wp-content\/uploads\/hajbeultetes-turbohair-csapatunk-16x12.webp 16w\" sizes=\"auto, (max-width: 800px) 100vw, 800px\" \/><\/div>\n\t\t<\/figure>\n\t<\/div>\n<\/div><\/div><div class=\"wpb_column vc_column_container vc_col-sm-6\"><div class=\"wpb_wrapper\"><h3 class=\"box-header animation-slide\">\u00dcBER UNSERE KLINIK<\/h3><h2 class=\"box-header large margin-top-30 no-border\">UNSERE BERUFUNG<\/h2>\n\t<div class=\"wpb_text_column wpb_content_element  no-margin description\" >\n\t\t<div class=\"wpb_wrapper\">\n\t\t\t<p style=\"text-align: justify;\">Das medizinische Team von TurboHair hat es sich zur Aufgabe gemacht, einen qualitativ hochwertigen und fairen Service im Bereich der Haartransplantation und Haarwiederherstellung anzubieten. F\u00fcr uns ist es wichtig, L\u00f6sungen f\u00fcr alle Arten von Problemen zu finden.<\/p>\n\n\t\t<\/div>\n\t<\/div>\n<ul class=\"simple-list margin-top-15 clearfix\"><li class=\"template-tick-2 clearfix\">\n\t\t\t<span><strong>17 Jahre Erfahrung<\/strong>, maxim\u00e1lis szak\u00e9rtelem a hajbe\u00fcltet\u00e9s ter\u00fclet\u00e9n.<\/span><\/li><li class=\"template-tick-2 clearfix translation-block\">Moderne, <strong style=\"color: #00b7bd !important\">erstklassige<\/strong> Ausstattung und Operationssaal.<\/li><li class=\"template-tick-2 clearfix translation-block\">Komplette Behandlung des Haarausfalls mit <strong>innovativen<\/strong> Technologien.<\/li><li class=\"template-tick-2 clearfix translation-block\">Wir geben eine <strong style=\"color: #00b7bd !important\">schriftliche Garantie<\/strong> auf unseren Service<\/li><\/ul><\/div><\/div><\/div><\/section><section class=\"vc_section vc_custom_1686488172358\"><div class=\"vc_row wpb_row vc_row-fluid vc_custom_1656011937288 page-margin-top\"><div class=\"wpb_column vc_column_container vc_col-sm-6\"><div class=\"wpb_wrapper\"><h3 class=\"box-header animation-slide\">INSTITUTIONSLEITER<\/h3><h2 class=\"box-header large margin-top-30 no-border\">LADICS J\u00d3ZSEF<\/h2>\n\t<div class=\"wpb_text_column wpb_content_element  no-margin description\" >\n\t\t<div class=\"wpb_wrapper\">\n\t\t\t<p style=\"text-align: justify;\">Mein vorrangiges Ziel ist es, dass unsere Klinik im Bereich der Haartransplantationsverfahren h\u00f6chste Qualit\u00e4t bietet, sowohl im Hinblick auf exzellente Servicestandards als auch auf die Patientenzufriedenheit. Es ist mein pers\u00f6nliches Anliegen, dass alle unsere Patienten mit Zuversicht und Zufriedenheit nach Hause gehen und wissen, dass sie in den besten H\u00e4nden sind. Unser Team tut alles, um mit unseren Patienten das bestm\u00f6gliche Ergebnis zu erzielen, vom ersten Beratungsgespr\u00e4ch \u00fcber den Heilungsprozess bis hin zum Endergebnis.<\/p>\n\n\t\t<\/div>\n\t<\/div>\n<\/div><\/div><div class=\"wpb_column vc_column_container vc_col-sm-6 vc_col-has-fill vc_custom_1686491157607\"><div class=\"wpb_wrapper\">\n\t<div  class=\"wpb_single_image wpb_content_element vc_align_left\">\n\t\t\n\t\t<figure class=\"wpb_wrapper vc_figure\">\n\t\t\t<div class=\"vc_single_image-wrapper   vc_box_border_grey\"><img loading=\"lazy\" decoding=\"async\" width=\"800\" height=\"600\" src=\"https:\/\/turbohair.hu\/wp-content\/uploads\/hajbeultetes-szakmai-vezeto.webp\" class=\"vc_single_image-img attachment-large\" alt=\"Die Haartransplantation\" title=\"hajbeultetes-szakmai-vezeto\" srcset=\"https:\/\/turbohair.hu\/wp-content\/uploads\/hajbeultetes-szakmai-vezeto.webp 800w, https:\/\/turbohair.hu\/wp-content\/uploads\/hajbeultetes-szakmai-vezeto-300x225.webp 300w, https:\/\/turbohair.hu\/wp-content\/uploads\/hajbeultetes-szakmai-vezeto-768x576.webp 768w, https:\/\/turbohair.hu\/wp-content\/uploads\/hajbeultetes-szakmai-vezeto-16x12.webp 16w\" sizes=\"auto, (max-width: 800px) 100vw, 800px\" \/><\/div>\n\t\t<\/figure>\n\t<\/div>\n<\/div><\/div><\/div><\/section><section class=\"vc_section vc_custom_1706867165106 vc_section-has-fill\"><div class=\"vc_row wpb_row vc_row-fluid vc_custom_1656011937288 page-margin-top\"><div class=\"wpb_column vc_column_container vc_col-sm-6\"><div class=\"wpb_wrapper\"><h3 class=\"box-header animation-slide\">UNSERE \u00c4RZTE TEAM<\/h3><h2 class=\"box-header large margin-top-30 no-border\">DR. ZS\u00d3FIA BAKA<\/h2>\n\t<div class=\"wpb_text_column wpb_content_element  no-margin description\" >\n\t\t<div class=\"wpb_wrapper\">\n\t\t\t<p style=\"text-align: justify;\">Ich habe 2016 mein Studium der Allgemeinmedizin an der Semmelweis Universit\u00e4t abgeschlossen. Im selben Jahr begann ich als \u00c4rztin f\u00fcr Haartransplantation in einer Privatklinik in Budapest zu arbeiten. Derzeit bin ich Teil des Teams von TurboHair Medical. In meiner Arbeit betrachte ich jeden Kunden als eine besondere Herausforderung, denn jeder kommt mit seiner eigenen Geschichte, seinen eigenen Vorstellungen und Erwartungen in unsere Klinik. Ich glaube, dass das Hauptziel der Haartransplantation die St\u00e4rkung des Selbstvertrauens und damit die Verbesserung der Lebensqualit\u00e4t ist, und ich gebe mein Bestes, um allen unseren Kunden dabei zu helfen.<\/p>\n\n\t\t<\/div>\n\t<\/div>\n<\/div><\/div><div class=\"wpb_column vc_column_container vc_col-sm-6 vc_col-has-fill vc_custom_1686491157607\"><div class=\"wpb_wrapper\">\n\t<div  class=\"wpb_single_image wpb_content_element vc_align_left\">\n\t\t\n\t\t<figure class=\"wpb_wrapper vc_figure\">\n\t\t\t<div class=\"vc_single_image-wrapper   vc_box_border_grey\"><img loading=\"lazy\" decoding=\"async\" width=\"900\" height=\"675\" src=\"https:\/\/turbohair.hu\/wp-content\/uploads\/hajbeultetes-dr-baka-zsofia.jpg\" class=\"vc_single_image-img attachment-large\" alt=\"Die Haartransplantation\" title=\"hajbeultetes-dr-baka-zsofia\" srcset=\"https:\/\/turbohair.hu\/wp-content\/uploads\/hajbeultetes-dr-baka-zsofia.jpg 900w, https:\/\/turbohair.hu\/wp-content\/uploads\/hajbeultetes-dr-baka-zsofia-300x225.jpg 300w, https:\/\/turbohair.hu\/wp-content\/uploads\/hajbeultetes-dr-baka-zsofia-768x576.jpg 768w\" sizes=\"auto, (max-width: 900px) 100vw, 900px\" \/><\/div>\n\t\t<\/figure>\n\t<\/div>\n<\/div><\/div><\/div><\/section><section class=\"vc_section vc_custom_1706867129841\"><div class=\"vc_row wpb_row vc_row-fluid vc_custom_1656011937288 page-margin-top\"><div class=\"wpb_column vc_column_container vc_col-sm-6\"><div class=\"wpb_wrapper\">\n\t<div class=\"wpb_text_column wpb_content_element  no-margin description\" >\n\t\t<div class=\"wpb_wrapper\">\n\t\t\t\n\t\t<\/div>\n\t<\/div>\n<h3 class=\"box-header animation-slide\">UNSERE \u00c4RZTE TEAM<\/h3><h2 class=\"box-header large margin-top-30 no-border\">DR GERG\u0150 ATTILA RAJK\u00d3<\/h2>\n\t<div class=\"wpb_text_column wpb_content_element  no-margin description\" >\n\t\t<div class=\"wpb_wrapper\">\n\t\t\t<p style=\"text-align: justify;\">Ich habe 2022 mein Studium der Allgemeinmedizin an der Semmelweis Universit\u00e4t in Budapest abgeschlossen. W\u00e4hrend meines Studiums habe ich mich immer f\u00fcr die Welt der Chirurgie und der manuellen Medizin interessiert, so dass ich mich schon w\u00e4hrend meines Studiums f\u00fcr die Haartransplantation interessierte. Ich glaube, dass ein individueller, kundenorientierter Ansatz, ein Sinn f\u00fcr Pr\u00e4zision und die Liebe zum Detail in meiner medizinischen Praxis wichtig sind, und ich versuche st\u00e4ndig, diese F\u00e4higkeiten zu verbessern. Ich glaube, dass ich durch meine Arbeit und meine berufliche Entwicklung vielen Menschen helfen kann, ihr gew\u00fcnschtes Aussehen und damit ein zufriedenes und selbstbewusstes Auftreten wiederzuerlangen. Mein Ziel ist es, jedem Kunden mit \u00e4u\u00dferster Sorgfalt, Freundlichkeit und Pr\u00e4zision zu helfen, dieses Ziel zu erreichen.<\/p>\n\n\t\t<\/div>\n\t<\/div>\n<\/div><\/div><div class=\"wpb_column vc_column_container vc_col-sm-6 vc_col-has-fill vc_custom_1686488056104\"><div class=\"wpb_wrapper\">\n\t<div  class=\"wpb_single_image wpb_content_element vc_align_left\">\n\t\t\n\t\t<figure class=\"wpb_wrapper vc_figure\">\n\t\t\t<div class=\"vc_single_image-wrapper   vc_box_border_grey\"><img loading=\"lazy\" decoding=\"async\" width=\"900\" height=\"675\" src=\"https:\/\/turbohair.hu\/wp-content\/uploads\/hajbeultetes-orvosaink-dr-rajko-gergo-2.webp\" class=\"vc_single_image-img attachment-large\" alt=\"hajbe\u00fcltet\u00e9s orvosaink\" title=\"hajbeultetes-orvosaink-dr-rajko-gergo-2\" srcset=\"https:\/\/turbohair.hu\/wp-content\/uploads\/hajbeultetes-orvosaink-dr-rajko-gergo-2.webp 900w, https:\/\/turbohair.hu\/wp-content\/uploads\/hajbeultetes-orvosaink-dr-rajko-gergo-2-300x225.webp 300w, https:\/\/turbohair.hu\/wp-content\/uploads\/hajbeultetes-orvosaink-dr-rajko-gergo-2-768x576.webp 768w, https:\/\/turbohair.hu\/wp-content\/uploads\/hajbeultetes-orvosaink-dr-rajko-gergo-2-16x12.webp 16w\" sizes=\"auto, (max-width: 900px) 100vw, 900px\" \/><\/div>\n\t\t<\/figure>\n\t<\/div>\n<\/div><\/div><\/div><\/section><section class=\"vc_section vc_custom_1760775981093 vc_section-has-fill\"><div class=\"vc_row wpb_row vc_row-fluid vc_custom_1656011937288 page-margin-top\"><div class=\"wpb_column vc_column_container vc_col-sm-6\"><div class=\"wpb_wrapper\">\n\t<div class=\"wpb_text_column wpb_content_element  no-margin description\" >\n\t\t<div class=\"wpb_wrapper\">\n\t\t\t\n\t\t<\/div>\n\t<\/div>\n<h3 class=\"box-header animation-slide\">UNSERE \u00c4RZTE TEAM<\/h3><h2 class=\"box-header large margin-top-30 no-border\">DR. VIKT\u00d3RIA K\u00c9SZ<\/h2>\n\t<div class=\"wpb_text_column wpb_content_element  no-margin description\" >\n\t\t<div class=\"wpb_wrapper\">\n\t\t\t<p style=\"text-align: justify;\">Ich habe 2020 mein Studium der Allgemeinmedizin an der Nationalen Universit\u00e4t Uschhorod abgeschlossen. Mir ist es wichtig, meinen Patienten mit Aufmerksamkeit und Einf\u00fchlungsverm\u00f6gen zu begegnen. Ich bin \u00fcberzeugt, dass der wahre Wert einer Haartransplantation nicht nur in der \u00e4u\u00dferlichen Ver\u00e4nderung liegt, sondern auch im wiedergewonnenen Selbstvertrauen meiner Patienten. In meiner Arbeit strebe ich stets nach nat\u00fcrlichen und harmonischen Ergebnissen. Mein Ziel ist es, jedem, der sich mehr Selbstvertrauen w\u00fcnscht, mit meinem Fachwissen und meiner Aufmerksamkeit zu helfen.<\/p>\n\n\t\t<\/div>\n\t<\/div>\n<\/div><\/div><div class=\"wpb_column vc_column_container vc_col-sm-6 vc_col-has-fill vc_custom_1686488056104\"><div class=\"wpb_wrapper\">\n\t<div  class=\"wpb_single_image wpb_content_element vc_align_left\">\n\t\t\n\t\t<figure class=\"wpb_wrapper vc_figure\">\n\t\t\t<div class=\"vc_single_image-wrapper   vc_box_border_grey\"><img loading=\"lazy\" decoding=\"async\" width=\"800\" height=\"600\" src=\"https:\/\/turbohair.hu\/wp-content\/uploads\/hajbeultetes-turbohair-dr-kesz-viktoria.webp\" class=\"vc_single_image-img attachment-large\" alt=\"Die Haartransplantation\" title=\"hajbeultetes-turbohair-dr-kesz-viktoria\" srcset=\"https:\/\/turbohair.hu\/wp-content\/uploads\/hajbeultetes-turbohair-dr-kesz-viktoria.webp 800w, https:\/\/turbohair.hu\/wp-content\/uploads\/hajbeultetes-turbohair-dr-kesz-viktoria-300x225.webp 300w, https:\/\/turbohair.hu\/wp-content\/uploads\/hajbeultetes-turbohair-dr-kesz-viktoria-768x576.webp 768w, https:\/\/turbohair.hu\/wp-content\/uploads\/hajbeultetes-turbohair-dr-kesz-viktoria-16x12.webp 16w\" sizes=\"auto, (max-width: 800px) 100vw, 800px\" \/><\/div>\n\t\t<\/figure>\n\t<\/div>\n<\/div><\/div><\/div><\/section><section class=\"vc_section vc_custom_1760775992977\"><div class=\"vc_row wpb_row vc_row-fluid page-margin-top\"><div class=\"wpb_column vc_column_container vc_col-sm-6\"><div class=\"wpb_wrapper\"><h3 class=\"box-header animation-slide\">UNSERE \u00c4RZTE TEAM<\/h3><h2 class=\"box-header large margin-top-30 no-border\">DR. \u00c1D\u00c1M KOCSIS<\/h2>\n\t<div class=\"wpb_text_column wpb_content_element\" >\n\t\t<div class=\"wpb_wrapper\">\n\t\t\t<p style=\"text-align: justify;\">Volles Haar ist heute eine Frage der Wahl. Es gibt heute viele M\u00f6glichkeiten, dieses Problem in den Griff zu bekommen. Unser Unternehmen ist darauf spezialisiert. Unser professionelles \u00c4rzteteam hilft jedem, sein Ziel und seine Option unter den Leistungen von TurboHair zu finden. Wir bieten qualitativ hochwertige Haartransplantationen mit langj\u00e4hriger Erfahrung. Unsere \u00c4rzte nehmen regelm\u00e4\u00dfig an internationalen Konferenzen teil, um unser Wissen auf dem neuesten Stand zu halten. TurboHair, eine neue Dimension der Haarerneuerung.<\/p>\n\n\t\t<\/div>\n\t<\/div>\n<\/div><\/div><div class=\"wpb_column vc_column_container vc_col-sm-6 vc_col-has-fill vc_custom_1706863228406\"><div class=\"wpb_wrapper\">\n\t<div  class=\"wpb_single_image wpb_content_element vc_align_center\">\n\t\t\n\t\t<figure class=\"wpb_wrapper vc_figure\">\n\t\t\t<div class=\"vc_single_image-wrapper   vc_box_border_grey\"><img loading=\"lazy\" decoding=\"async\" width=\"800\" height=\"600\" src=\"https:\/\/turbohair.hu\/wp-content\/uploads\/hajbeultetes-dr-kocsics-adam.webp\" class=\"vc_single_image-img attachment-large\" alt=\"Die Haartransplantation\" title=\"hajbeultetes-dr-kocsics-adam\" srcset=\"https:\/\/turbohair.hu\/wp-content\/uploads\/hajbeultetes-dr-kocsics-adam.webp 800w, https:\/\/turbohair.hu\/wp-content\/uploads\/hajbeultetes-dr-kocsics-adam-300x225.webp 300w, https:\/\/turbohair.hu\/wp-content\/uploads\/hajbeultetes-dr-kocsics-adam-768x576.webp 768w, https:\/\/turbohair.hu\/wp-content\/uploads\/hajbeultetes-dr-kocsics-adam-16x12.webp 16w\" sizes=\"auto, (max-width: 800px) 100vw, 800px\" \/><\/div>\n\t\t<\/figure>\n\t<\/div>\n<\/div><\/div><\/div><\/section><section class=\"vc_section vc_custom_1760776009139 vc_section-has-fill\"><div class=\"vc_row wpb_row vc_row-fluid vc_custom_1656011937288 page-margin-top\"><div class=\"wpb_column vc_column_container vc_col-sm-6\"><div class=\"wpb_wrapper\"><h3 class=\"box-header align-center animation-slide\">Assistent f\u00fcr Haartransplantation<\/h3><h2 class=\"box-header large align-center no-border\">BENKOVICS BARBARA T\u00cdMEA<\/h2>\n\t<div  class=\"wpb_single_image wpb_content_element vc_align_left  vc_custom_1718289253312\">\n\t\t\n\t\t<figure class=\"wpb_wrapper vc_figure\">\n\t\t\t<div class=\"vc_single_image-wrapper   vc_box_border_grey\"><img loading=\"lazy\" decoding=\"async\" width=\"800\" height=\"600\" src=\"https:\/\/turbohair.hu\/wp-content\/uploads\/hajbeultetes-barbi.webp\" class=\"vc_single_image-img attachment-large\" alt=\"Die Haartransplantation\" title=\"hajbeultetes-barbi\" srcset=\"https:\/\/turbohair.hu\/wp-content\/uploads\/hajbeultetes-barbi.webp 800w, https:\/\/turbohair.hu\/wp-content\/uploads\/hajbeultetes-barbi-300x225.webp 300w, https:\/\/turbohair.hu\/wp-content\/uploads\/hajbeultetes-barbi-768x576.webp 768w, https:\/\/turbohair.hu\/wp-content\/uploads\/hajbeultetes-barbi-16x12.webp 16w\" sizes=\"auto, (max-width: 800px) 100vw, 800px\" \/><\/div>\n\t\t<\/figure>\n\t<\/div>\n<\/div><\/div><div class=\"wpb_column vc_column_container vc_col-sm-6\"><div class=\"wpb_wrapper\"><h3 class=\"box-header align-center animation-slide\">Assistent f\u00fcr Haartransplantation<\/h3><h2 class=\"box-header large align-center no-border\">MOLN\u00c1R BARBARA<\/h2>\n\t<div  class=\"wpb_single_image wpb_content_element vc_align_left  vc_custom_1718289398281\">\n\t\t\n\t\t<figure class=\"wpb_wrapper vc_figure\">\n\t\t\t<div class=\"vc_single_image-wrapper   vc_box_border_grey\"><img loading=\"lazy\" decoding=\"async\" width=\"800\" height=\"600\" src=\"https:\/\/turbohair.hu\/wp-content\/uploads\/hajbeultetes-barbara.webp\" class=\"vc_single_image-img attachment-large\" alt=\"Die Haartransplantation\" title=\"hajbeultetes-barbara\" srcset=\"https:\/\/turbohair.hu\/wp-content\/uploads\/hajbeultetes-barbara.webp 800w, https:\/\/turbohair.hu\/wp-content\/uploads\/hajbeultetes-barbara-300x225.webp 300w, https:\/\/turbohair.hu\/wp-content\/uploads\/hajbeultetes-barbara-768x576.webp 768w, https:\/\/turbohair.hu\/wp-content\/uploads\/hajbeultetes-barbara-16x12.webp 16w\" sizes=\"auto, (max-width: 800px) 100vw, 800px\" \/><\/div>\n\t\t<\/figure>\n\t<\/div>\n<\/div><\/div><\/div><\/section><section class=\"vc_section vc_custom_1760776018401\"><div class=\"vc_row wpb_row vc_row-fluid page-margin-top\"><div class=\"wpb_column vc_column_container vc_col-sm-6\"><div class=\"wpb_wrapper\"><h3 class=\"box-header align-center animation-slide\">Assistent f\u00fcr Haartransplantation<\/h3><h2 class=\"box-header large align-center no-border\">SASSI SARAH<\/h2>\n\t<div  class=\"wpb_single_image wpb_content_element vc_align_center  vc_custom_1718289910097\">\n\t\t\n\t\t<figure class=\"wpb_wrapper vc_figure\">\n\t\t\t<div class=\"vc_single_image-wrapper   vc_box_border_grey\"><img loading=\"lazy\" decoding=\"async\" width=\"800\" height=\"600\" src=\"https:\/\/turbohair.hu\/wp-content\/uploads\/hajbeultetes-sarah.webp\" class=\"vc_single_image-img attachment-large\" alt=\"Die Haartransplantation\" title=\"hajbeultetes-sarah\" srcset=\"https:\/\/turbohair.hu\/wp-content\/uploads\/hajbeultetes-sarah.webp 800w, https:\/\/turbohair.hu\/wp-content\/uploads\/hajbeultetes-sarah-300x225.webp 300w, https:\/\/turbohair.hu\/wp-content\/uploads\/hajbeultetes-sarah-768x576.webp 768w, https:\/\/turbohair.hu\/wp-content\/uploads\/hajbeultetes-sarah-16x12.webp 16w\" sizes=\"auto, (max-width: 800px) 100vw, 800px\" \/><\/div>\n\t\t<\/figure>\n\t<\/div>\n<\/div><\/div><div class=\"wpb_column vc_column_container vc_col-sm-6\"><div class=\"wpb_wrapper\"><\/div><\/div><\/div><\/section><section class=\"vc_section vc_custom_1760776029113 vc_section-has-fill\"><div class=\"vc_row wpb_row vc_row-fluid\"><div class=\"wpb_column vc_column_container vc_col-sm-12\"><div class=\"wpb_wrapper\"><h2 class=\"box-header large align-center no-border\">BILDER DER KLINIK<\/h2>\n<div class=\"vc_grid-container-wrapper vc_clearfix vc_grid-animation-none\">\n\t<div class=\"vc_grid-container vc_clearfix wpb_content_element vc_media_grid vc_custom_1665341814825\" data-initial-loading-animation=\"none\" data-vc-grid-settings=\"{&quot;page_id&quot;:4394,&quot;style&quot;:&quot;all&quot;,&quot;action&quot;:&quot;vc_get_vc_grid_data&quot;,&quot;shortcode_id&quot;:&quot;1760773393878-2b48195a-dd9e-9&quot;,&quot;tag&quot;:&quot;vc_media_grid&quot;}\" data-vc-request=\"https:\/\/turbohair.hu\/wp-admin\/admin-ajax.php\" data-vc-post-id=\"4394\" data-vc-public-nonce=\"a8f6c5ca21\">\n\t\t\n\t<\/div>\n<\/div><\/div><\/div><\/div><\/section>","protected":false},"excerpt":{"rendered":"A KLINIK\u00c1NKR\u00d3LC\u00c9LKIT\u0170Z\u00c9S\u00dcNK A TurboHair medical csapata a min\u0151s\u00e9gi \u00e9s korrekt szolg\u00e1ltat\u00e1st t\u0171zte ki c\u00e9lul a hajbe\u00fcltet\u00e9s \u00e9s a hajgy\u00f3gy\u00e1szat ter\u00fclet\u00e9n. Fontos sz\u00e1munkra, hogy mindenfajta probl\u00e9m\u00e1ra tudjunk megold\u00e1st tal\u00e1lni. 17 \u00e9v tapasztalat, maxim\u00e1lis szak\u00e9rtelem a hajbe\u00fcltet\u00e9s ter\u00fclet\u00e9n. Modern, vil\u00e1gsz\u00ednvonal\u00fa eszk\u00f6zpark \u00e9s m\u0171t\u0151. Hajhull\u00e1s teljes k\u00f6r\u0171 kezel\u00e9se innovat\u00edv technol\u00f3gi\u00e1kkal. Szolg\u00e1ltat\u00e1sainkra \u00edr\u00e1sos garanci\u00e1t v\u00e1llalunkINT\u00c9ZM\u00c9NYVEZET\u0150LADICS J\u00d3ZSEF Els\u0151dleges c\u00e9lom, hogy","protected":false},"author":1,"featured_media":0,"parent":0,"menu_order":0,"comment_status":"open","ping_status":"open","template":"","meta":{"footnotes":""},"class_list":["post-4394","page","type-page","status-publish","hentry"],"yoast_head":"<title>Inform\u00e1ci\u00f3k a Hajbe\u00fcltet\u00e9si klinik\u00e1r\u00f3l \u00e9s R\u00f3lunk - TurboHair Medical<\/title>\n<meta name=\"description\" content=\"Ismerje meg a TurboHair Medicalt c\u00e9lkit\u0171z\u00e9seit, valamint a min\u0151s\u00e9gi \u00e9s korrekt beavatkoz\u00e1st v\u00e9gz\u0151 orvosainkat.\" \/>\n<meta name=\"robots\" content=\"index, follow, max-snippet:-1, max-image-preview:large, max-video-preview:-1\" \/>\n<link rel=\"canonical\" href=\"https:\/\/turbohair.hu\/de\/uber-uns\/\" \/>\n<meta property=\"og:locale\" content=\"de_DE\" \/>\n<meta property=\"og:type\" content=\"article\" \/>\n<meta property=\"og:title\" content=\"Inform\u00e1ci\u00f3k a Hajbe\u00fcltet\u00e9si klinik\u00e1r\u00f3l \u00e9s R\u00f3lunk - TurboHair Medical\" \/>\n<meta property=\"og:description\" content=\"Ismerje meg a TurboHair Medicalt c\u00e9lkit\u0171z\u00e9seit, valamint a min\u0151s\u00e9gi \u00e9s korrekt beavatkoz\u00e1st v\u00e9gz\u0151 orvosainkat.\" \/>\n<meta property=\"og:url\" content=\"https:\/\/turbohair.hu\/de\/uber-uns\/\" \/>\n<meta property=\"og:site_name\" content=\"Hajbe\u00fcltet\u00e9s Budapesten\" \/>\n<meta property=\"article:modified_time\" content=\"2025-10-18T08:28:07+00:00\" \/>\n<meta name=\"twitter:card\" content=\"summary_large_image\" \/>\n<meta name=\"twitter:label1\" content=\"Gesch\u00e4tzte Lesezeit\" \/>\n\t<meta name=\"twitter:data1\" content=\"7\u00a0Minuten\" \/>\n<script type=\"application\/ld+json\" class=\"yoast-schema-graph\">{\"@context\":\"https:\/\/schema.org\",\"@graph\":[{\"@type\":\"WebPage\",\"@id\":\"https:\/\/turbohair.hu\/rolunk\/\",\"url\":\"https:\/\/turbohair.hu\/rolunk\/\",\"name\":\"Inform\u00e1ci\u00f3k a Hajbe\u00fcltet\u00e9si klinik\u00e1r\u00f3l \u00e9s R\u00f3lunk - TurboHair Medical\",\"isPartOf\":{\"@id\":\"https:\/\/turbohair.hu\/#website\"},\"datePublished\":\"2022-06-23T19:35:50+00:00\",\"dateModified\":\"2025-10-18T08:28:07+00:00\",\"description\":\"Ismerje meg a TurboHair Medicalt c\u00e9lkit\u0171z\u00e9seit, valamint a min\u0151s\u00e9gi \u00e9s korrekt beavatkoz\u00e1st v\u00e9gz\u0151 orvosainkat.\",\"breadcrumb\":{\"@id\":\"https:\/\/turbohair.hu\/rolunk\/#breadcrumb\"},\"inLanguage\":\"de\",\"potentialAction\":[{\"@type\":\"ReadAction\",\"target\":[\"https:\/\/turbohair.hu\/rolunk\/\"]}]},{\"@type\":\"BreadcrumbList\",\"@id\":\"https:\/\/turbohair.hu\/rolunk\/#breadcrumb\",\"itemListElement\":[{\"@type\":\"ListItem\",\"position\":1,\"name\":\"Kezd\u0151lap\",\"item\":\"https:\/\/turbohair.hu\/\"},{\"@type\":\"ListItem\",\"position\":2,\"name\":\"R\u00f3lunk\"}]},{\"@type\":\"WebSite\",\"@id\":\"https:\/\/turbohair.hu\/#website\",\"url\":\"https:\/\/turbohair.hu\/\",\"name\":\"Hajbe\u00fcltet\u00e9s Budapesten\",\"description\":\"Hajbe\u00fcltet\u00e9s Budapesten - Turbohair\",\"potentialAction\":[{\"@type\":\"SearchAction\",\"target\":{\"@type\":\"EntryPoint\",\"urlTemplate\":\"https:\/\/turbohair.hu\/?s={search_term_string}\"},\"query-input\":{\"@type\":\"PropertyValueSpecification\",\"valueRequired\":true,\"valueName\":\"search_term_string\"}}],\"inLanguage\":\"de\"}]}<\/script>","yoast_head_json":{"title":"Informationen zur Haartransplantationsklinik und \u00fcber uns - TurboHair Medical","description":"Lernen Sie die Ziele von TurboHair Medicalt und unsere \u00c4rzte kennen, die qualitativ hochwertige und korrekte Eingriffe durchf\u00fchren.","robots":{"index":"index","follow":"follow","max-snippet":"max-snippet:-1","max-image-preview":"max-image-preview:large","max-video-preview":"max-video-preview:-1"},"canonical":"https:\/\/turbohair.hu\/de\/uber-uns\/","og_locale":"de_DE","og_type":"article","og_title":"Inform\u00e1ci\u00f3k a Hajbe\u00fcltet\u00e9si klinik\u00e1r\u00f3l \u00e9s R\u00f3lunk - TurboHair Medical","og_description":"Ismerje meg a TurboHair Medicalt c\u00e9lkit\u0171z\u00e9seit, valamint a min\u0151s\u00e9gi \u00e9s korrekt beavatkoz\u00e1st v\u00e9gz\u0151 orvosainkat.","og_url":"https:\/\/turbohair.hu\/de\/uber-uns\/","og_site_name":"Hajbe\u00fcltet\u00e9s Budapesten","article_modified_time":"2025-10-18T08:28:07+00:00","twitter_card":"summary_large_image","twitter_misc":{"Gesch\u00e4tzte Lesezeit":"7\u00a0Minuten"},"schema":{"@context":"https:\/\/schema.org","@graph":[{"@type":"WebPage","@id":"https:\/\/turbohair.hu\/rolunk\/","url":"https:\/\/turbohair.hu\/rolunk\/","name":"Informationen zur Haartransplantationsklinik und \u00fcber uns - TurboHair Medical","isPartOf":{"@id":"https:\/\/turbohair.hu\/#website"},"datePublished":"2022-06-23T19:35:50+00:00","dateModified":"2025-10-18T08:28:07+00:00","description":"Lernen Sie die Ziele von TurboHair Medicalt und unsere \u00c4rzte kennen, die qualitativ hochwertige und korrekte Eingriffe durchf\u00fchren.","breadcrumb":{"@id":"https:\/\/turbohair.hu\/rolunk\/#breadcrumb"},"inLanguage":"de","potentialAction":[{"@type":"ReadAction","target":["https:\/\/turbohair.hu\/rolunk\/"]}]},{"@type":"BreadcrumbList","@id":"https:\/\/turbohair.hu\/rolunk\/#breadcrumb","itemListElement":[{"@type":"ListItem","position":1,"name":"Kezd\u0151lap","item":"https:\/\/turbohair.hu\/"},{"@type":"ListItem","position":2,"name":"R\u00f3lunk"}]},{"@type":"WebSite","@id":"https:\/\/turbohair.hu\/#website","url":"https:\/\/turbohair.hu\/","name":"Haartransplantation in Budapest","description":"Hajbe\u00fcltet\u00e9s Budapesten - Turbohair","potentialAction":[{"@type":"SearchAction","target":{"@type":"EntryPoint","urlTemplate":"https:\/\/turbohair.hu\/?s={search_term_string}"},"query-input":{"@type":"PropertyValueSpecification","valueRequired":true,"valueName":"search_term_string"}}],"inLanguage":"de"}]}},"_links":{"self":[{"href":"https:\/\/turbohair.hu\/de\/wp-json\/wp\/v2\/pages\/4394","targetHints":{"allow":["GET"]}}],"collection":[{"href":"https:\/\/turbohair.hu\/de\/wp-json\/wp\/v2\/pages"}],"about":[{"href":"https:\/\/turbohair.hu\/de\/wp-json\/wp\/v2\/types\/page"}],"author":[{"embeddable":true,"href":"https:\/\/turbohair.hu\/de\/wp-json\/wp\/v2\/users\/1"}],"replies":[{"embeddable":true,"href":"https:\/\/turbohair.hu\/de\/wp-json\/wp\/v2\/comments?post=4394"}],"version-history":[{"count":76,"href":"https:\/\/turbohair.hu\/de\/wp-json\/wp\/v2\/pages\/4394\/revisions"}],"predecessor-version":[{"id":7074,"href":"https:\/\/turbohair.hu\/de\/wp-json\/wp\/v2\/pages\/4394\/revisions\/7074"}],"wp:attachment":[{"href":"https:\/\/turbohair.hu\/de\/wp-json\/wp\/v2\/media?parent=4394"}],"curies":[{"name":"wp","href":"https:\/\/api.w.org\/{rel}","templated":true}]}}