{"id":6788,"date":"2025-01-17T12:07:57","date_gmt":"2025-01-17T12:07:57","guid":{"rendered":"https:\/\/turbohair.hu\/?page_id=6788"},"modified":"2025-02-17T20:05:14","modified_gmt":"2025-02-17T20:05:14","slug":"hajbeultetes-pecs","status":"publish","type":"page","link":"https:\/\/turbohair.hu\/de\/hajbeultetes-pecs\/","title":{"rendered":"Hajbe\u00fcltet\u00e9s P\u00e9cs"},"content":{"rendered":"<div class=\"vc_row wpb_row vc_row-fluid vc_custom_1739819855256 vc_row-has-fill page-margin-top-section\"><div class=\"wpb_column vc_column_container vc_col-sm-4 vc_col-has-fill vc_custom_1736426736481\"><div class=\"wpb_wrapper\"><div class=\"vc_row wpb_row vc_inner vc_row-fluid\"><div class=\"wpb_column vc_column_container vc_col-sm-12\"><div class=\"vc_column-inner\"><div class=\"wpb_wrapper\">\n\t<div  class=\"wpb_single_image wpb_content_element vc_align_left\">\n\t\t\n\t\t<figure class=\"wpb_wrapper vc_figure\">\n\t\t\t<div class=\"vc_single_image-wrapper   vc_box_border_grey\"><img loading=\"lazy\" decoding=\"async\" width=\"600\" height=\"802\" src=\"https:\/\/turbohair.hu\/wp-content\/uploads\/hajgyogyasz-orvos.webp\" class=\"vc_single_image-img attachment-large\" alt=\"hajgy\u00f3gy\u00e1sz\" title=\"hajgyogyasz-orvos\" srcset=\"https:\/\/turbohair.hu\/wp-content\/uploads\/hajgyogyasz-orvos.webp 600w, https:\/\/turbohair.hu\/wp-content\/uploads\/hajgyogyasz-orvos-224x300.webp 224w\" sizes=\"auto, (max-width: 600px) 100vw, 600px\" \/><\/div>\n\t\t<\/figure>\n\t<\/div>\n<\/div><\/div><\/div><\/div><\/div><\/div><div class=\"wpb_column vc_column_container vc_col-sm-8\"><div class=\"wpb_wrapper\"><h1 class=\"box-header\">Hajbe\u00fcltet\u00e9s P\u00e9cs: A legjobb megold\u00e1s a hajhull\u00e1sra, hajbe\u00fcltet\u00e9s P\u00e9csett, hajbe\u00fcltet\u00e9s Baranya v\u00e1rmegy\u00e9b\u0151l is k\u00f6nnyen el\u00e9rhet\u0151<\/h1>\n\t<div class=\"wpb_text_column wpb_content_element  large margin-top-20\" >\n\t\t<div class=\"wpb_wrapper\">\n\t\t\t<p style=\"text-align: justify;\">A <strong>TurboHair Medical<\/strong> professzion\u00e1lis hajbe\u00fcltet\u00e9se ma m\u00e1r k\u00f6nnyen el\u00e9rhet\u0151 <strong>P\u00e9csr\u0151l is. <\/strong><\/p>\n<p style=\"text-align: justify;\">A hajbe\u00fcltet\u00e9s <strong>P\u00e9csett<\/strong> is egyre n\u00e9pszer\u0171bb elj\u00e1r\u00e1s, amely sokak sz\u00e1m\u00e1ra ny\u00fajt v\u00e9gleges megold\u00e1st a kopaszod\u00e1sra, hajveszt\u00e9sre, illetve a hajritkul\u00e1sra. <strong>Hajbe\u00fcltet\u00e9s P\u00e9cs: <\/strong><strong>Baranya v\u00e1rmegy\u00e9ben<\/strong> is egyre t\u00f6bben fordulnak szakemberhez, hogy visszanyerj\u00e9k hajkoron\u00e1jukat \u00e9s \u00f6nbizalmukat. De mi\u00e9rt is \u00e9rdemes fontol\u00f3ra venni ezt az elj\u00e1r\u00e1st? Hogyan seg\u00edthet a hajbe\u00fcltet\u00e9s azoknak, akik kopaszod\u00e1ssal k\u00fczdenek <strong>P\u00e9csett<\/strong>?<\/p>\n<p style=\"text-align: justify;\"><strong>P\u00e9cs<\/strong>\u00a0egy dinamikusan fejl\u0151d\u0151 v\u00e1ros, ahol az emberek fontosnak tartj\u00e1k a megjelen\u00e9s\u00fcket. A hajhull\u00e1s \u00e9s a ritkul\u00f3 haj nemcsak eszt\u00e9tikai probl\u00e9ma, hanem a magabiztoss\u00e1got is negat\u00edvan befoly\u00e1solhatja.<\/p>\n<p><strong>Mi\u00e9rt v\u00e1lassza a hajbe\u00fcltet\u00e9st Baranya v\u00e1rmegy\u00e9b\u0151l?<\/strong><\/p>\n<p style=\"text-align: justify;\">Baranya v\u00e1rmegye lakosai sz\u00e1m\u00e1ra is a hajbe\u00fcltet\u00e9s egy olyan lehet\u0151s\u00e9get k\u00edn\u00e1l, amely tart\u00f3s \u00e9s term\u00e9szetes megold\u00e1st ny\u00fajt a hajhull\u00e1s probl\u00e9m\u00e1j\u00e1ra. Az elj\u00e1r\u00e1s sor\u00e1n saj\u00e1t hajsz\u00e1lakat \u00fcltetik \u00e1t a kopaszod\u00f3 ter\u00fcletekre, \u00edgy az eredm\u00e9ny nemcsak eszt\u00e9tikailag kiel\u00e9g\u00edt\u0151, hanem egyben term\u00e9szetes hat\u00e1s\u00fa is.<\/p>\n\n\t\t<\/div>\n\t<\/div>\n<div class=\"vc_btn3-container vc_btn3-center vc_custom_1739821368578\" ><a onmouseleave=\"this.style.borderColor='#00b7bd'; this.style.backgroundColor='transparent'; this.style.color='#00b7bd'\" onmouseenter=\"this.style.borderColor='#00b7bd'; this.style.backgroundColor='#00b7bd'; this.style.color='#ffffff';\" style=\"border-color:#00b7bd; color:#00b7bd;\" class=\"vc_general vc_btn3 vc_btn3-size-md vc_btn3-shape-square vc_btn3-style-outline-custom\" href=\"https:\/\/turbohair.hu\/de\/kontakt\/\" title=\"Kontakt\">ID\u0150PONTOT FOGLALOK<\/a><\/div><\/div><\/div><\/div><section class=\"vc_section vc_custom_1739820141200 vc_section-has-fill\"><div class=\"vc_row wpb_row vc_row-fluid\"><div class=\"wpb_column vc_column_container vc_col-sm-12\"><div class=\"wpb_wrapper\">\n\t<div class=\"wpb_text_column wpb_content_element  large margin-top-20\" >\n\t\t<div class=\"wpb_wrapper\">\n\t\t\t<h2 style=\"text-align: center;\">Mi\u00e9rt v\u00e1lassza a hajbe\u00fcltet\u00e9st P\u00e9csett?<\/h2>\n<p style=\"text-align: justify;\"><strong>P\u00e9csett <\/strong>\u00e9lve lehet\u0151s\u00e9ge van arra, hogy helyi szakemberekkel egy\u00fctt tal\u00e1ljanak megold\u00e1st az \u00d6n sz\u00e1m\u00e1ra, akik a legmodernebb hajbe\u00fcltet\u00e9si technik\u00e1kat alkalmazz\u00e1k a hajhull\u00e1s kezel\u00e9s\u00e9re:<\/p>\n\n\t\t<\/div>\n\t<\/div>\n<ul class=\"simple-list clearfix\"><li class=\"template-tick-2 clearfix\">\n\t\t\t<span>Helyi szak\u00e9rtelem: A <strong>p\u00e9csi hajbe\u00fcltet\u00e9si<\/strong> szakemberek t\u00f6bb \u00e9ves tapasztalattal rendelkeznek, \u00e9s szem\u00e9lyre szabott megold\u00e1sokat k\u00edn\u00e1lnak \u00d6nnek.<\/span><\/li><li class=\"template-tick-2 clearfix\">\n\t\t\t<span>Modern technol\u00f3gia: A leg\u00fajabb hajbe\u00fcltet\u00e9si technik\u00e1k, mint a FUE (Follicular Unit Extraction) \u00e9s a DHI (Direct Hair Implantation), illetve a Pr\u00e9mium FUE hajbe\u00fcltet\u00e9s mind garant\u00e1lj\u00e1k a term\u00e9szetes hat\u00e1st \u00e9s a gyors fel\u00e9p\u00fcl\u00e9st \u00d6nnek is.<\/span><\/li><li class=\"template-tick-2 clearfix\">\n\t\t\t<span>Megfizethet\u0151s\u00e9g: <strong>A p\u00e9csi klinik\u00e1k<\/strong> versenyk\u00e9pes \u00e1ron k\u00edn\u00e1lnak pr\u00e9mium hajbe\u00fcltet\u00e9si szolg\u00e1ltat\u00e1sokat, hogy mindenki sz\u00e1m\u00e1ra el\u00e9rhet\u0151 legyen a haj visszanyer\u00e9se.<\/span><\/li><\/ul>\n\t<div class=\"wpb_text_column wpb_content_element  large margin-top-20\" >\n\t\t<div class=\"wpb_wrapper\">\n\t\t\t<p><strong>Tart\u00f3s megold\u00e1s a kopaszod\u00e1sra, hajbe\u00fcltet\u00e9s P\u00e9cs<\/strong><\/p>\n<p style=\"text-align: justify;\">A hajbe\u00fcltet\u00e9s eredm\u00e9nyei \u00e1ltal\u00e1ban egy \u00e9letre sz\u00f3lnak. Az \u00e1t\u00fcltetett hajsz\u00e1lak nem hullanak ki, mivel genetikailag nem hajlamosak a ritkul\u00e1sra, kopaszod\u00e1sra. Ez\u00e1ltal azok, akik ezt az elj\u00e1r\u00e1st v\u00e1lasztj\u00e1k, <a href=\"https:\/\/turbohair.hu\/de\/haartransplantation\/\">tart\u00f3s megold\u00e1st<\/a> kapnak a hajhull\u00e1s probl\u00e9m\u00e1j\u00e1ra <strong>Baranya v\u00e1rmegy\u00e9ben<\/strong> is.<\/p>\n\n\t\t<\/div>\n\t<\/div>\n<div class=\"vc_btn3-container vc_btn3-center vc_custom_1739821388147\" ><a onmouseleave=\"this.style.borderColor='#00b7bd'; this.style.backgroundColor='transparent'; this.style.color='#00b7bd'\" onmouseenter=\"this.style.borderColor='#00b7bd'; this.style.backgroundColor='#00b7bd'; this.style.color='#ffffff';\" style=\"border-color:#00b7bd; color:#00b7bd;\" class=\"vc_general vc_btn3 vc_btn3-size-md vc_btn3-shape-square vc_btn3-style-outline-custom\" href=\"https:\/\/turbohair.hu\/de\/fotos-von-haartransplantationen\/\" title=\"Vorher-Nachher\">VORHER-NACHHER-FOTOS<\/a><\/div><\/div><\/div><\/div><\/section><section class=\"vc_section vc_custom_1739821159998\"><div class=\"vc_row wpb_row vc_row-fluid vc_custom_1739820432810 vc_row-has-fill page-margin-top\"><div class=\"wpb_column vc_column_container vc_col-sm-4 vc_col-has-fill vc_custom_1736426736481\"><div class=\"wpb_wrapper\">\n\t<div  class=\"wpb_single_image wpb_content_element vc_align_left\">\n\t\t\n\t\t<figure class=\"wpb_wrapper vc_figure\">\n\t\t\t<div class=\"vc_single_image-wrapper   vc_box_border_grey\"><img loading=\"lazy\" decoding=\"async\" width=\"766\" height=\"1024\" src=\"https:\/\/turbohair.hu\/wp-content\/uploads\/hajbeultetes-klinika.webp\" class=\"vc_single_image-img attachment-large\" alt=\"Die Haartransplantation\" title=\"hajbeultetes-klinika\" srcset=\"https:\/\/turbohair.hu\/wp-content\/uploads\/hajbeultetes-klinika.webp 766w, https:\/\/turbohair.hu\/wp-content\/uploads\/hajbeultetes-klinika-224x300.webp 224w\" sizes=\"auto, (max-width: 766px) 100vw, 766px\" \/><\/div>\n\t\t<\/figure>\n\t<\/div>\n<\/div><\/div><div class=\"wpb_column vc_column_container vc_col-sm-8\"><div class=\"wpb_wrapper\">\n\t<div class=\"wpb_text_column wpb_content_element  large margin-top-20\" >\n\t\t<div class=\"wpb_wrapper\">\n\t\t\t<h2 style=\"text-align: center;\">Term\u00e9szetes hajbe\u00fcltet\u00e9si eredm\u00e9ny P\u00e9csett, d\u00fas hajkorona P\u00e9csen \u00d6nnek is j\u00e1r<\/h2>\n<p style=\"text-align: justify;\">A <strong>p\u00e9csi hajbe\u00fcltet\u00e9s<\/strong> sor\u00e1n a szakembereink \u00fcgyelnek arra, hogy term\u00e9szetes hajvonalat alak\u00edtsanak ki \u00d6nnek \u00e9s a hajsz\u00e1lak a lehet\u0151 legterm\u00e9szetesebb form\u00e1ban n\u0151jenek \u00fajra. Az \u00fajonnan n\u00f6v\u0151 (be\u00fcltetett) haj teljesen beleolvad a megl\u00e9v\u0151 hajkoron\u00e1ba, \u00edgy neh\u00e9z \u00e9szrevenni, hogy volt <strong>hajbe\u00fcltet\u00e9se P\u00e9csen<\/strong>.<\/p>\n<p><strong>\u00d6nbizalom n\u00f6vel\u00e9se<\/strong><\/p>\n<p style=\"text-align: justify;\">A hajhull\u00e1s gyakran jelent\u0151s m\u00e9rt\u00e9kben cs\u00f6kkenti az \u00f6nbizalmat. Egy sikeres <strong>p\u00e9csi hajbe\u00fcltet\u00e9si <\/strong>elj\u00e1r\u00e1s visszaadhatja az \u00f6nbizalmat, \u00e9s pozit\u00edv hat\u00e1ssal lehet az \u00e9let minden ter\u00fclet\u00e9re, legyen sz\u00f3 munk\u00e1r\u00f3l, t\u00e1rsas\u00e1gi \u00e9letr\u0151l, vagy ak\u00e1r p\u00e1rkapcsolatr\u00f3l.<\/p>\n<p><strong>Ne hagyja, hogy a hajhull\u00e1s megfossza a magabiztoss\u00e1gt\u00f3l!<\/strong><\/p>\n<p style=\"text-align: justify;\">Ha \u00d6n is szeretn\u00e9 vissza\u00e1ll\u00edtani a haja term\u00e9szetes kin\u00e9zet\u00e9t, keressen fel egy p\u00e9csi hajbe\u00fcltet\u00e9si klinik\u00e1t \u00e9s k\u00e9rjen konzult\u00e1ci\u00f3t m\u00e9g ma, vagy l\u00e1togasson el szeksz\u00e1rdi rendel\u0151nkbe, ami igaz\u00e1n k\u00f6zel van \u00d6nh\u00f6z is! A hajbe\u00fcltet\u00e9s nemcsak a haj\u00e1t, hanem az \u00f6nbizalm\u00e1t is visszaadja!<\/p>\n\n\t\t<\/div>\n\t<\/div>\n<\/div><\/div><\/div><\/section><section class=\"vc_section vc_custom_1739822199061 vc_section-has-fill\"><div class=\"vc_row wpb_row vc_row-fluid\"><div class=\"wpb_column vc_column_container vc_col-sm-12\"><div class=\"wpb_wrapper\">\n\t<div class=\"wpb_text_column wpb_content_element  large margin-top-20\" >\n\t\t<div class=\"wpb_wrapper\">\n\t\t\t<h2 style=\"text-align: center;\">Mi\u00e9rt v\u00e1lassza a TurboHair Medical-t?<\/h2>\n<p>Klinik\u00e1nk <strong>17 \u00e9ves tapasztalattal<\/strong>, modern technol\u00f3gi\u00e1val \u00e9s elk\u00f6telezett szakemberekkel biztos\u00edtja a legmagasabb szint\u0171 szolg\u00e1ltat\u00e1st. Rendel\u0151inkben k\u00e9nyelmes \u00e9s bar\u00e1ts\u00e1gos k\u00f6rnyezetben v\u00e1rjuk p\u00e1cienseinket, ahol minden sz\u00fcks\u00e9ges inform\u00e1ci\u00f3t <strong>\u0151szint\u00e9n elmondunk \u00e9s megadunk<\/strong> az elj\u00e1r\u00e1sr\u00f3l, illetve annak el\u0151nyeir\u0151l.<\/p>\n\n\t\t<\/div>\n\t<\/div>\n<ul class=\"simple-list clearfix\"><li class=\"template-tick-2 clearfix\">\n\t\t\t<span>Amennyiben \u00d6n is <strong>Baranya v\u00e1rmegy\u00e9ben<\/strong> \u00e9l vagy <strong>P\u00e9csett,<\/strong> h\u00edvja a k\u00f6zponti telefonsz\u00e1munkat \u00e9s tudjon meg mindent a hajbe\u00fcltet\u00e9sr\u0151l.<\/span><\/li><li class=\"template-tick-2 clearfix\">\n\t\t\t<span>Amennyiben hajhull\u00e1ssal k\u00fczd, ne habozzon! A hajbe\u00fcltet\u00e9s tart\u00f3s megold\u00e1st k\u00edn\u00e1l, amely visszaadja r\u00e9gi hajkoron\u00e1j\u00e1t \u00e9s \u00f6nbizalm\u00e1t.<\/span><\/li><li class=\"template-tick-2 clearfix\">\n\t\t\t<span>Amennyiben \u00d6n is Baranya v\u00e1rmegy\u00e9ben \u00e9l vagy P\u00e9csett, h\u00edvja a k\u00f6zponti telefonsz\u00e1munkat \u00e9s tudjon meg mindent a hajbe\u00fcltet\u00e9sr\u0151l.<\/span><\/li><\/ul><\/div><\/div><\/div><\/section>","protected":false},"excerpt":{"rendered":"Hajbe\u00fcltet\u00e9s P\u00e9cs: A legjobb megold\u00e1s a hajhull\u00e1sra, hajbe\u00fcltet\u00e9s P\u00e9csett, hajbe\u00fcltet\u00e9s Baranya v\u00e1rmegy\u00e9b\u0151l is k\u00f6nnyen el\u00e9rhet\u0151 A TurboHair Medical professzion\u00e1lis hajbe\u00fcltet\u00e9se ma m\u00e1r k\u00f6nnyen el\u00e9rhet\u0151 P\u00e9csr\u0151l is. A hajbe\u00fcltet\u00e9s P\u00e9csett is egyre n\u00e9pszer\u0171bb elj\u00e1r\u00e1s, amely sokak sz\u00e1m\u00e1ra ny\u00fajt v\u00e9gleges megold\u00e1st a kopaszod\u00e1sra, hajveszt\u00e9sre, illetve a hajritkul\u00e1sra. Hajbe\u00fcltet\u00e9s P\u00e9cs: Baranya v\u00e1rmegy\u00e9ben is egyre t\u00f6bben fordulnak szakemberhez, hogy","protected":false},"author":6,"featured_media":0,"parent":0,"menu_order":0,"comment_status":"closed","ping_status":"closed","template":"","meta":{"footnotes":""},"class_list":["post-6788","page","type-page","status-publish","hentry"],"yoast_head":"<title>Hajbe\u00fcltet\u00e9s P\u00e9cs v\u00e1ros\u00e1b\u00f3l is el\u00e9rhet\u0151<\/title>\n<meta name=\"description\" content=\"Hajbe\u00fcltet\u00e9s P\u00e9cs v\u00e1ros\u00e1b\u00f3l \u00e9s Baranya v\u00e1rmegy\u00e9b\u0151l m\u00e1r el\u00e9rhet\u0151. Professzion\u00e1lis szolg\u00e1ltat\u00e1s korrekt \u00e1ron. K\u00e9rjen r\u00e9szletes t\u00e1j\u00e9koztat\u00e1st!\" \/>\n<meta name=\"robots\" content=\"index, follow, max-snippet:-1, max-image-preview:large, max-video-preview:-1\" \/>\n<link rel=\"canonical\" href=\"https:\/\/turbohair.hu\/de\/hajbeultetes-pecs\/\" \/>\n<meta property=\"og:locale\" content=\"de_DE\" \/>\n<meta property=\"og:type\" content=\"article\" \/>\n<meta property=\"og:title\" content=\"Hajbe\u00fcltet\u00e9s P\u00e9cs v\u00e1ros\u00e1b\u00f3l is el\u00e9rhet\u0151\" \/>\n<meta property=\"og:description\" content=\"Hajbe\u00fcltet\u00e9s P\u00e9cs v\u00e1ros\u00e1b\u00f3l \u00e9s Baranya v\u00e1rmegy\u00e9b\u0151l m\u00e1r el\u00e9rhet\u0151. Professzion\u00e1lis szolg\u00e1ltat\u00e1s korrekt \u00e1ron. K\u00e9rjen r\u00e9szletes t\u00e1j\u00e9koztat\u00e1st!\" \/>\n<meta property=\"og:url\" content=\"https:\/\/turbohair.hu\/de\/hajbeultetes-pecs\/\" \/>\n<meta property=\"og:site_name\" content=\"Hajbe\u00fcltet\u00e9s Budapesten\" \/>\n<meta property=\"article:modified_time\" content=\"2025-02-17T20:05:14+00:00\" \/>\n<meta name=\"twitter:card\" content=\"summary_large_image\" \/>\n<meta name=\"twitter:label1\" content=\"Gesch\u00e4tzte Lesezeit\" \/>\n\t<meta name=\"twitter:data1\" content=\"4\u00a0Minuten\" \/>\n<script type=\"application\/ld+json\" class=\"yoast-schema-graph\">{\"@context\":\"https:\/\/schema.org\",\"@graph\":[{\"@type\":\"WebPage\",\"@id\":\"https:\/\/turbohair.hu\/hajbeultetes-pecs\/\",\"url\":\"https:\/\/turbohair.hu\/hajbeultetes-pecs\/\",\"name\":\"Hajbe\u00fcltet\u00e9s P\u00e9cs v\u00e1ros\u00e1b\u00f3l is el\u00e9rhet\u0151\",\"isPartOf\":{\"@id\":\"https:\/\/turbohair.hu\/#website\"},\"datePublished\":\"2025-01-17T12:07:57+00:00\",\"dateModified\":\"2025-02-17T20:05:14+00:00\",\"description\":\"Hajbe\u00fcltet\u00e9s P\u00e9cs v\u00e1ros\u00e1b\u00f3l \u00e9s Baranya v\u00e1rmegy\u00e9b\u0151l m\u00e1r el\u00e9rhet\u0151. Professzion\u00e1lis szolg\u00e1ltat\u00e1s korrekt \u00e1ron. K\u00e9rjen r\u00e9szletes t\u00e1j\u00e9koztat\u00e1st!\",\"breadcrumb\":{\"@id\":\"https:\/\/turbohair.hu\/hajbeultetes-pecs\/#breadcrumb\"},\"inLanguage\":\"de\",\"potentialAction\":[{\"@type\":\"ReadAction\",\"target\":[\"https:\/\/turbohair.hu\/hajbeultetes-pecs\/\"]}]},{\"@type\":\"BreadcrumbList\",\"@id\":\"https:\/\/turbohair.hu\/hajbeultetes-pecs\/#breadcrumb\",\"itemListElement\":[{\"@type\":\"ListItem\",\"position\":1,\"name\":\"Kezd\u0151lap\",\"item\":\"https:\/\/turbohair.hu\/\"},{\"@type\":\"ListItem\",\"position\":2,\"name\":\"Hajbe\u00fcltet\u00e9s P\u00e9cs\"}]},{\"@type\":\"WebSite\",\"@id\":\"https:\/\/turbohair.hu\/#website\",\"url\":\"https:\/\/turbohair.hu\/\",\"name\":\"Hajbe\u00fcltet\u00e9s Budapesten\",\"description\":\"Hajbe\u00fcltet\u00e9s Budapesten - Turbohair\",\"potentialAction\":[{\"@type\":\"SearchAction\",\"target\":{\"@type\":\"EntryPoint\",\"urlTemplate\":\"https:\/\/turbohair.hu\/?s={search_term_string}\"},\"query-input\":{\"@type\":\"PropertyValueSpecification\",\"valueRequired\":true,\"valueName\":\"search_term_string\"}}],\"inLanguage\":\"de\"}]}<\/script>","yoast_head_json":{"title":"Hajbe\u00fcltet\u00e9s P\u00e9cs v\u00e1ros\u00e1b\u00f3l is el\u00e9rhet\u0151","description":"Hajbe\u00fcltet\u00e9s P\u00e9cs v\u00e1ros\u00e1b\u00f3l \u00e9s Baranya v\u00e1rmegy\u00e9b\u0151l m\u00e1r el\u00e9rhet\u0151. Professzion\u00e1lis szolg\u00e1ltat\u00e1s korrekt \u00e1ron. K\u00e9rjen r\u00e9szletes t\u00e1j\u00e9koztat\u00e1st!","robots":{"index":"index","follow":"follow","max-snippet":"max-snippet:-1","max-image-preview":"max-image-preview:large","max-video-preview":"max-video-preview:-1"},"canonical":"https:\/\/turbohair.hu\/de\/hajbeultetes-pecs\/","og_locale":"de_DE","og_type":"article","og_title":"Hajbe\u00fcltet\u00e9s P\u00e9cs v\u00e1ros\u00e1b\u00f3l is el\u00e9rhet\u0151","og_description":"Hajbe\u00fcltet\u00e9s P\u00e9cs v\u00e1ros\u00e1b\u00f3l \u00e9s Baranya v\u00e1rmegy\u00e9b\u0151l m\u00e1r el\u00e9rhet\u0151. Professzion\u00e1lis szolg\u00e1ltat\u00e1s korrekt \u00e1ron. K\u00e9rjen r\u00e9szletes t\u00e1j\u00e9koztat\u00e1st!","og_url":"https:\/\/turbohair.hu\/de\/hajbeultetes-pecs\/","og_site_name":"Hajbe\u00fcltet\u00e9s Budapesten","article_modified_time":"2025-02-17T20:05:14+00:00","twitter_card":"summary_large_image","twitter_misc":{"Gesch\u00e4tzte Lesezeit":"4\u00a0Minuten"},"schema":{"@context":"https:\/\/schema.org","@graph":[{"@type":"WebPage","@id":"https:\/\/turbohair.hu\/hajbeultetes-pecs\/","url":"https:\/\/turbohair.hu\/hajbeultetes-pecs\/","name":"Hajbe\u00fcltet\u00e9s P\u00e9cs v\u00e1ros\u00e1b\u00f3l is el\u00e9rhet\u0151","isPartOf":{"@id":"https:\/\/turbohair.hu\/#website"},"datePublished":"2025-01-17T12:07:57+00:00","dateModified":"2025-02-17T20:05:14+00:00","description":"Hajbe\u00fcltet\u00e9s P\u00e9cs v\u00e1ros\u00e1b\u00f3l \u00e9s Baranya v\u00e1rmegy\u00e9b\u0151l m\u00e1r el\u00e9rhet\u0151. Professzion\u00e1lis szolg\u00e1ltat\u00e1s korrekt \u00e1ron. K\u00e9rjen r\u00e9szletes t\u00e1j\u00e9koztat\u00e1st!","breadcrumb":{"@id":"https:\/\/turbohair.hu\/hajbeultetes-pecs\/#breadcrumb"},"inLanguage":"de","potentialAction":[{"@type":"ReadAction","target":["https:\/\/turbohair.hu\/hajbeultetes-pecs\/"]}]},{"@type":"BreadcrumbList","@id":"https:\/\/turbohair.hu\/hajbeultetes-pecs\/#breadcrumb","itemListElement":[{"@type":"ListItem","position":1,"name":"Kezd\u0151lap","item":"https:\/\/turbohair.hu\/"},{"@type":"ListItem","position":2,"name":"Hajbe\u00fcltet\u00e9s P\u00e9cs"}]},{"@type":"WebSite","@id":"https:\/\/turbohair.hu\/#website","url":"https:\/\/turbohair.hu\/","name":"Haartransplantation in Budapest","description":"Hajbe\u00fcltet\u00e9s Budapesten - Turbohair","potentialAction":[{"@type":"SearchAction","target":{"@type":"EntryPoint","urlTemplate":"https:\/\/turbohair.hu\/?s={search_term_string}"},"query-input":{"@type":"PropertyValueSpecification","valueRequired":true,"valueName":"search_term_string"}}],"inLanguage":"de"}]}},"_links":{"self":[{"href":"https:\/\/turbohair.hu\/de\/wp-json\/wp\/v2\/pages\/6788","targetHints":{"allow":["GET"]}}],"collection":[{"href":"https:\/\/turbohair.hu\/de\/wp-json\/wp\/v2\/pages"}],"about":[{"href":"https:\/\/turbohair.hu\/de\/wp-json\/wp\/v2\/types\/page"}],"author":[{"embeddable":true,"href":"https:\/\/turbohair.hu\/de\/wp-json\/wp\/v2\/users\/6"}],"replies":[{"embeddable":true,"href":"https:\/\/turbohair.hu\/de\/wp-json\/wp\/v2\/comments?post=6788"}],"version-history":[{"count":9,"href":"https:\/\/turbohair.hu\/de\/wp-json\/wp\/v2\/pages\/6788\/revisions"}],"predecessor-version":[{"id":6852,"href":"https:\/\/turbohair.hu\/de\/wp-json\/wp\/v2\/pages\/6788\/revisions\/6852"}],"wp:attachment":[{"href":"https:\/\/turbohair.hu\/de\/wp-json\/wp\/v2\/media?parent=6788"}],"curies":[{"name":"wp","href":"https:\/\/api.w.org\/{rel}","templated":true}]}}