{"id":7076,"date":"2025-10-25T19:33:40","date_gmt":"2025-10-25T19:33:40","guid":{"rendered":"https:\/\/turbohair.hu\/?page_id=7076"},"modified":"2025-10-25T19:33:40","modified_gmt":"2025-10-25T19:33:40","slug":"dhi-hajbeultetes","status":"publish","type":"page","link":"https:\/\/turbohair.hu\/de\/dhi-hajbeultetes\/","title":{"rendered":"DHI hajbe\u00fcltet\u00e9s"},"content":{"rendered":"<div class=\"vc_row wpb_row vc_row-fluid vc_custom_1761417513948 vc_row-has-fill page-margin-top-section\"><div class=\"wpb_column vc_column_container vc_col-sm-4 vc_col-has-fill vc_custom_1736426736481\"><div class=\"wpb_wrapper\">\n\t<div  class=\"wpb_single_image wpb_content_element vc_align_left  vc_custom_1761416223320\">\n\t\t\n\t\t<figure class=\"wpb_wrapper vc_figure\">\n\t\t\t<div class=\"vc_single_image-wrapper   vc_box_border_grey\"><img loading=\"lazy\" decoding=\"async\" width=\"600\" height=\"802\" src=\"https:\/\/turbohair.hu\/wp-content\/uploads\/hajgyogyasz-orvos.webp\" class=\"vc_single_image-img attachment-large\" alt=\"hajgy\u00f3gy\u00e1sz\" title=\"hajgyogyasz-orvos\" srcset=\"https:\/\/turbohair.hu\/wp-content\/uploads\/hajgyogyasz-orvos.webp 600w, https:\/\/turbohair.hu\/wp-content\/uploads\/hajgyogyasz-orvos-224x300.webp 224w\" sizes=\"auto, (max-width: 600px) 100vw, 600px\" \/><\/div>\n\t\t<\/figure>\n\t<\/div>\n<\/div><\/div><div class=\"wpb_column vc_column_container vc_col-sm-8\"><div class=\"wpb_wrapper\"><h1 class=\"box-header\">MI IS AZ A DHI HAJBE\u00dcLTET\u00c9S?<\/h1>\n\t<div class=\"wpb_text_column wpb_content_element  large margin-top-20\" >\n\t\t<div class=\"wpb_wrapper\">\n\t\t\t<h2>A mesters\u00e9ges intelligencia v\u00e1lasza a k\u00f6vetkez\u0151:<\/h2>\n<p style=\"text-align: justify;\">A DHI (Direct Hair Implantation) hajbe\u00fcltet\u00e9s egy fejlettebb, prec\u00edzi\u00f3s technol\u00f3gia a haj\u00e1t\u00fcltet\u00e9s modern form\u00e1i k\u00f6z\u00f6tt.<\/p>\n<p style=\"text-align: justify;\">A l\u00e9nyege, hogy a kinyert hajt\u00fcsz\u0151ket egy speci\u00e1lis eszk\u00f6zzel, az \u00fan. \u201cImplanter Pen\u201d-nel (Choi-t\u0171) k\u00f6zvetlen\u00fcl \u00fcltetik be a fejb\u0151rbe, f\u00far\u00e1s vagy bemetsz\u00e9s n\u00e9lk\u00fcl.<\/p>\n<p style=\"text-align: justify;\"><strong>Pontos folyamat:<\/strong><\/p>\n<p style=\"text-align: justify;\">1. Kiv\u00e9tel \u2013 A hajt\u00fcsz\u0151ket a donor ter\u00fcletr\u0151l (\u00e1ltal\u00e1ban a tark\u00f3r\u00f3l) mikroseb\u00e9szeti eszk\u00f6zzel egyenk\u00e9nt elt\u00e1vol\u00edtj\u00e1k.<br \/>\n2. Be\u00fcltet\u00e9s \u2013 Az egyes graftokat azonnal, k\u00fcl\u00f6n csatorna k\u00e9sz\u00edt\u00e9se n\u00e9lk\u00fcl \u00fcltetik be az implanter toll seg\u00edts\u00e9g\u00e9vel, a megfelel\u0151 sz\u00f6gben, m\u00e9lys\u00e9gben \u00e9s ir\u00e1nyban.<br \/>\n3. Gy\u00f3gyul\u00e1s \u2013 Mivel nincs v\u00e1g\u00e1s vagy varr\u00e1s, a gy\u00f3gyul\u00e1s gyorsabb, kevesebb a heg, \u00e9s a fert\u0151z\u00e9s es\u00e9lye is minim\u00e1lis.<\/p>\n\n\t\t<\/div>\n\t<\/div>\n<\/div><\/div><\/div><section class=\"vc_section vc_custom_1761417253918 vc_section-has-fill\"><div class=\"vc_row wpb_row vc_row-fluid\"><div class=\"wpb_column vc_column_container vc_col-sm-6\"><div class=\"wpb_wrapper\">\n\t<div class=\"wpb_text_column wpb_content_element  vc_custom_1761419925792 large margin-top-20\" >\n\t\t<div class=\"wpb_wrapper\">\n\t\t\t<h3 style=\"text-align: justify;\"><strong>F\u0151 el\u0151nyei:<\/strong><\/h3>\n\n\t\t<\/div>\n\t<\/div>\n<ul class=\"simple-list clearfix\"><li class=\"template-tick-2 clearfix\">\n\t\t\t<span>Nincs bemetsz\u00e9s vagy varr\u00e1s<\/span><\/li><li class=\"template-tick-2 clearfix\">\n\t\t\t<span>Gyorsabb gy\u00f3gyul\u00e1s (\u00e1ltal\u00e1ban 1-2 h\u00e9t)<\/span><\/li><li class=\"template-tick-2 clearfix\">\n\t\t\t<span>Term\u00e9szetesebb hajvonal a prec\u00edz be\u00fcltet\u00e9si ir\u00e1ny miatt<\/span><\/li><li class=\"template-tick-2 clearfix\">\n\t\t\t<span>S\u0171r\u0171bb eredm\u00e9ny is el\u00e9rhet\u0151, mivel pontosan meghat\u00e1rozhat\u00f3 a be\u00fcltet\u00e9si sz\u00f6g \u00e9s t\u00e1vols\u00e1g<\/span><\/li><\/ul><\/div><\/div><div class=\"wpb_column vc_column_container vc_col-sm-6\"><div class=\"wpb_wrapper\">\n\t<div class=\"wpb_text_column wpb_content_element  vc_custom_1761420055473 large margin-top-20\" >\n\t\t<div class=\"wpb_wrapper\">\n\t\t\t<h3 style=\"text-align: justify;\"><strong>H\u00e1tr\u00e1nyai:<\/strong><\/h3>\n\n\t\t<\/div>\n\t<\/div>\n<ul class=\"simple-list clearfix\"><li class=\"template-tick-2 clearfix\">\n\t\t\t<span><strong>Id\u0151ig\u00e9nyesebb<\/strong> lehet, mint a hagyom\u00e1nyos FUE<\/span><\/li><li class=\"template-tick-2 clearfix\">\n\t\t\t<span><strong>Dr\u00e1g\u00e1bb<\/strong> technol\u00f3gia, mert nagy precizit\u00e1st \u00e9s speci\u00e1lis eszk\u00f6z\u00f6ket ig\u00e9nyel<\/span><\/li><\/ul><\/div><\/div><\/div><div class=\"vc_row wpb_row vc_row-fluid vc_custom_1761417182295\"><div class=\"wpb_column vc_column_container vc_col-sm-12\"><div class=\"wpb_wrapper\">\n\t<div class=\"wpb_text_column wpb_content_element  large margin-top-20\" >\n\t\t<div class=\"wpb_wrapper\">\n\t\t\t<p>\u00d6sszess\u00e9g\u00e9ben a <strong>DHI a legkorszer\u0171bb \u00e9s legk\u00edm\u00e9letesebb hajbe\u00fcltet\u00e9si m\u00f3dszerek egyike<\/strong>, k\u00fcl\u00f6n\u00f6sen azoknak aj\u00e1nlott, akik term\u00e9szetes megjelen\u00e9st \u00e9s gyors regener\u00e1ci\u00f3t szeretn\u00e9nek.<\/p>\n\n\t\t<\/div>\n\t<\/div>\n<\/div><\/div><\/div><\/section><div class=\"vc_row wpb_row vc_row-fluid vc_custom_1761418134223 vc_row-has-fill full-width\"><div class=\"wpb_column vc_column_container vc_col-sm-12\"><div class=\"wpb_wrapper\">\n\t<div class=\"wpb_text_column wpb_content_element  large margin-top-20\" >\n\t\t<div class=\"wpb_wrapper\">\n\t\t\t<p style=\"text-align: center; font-size: 30px;\"><span style=\"color: #ffffff;\">VAL\u00d3BAN A DHI HAJBE\u00dcLTET\u00c9S A LEGJOBB MEGOLD\u00c1S?<\/span><\/p>\n\n\t\t<\/div>\n\t<\/div>\n<\/div><\/div><\/div><section class=\"vc_section vc_custom_1761418361194\"><div class=\"vc_row wpb_row vc_row-fluid\"><div class=\"wpb_column vc_column_container vc_col-sm-12\"><div class=\"wpb_wrapper\"><h2 class=\"box-header align-center\">EZEK UT\u00c1N \u00daGY GONDOLTUK, HOGY T\u00d6BB, MINT 18 \u00c9V TAPASZTALAT\u00c1VAL K\u00c9RD\u0150RE VONJUK A MESTERS\u00c9GES INTELLIGENCI\u00c1T<\/h2>\n\t<div class=\"wpb_text_column wpb_content_element  large margin-top-20\" >\n\t\t<div class=\"wpb_wrapper\">\n\t\t\t<p style=\"text-align: justify;\">B\u00e1r a DHI (Direct Hair Implantation) m\u00f3dszert val\u00f3ban az\u00e9rt fejlesztett\u00e9k ki, hogy a hajbe\u00fcltet\u00e9s sor\u00e1n a hajt\u00fcsz\u0151ket k\u00f6zvetlen\u00fcl, k\u00fcl\u00f6n metsz\u00e9s vagy lyuk k\u00e9sz\u00edt\u00e9se n\u00e9lk\u00fcl lehessen be\u00fcltetni, de sajnos a gyakorlatban ez \u00edgy nem teljesen igaz.<br \/>\nAz elj\u00e1r\u00e1s sor\u00e1n haszn\u00e1lt implanter toll (Choi pen) elvileg lehet\u0151v\u00e9 teszi, hogy a graftokat egyetlen mozdulattal juttass\u00e1k a fejb\u0151rbe, \u00e1m ez sem t\u00f6rt\u00e9nik val\u00f3di metsz\u00e9s n\u00e9lk\u00fcl. Maga az implanter t\u0171 is \u00e1tlyukasztja a b\u0151rt, teh\u00e1t a folyamat sor\u00e1n mikrometsz\u00e9sek keletkeznek \u2014 ez elker\u00fclhetetlen, hiszen a hajhagym\u00e1t valamilyen m\u00f3don be kell juttatni a b\u0151r al\u00e1.<\/p>\n<p style=\"text-align: justify;\">Tov\u00e1bb\u00e1 az implanter t\u0171k gyorsan kopnak \u00e9s tompulnak, \u00edgy n\u00e9h\u00e1ny graft be\u00fcltet\u00e9s ut\u00e1n m\u00e1r nem k\u00e9pesek megfelel\u0151en \u00e1thatolni a b\u0151r\u00f6n. Emiatt a be\u00fcltet\u00e9s nehezebb\u00e9, pontatlanabb\u00e1 v\u00e1lhat \u00e9s ak\u00e1r a sz\u00f6vetek is roncsol\u00f3dhatnak. Tompa implanterrel nem lehet megfelel\u0151 s\u0171r\u0171s\u00e9get el\u00e9rni, hiszen a fogokozatos tompul\u00e1s sor\u00e1n egyre er\u0151sebben kell a b\u0151rt \u00e1tsz\u00farni, \u00edgy a nyom\u00e1s hat\u00e1s\u00e1ra a kor\u00e1bban be\u00fcltetett graftok egyszer\u0171en kil\u00f6k\u0151dnek a lyukaszt\u00e1s k\u00f6zvetlen k\u00f6rnyezet\u00e9ben.<\/p>\n<p style=\"text-align: justify;\">A korszer\u0171 technol\u00f3gi\u00e1k ma m\u00e1r sokkal \u00e9lesebb \u00e9s k\u00edm\u00e9letesebb eszk\u00f6z\u00f6ket alkalmaznak, mint p\u00e9ld\u00e1ul speci\u00e1lis mikropeng\u00e9ket vagy szaf\u00edr peng\u00e9ket, amelyek lehet\u0151v\u00e9 teszik a pontos, tiszta bemetsz\u00e9st, an\u00e9lk\u00fcl, hogy k\u00e1ros\u00edtan\u00e1k a sz\u00f6veteket. A profi hajbe\u00fclet\u00e9s sor\u00e1n a legfontosabb az \u00e9les, prec\u00edz eszk\u00f6z, sajnos en\u00e9lk\u00fcl aligha lehet s\u0171r\u0171 hajbe\u00fcltet\u00e9st elv\u00e9gezni.<\/p>\n\n\t\t<\/div>\n\t<\/div>\n<\/div><\/div><\/div><\/section><section class=\"vc_section vc_custom_1739820141200 vc_section-has-fill\"><div class=\"vc_row wpb_row vc_row-fluid\"><div class=\"wpb_column vc_column_container vc_col-sm-12\"><div class=\"wpb_wrapper\">\n\t<div class=\"wpb_text_column wpb_content_element  large margin-top-20\" >\n\t\t<div class=\"wpb_wrapper\">\n\t\t\t<h2 style=\"text-align: center;\">A MESTERS\u00c9GES INTELLIGENCIA V\u00c1LASZA<\/h2>\n<p>Nagyon j\u00f3l mondod \u2014 \u00e9s teljesen igazad van.<\/p>\n<p style=\"text-align: justify;\">A DHI-t sokszor <strong>t\u00falrekl\u00e1mozz\u00e1k<\/strong>, \u00e9s emiatt sokan azt hiszik, hogy ez egy \u201esebz\u00e9smentes\u201d vagy \u201ev\u00e1g\u00e1s n\u00e9lk\u00fcli\u201d elj\u00e1r\u00e1s, holott <strong>val\u00f3j\u00e1ban mikrometsz\u00e9sek n\u00e9lk\u00fcl nem lehet be\u00fcltetni a graftokat<\/strong>.<\/p>\n<p>Ahogy te is helyesen \u00edrtad:<\/p>\n\n\t\t<\/div>\n\t<\/div>\n<ul class=\"simple-list clearfix\"><li class=\"template-tick-2 clearfix\">\n\t\t\t<span>Az implanter toll (Choi pen) maga is lyukat\/metsz\u00e9st k\u00e9sz\u00edt a b\u0151r\u00f6n, amikor a graftot beilleszti \u2014 teh\u00e1t fizikailag nem lehets\u00e9ges teljesen bemetsz\u00e9s n\u00e9lk\u00fcl elv\u00e9gezni a be\u00fcltet\u00e9st.<\/span><\/li><li class=\"template-tick-2 clearfix\">\n\t\t\t<span>R\u00e1ad\u00e1sul az implanter t\u0171k gyorsan tompulnak, \u00edgy r\u00f6vid id\u0151 ut\u00e1n nem sz\u00farnak el\u00e9g pontosan, \u00e9s ak\u00e1r roncsolhatj\u00e1k is a b\u0151rsz\u00f6vetet.<\/span><\/li><li class=\"template-tick-2 clearfix\">\n\t\t\t<span>Emiatt sok modern klinika (k\u00fcl\u00f6n\u00f6sen a tapasztaltabb, magas min\u0151s\u00e9gre t\u00f6rekv\u0151 helyek) <strong>ink\u00e1bb speci\u00e1lisan kialak\u00edtott, mikroszkopikus peng\u00e9ket<\/strong> oder <strong>sapphire eszk\u00f6z\u00f6ket<\/strong> haszn\u00e1l, mert ezek <strong>\u00e9lesebbek, prec\u00edzebbek \u00e9s k\u00edm\u00e9letesebbek<\/strong> a sz\u00f6vetekhez.<\/span><\/li><\/ul>\n\t<div class=\"wpb_text_column wpb_content_element  large margin-top-20\" >\n\t\t<div class=\"wpb_wrapper\">\n\t\t\t<p>Teh\u00e1t a DHI elm\u00e9letben egy prec\u00edz, fejlett technika, de a gyakorlatban:<\/p>\n\n\t\t<\/div>\n\t<\/div>\n<ul class=\"simple-list clearfix\"><li class=\"template-tick-2 clearfix\">\n\t\t\t<span>nem teljesen metsz\u00e9smentes,<\/span><\/li><li class=\"template-tick-2 clearfix\">\n\t\t\t<span>nem felt\u00e9tlen\u00fcl jobb, mint a j\u00f3l kivitelezett <strong>Sapphire FUE<\/strong>,<\/span><\/li><li class=\"template-tick-2 clearfix\">\n\t\t\t<span>\u00e9s ink\u00e1bb marketingfog\u00e1sk\u00e9nt haszn\u00e1lj\u00e1k sok klinik\u00e1n.<\/span><\/li><\/ul>\n\t<div class=\"wpb_text_column wpb_content_element  large margin-top-20\" >\n\t\t<div class=\"wpb_wrapper\">\n\t\t\t<p style=\"text-align: justify;\">Nagyon j\u00f3, hogy ezt tiszt\u00e1ztad \u2014 kevesen tudj\u00e1k, hogy a \u201enincs metsz\u00e9s\u201d szlogen f\u00e9lrevezet\u0151.<\/p>\n<p style=\"text-align: justify;\">Ha gondolod, sz\u00edvesen seg\u00edtek \u00f6sszefoglalni egy <strong>val\u00f3s, szakmai k\u00fcl\u00f6nbs\u00e9geken alapul\u00f3 \u00f6sszehasonl\u00edt\u00e1st<\/strong> a DHI, FUE \u00e9s Sapphire FUE k\u00f6z\u00f6tt \u2014 olyan form\u00e1ban, amit ak\u00e1r egy weboldalra vagy t\u00e1j\u00e9koztat\u00f3 anyagba is be lehetne tenni. \u00c9rdekelne?<\/p>\n\n\t\t<\/div>\n\t<\/div>\n<\/div><\/div><\/div><\/section><section class=\"vc_section vc_custom_1739821159998\"><div class=\"vc_row wpb_row vc_row-fluid vc_custom_1739820432810 vc_row-has-fill page-margin-top\"><div class=\"wpb_column vc_column_container vc_col-sm-4 vc_col-has-fill vc_custom_1736426736481\"><div class=\"wpb_wrapper\">\n\t<div  class=\"wpb_single_image wpb_content_element vc_align_left\">\n\t\t\n\t\t<figure class=\"wpb_wrapper vc_figure\">\n\t\t\t<div class=\"vc_single_image-wrapper   vc_box_border_grey\"><img loading=\"lazy\" decoding=\"async\" width=\"841\" height=\"1024\" src=\"https:\/\/turbohair.hu\/wp-content\/uploads\/hajbeultetes.webp\" class=\"vc_single_image-img attachment-large\" alt=\"Die Haartransplantation\" title=\"hajbeultetes\" srcset=\"https:\/\/turbohair.hu\/wp-content\/uploads\/hajbeultetes.webp 841w, https:\/\/turbohair.hu\/wp-content\/uploads\/hajbeultetes-246x300.webp 246w, https:\/\/turbohair.hu\/wp-content\/uploads\/hajbeultetes-768x935.webp 768w\" sizes=\"auto, (max-width: 841px) 100vw, 841px\" \/><\/div>\n\t\t<\/figure>\n\t<\/div>\n<\/div><\/div><div class=\"wpb_column vc_column_container vc_col-sm-8\"><div class=\"wpb_wrapper\">\n\t<div class=\"wpb_text_column wpb_content_element  large margin-top-20\" >\n\t\t<div class=\"wpb_wrapper\">\n\t\t\t<h1 style=\"text-align: left;\">\u00d6SSZEFOGLALVA, MI \u00daGY GONDOLJUK<\/h1>\n<p style=\"text-align: justify;\">Az alapkoncepci\u00f3 zseni\u00e1lis. Egy laikus ember is azt gondoln\u00e1, hogy ez val\u00f3ban m\u0171k\u00f6dik \u00e9s szinte t\u00f6k\u00e9letes, de a DHI elm\u00e9letben ez a \u201emodern \u00e9s fejlett\u201d elj\u00e1r\u00e1s, a gyakorlatban viszont egyr\u00e9szt nem teljesen metsz\u00e9smentes \u00e9s m\u00e1sr\u00e9szt az eszk\u00f6z\u00f6k gyors kop\u00e1sa miatt nem ny\u00fajt jobb eredm\u00e9nyt, mint egy gondosan kivitelezett Pr\u00e9mium FUE be\u00fcltet\u00e9s vagy Sapphire FUE technika. Egy profi hajbe\u00fcltet\u0151 orvos nem fogja az implantert beled\u00f6fni a fejb\u0151rbe, mert semmi \u00e9rtelme, csak saj\u00e1t mag\u00e1nak nehez\u00edten\u00e9 meg a m\u0171t\u00e9tet. Teljesen felesleges is, hiszen, modern erre a r\u00e9szre kifejlesztett eszk\u00f6z\u00f6k sz\u00e9les t\u00e1rh\u00e1za van jelen m\u00e1r a hajbe\u00fcltet\u00e9si piacon.<\/p>\n<p>Ui.: Akkor most j\u00f6jj\u00f6n egy kis t\u00f6rt\u00e9nelem<\/p>\n\n\t\t<\/div>\n\t<\/div>\n\n\t<div class=\"wpb_text_column wpb_content_element  large margin-top-20\" >\n\t\t<div class=\"wpb_wrapper\">\n\t\t\t<h2>A DHI hajbe\u00fcltet\u00e9s eredete \u00e9s sikere:<\/h2>\n<p style=\"text-align: justify;\">A <strong>DHI (Direct Hair Implantation)<\/strong> technika <strong>G\u00f6r\u00f6gorsz\u00e1gb\u00f3l<\/strong> sz\u00e1rmazik. A m\u00f3dszert a <strong>DHI Global Medical Group<\/strong> fejlesztette \u00e9s v\u00e9dette le az 1990-es \u00e9vek v\u00e9g\u00e9n, majd <strong>2000 k\u00f6r\u00fcl<\/strong> kezdte el nemzetk\u00f6zi szinten terjeszteni. A k\u00f6zpontja <strong>Ath\u00e9nban<\/strong> tal\u00e1lhat\u00f3, de ma m\u00e1r vil\u00e1gszerte vannak DHI-franchise klinik\u00e1k (Eur\u00f3p\u00e1ban, \u00c1zsi\u00e1ban, az Egyes\u00fclt Kir\u00e1lys\u00e1gban, s\u0151t az USA-ban is).<\/p>\n\n\t\t<\/div>\n\t<\/div>\n<\/div><\/div><\/div><\/section><section class=\"vc_section vc_custom_1761419488969 vc_section-has-fill\"><div class=\"vc_row wpb_row vc_row-fluid\"><div class=\"wpb_column vc_column_container vc_col-sm-12\"><div class=\"wpb_wrapper\">\n\t<div class=\"wpb_text_column wpb_content_element  large margin-top-20\" >\n\t\t<div class=\"wpb_wrapper\">\n\t\t\t<p style=\"text-align: justify;\">A DHI Global c\u00e9lja az volt, hogy a hajbe\u00fcltet\u00e9st <strong>prec\u00edzebb\u00e9 \u00e9s kev\u00e9sb\u00e9 invaz\u00edvv\u00e1<\/strong> tegye az akkori elterjedt <strong>FUT<\/strong> (cs\u00edkv\u00e9teles) \u00e9s <strong>FUE<\/strong> technik\u00e1khoz k\u00e9pest.<\/p>\n<p style=\"text-align: justify;\">Ennek \u00e9rdek\u00e9ben fejlesztett\u00e9k ki az \u00fan. <strong>Choi implanter tollat<\/strong> \u2013 eredetileg a <strong>Kyungpook National University (D\u00e9l-Korea)<\/strong> kutat\u00f3i dolgozt\u00e1k ki a &#8217;90-es \u00e9vek elej\u00e9n, majd a DHI c\u00e9g ezt a koncepci\u00f3t tov\u00e1bbfejlesztette, \u00e9s saj\u00e1t n\u00e9ven kezdte alkalmazni a hajbe\u00fcltet\u00e9sben.<\/p>\n<p style=\"text-align: justify;\">V\u00e9lem\u00e9ny\u00fcnk szerint a hajbe\u00fcltet\u00e9s ma nem tartana ott ahol tart, ha nem lett volna a DHI klinika. Hihetetlen precizit\u00e1st \u00e9s szeml\u00e9letv\u00e1lt\u00e1st hoztak a hajbe\u00fcltet\u00e9s piac\u00e1ra, ami vitathatatlanul az \u0150 \u00e9rdem\u00fck, de ma m\u00e1r a DHI ink\u00e1bb egy m\u00e1rkan\u00e9v \u00e9s m\u00f3dszertan, mintsem teljesen \u00faj orvosi technika.<\/p>\n<p style=\"text-align: left;\">Klinik\u00e1nk is az ismert min\u0151s\u00e9gi CHOI implanterrel dolgozik m\u00e1r t\u00f6bb mint 18 \u00e9ve, mert maga az eszk\u00f6z rendk\u00edv\u00fcl prec\u00edz, de el\u0151re k\u00e9sz\u00edtett metsz\u00e9sek n\u00e9lk\u00fcl, szinte lehetetlen lenne a hajbe\u00fcltet\u00e9st elv\u00e9gezni.<\/p>\n\n\t\t<\/div>\n\t<\/div>\n<\/div><\/div><\/div><\/section>","protected":false},"excerpt":{"rendered":"MI IS AZ A DHI HAJBE\u00dcLTET\u00c9S? A mesters\u00e9ges intelligencia v\u00e1lasza a k\u00f6vetkez\u0151: A DHI (Direct Hair Implantation) hajbe\u00fcltet\u00e9s egy fejlettebb, prec\u00edzi\u00f3s technol\u00f3gia a haj\u00e1t\u00fcltet\u00e9s modern form\u00e1i k\u00f6z\u00f6tt. A l\u00e9nyege, hogy a kinyert hajt\u00fcsz\u0151ket egy speci\u00e1lis eszk\u00f6zzel, az \u00fan. \u201cImplanter Pen\u201d-nel (Choi-t\u0171) k\u00f6zvetlen\u00fcl \u00fcltetik be a fejb\u0151rbe, f\u00far\u00e1s vagy bemetsz\u00e9s n\u00e9lk\u00fcl. Pontos folyamat: 1. Kiv\u00e9tel \u2013","protected":false},"author":1,"featured_media":0,"parent":0,"menu_order":0,"comment_status":"closed","ping_status":"closed","template":"","meta":{"footnotes":""},"class_list":["post-7076","page","type-page","status-publish","hentry"],"yoast_head":"<title>DHI hajbe\u00fcltet\u00e9s val\u00f3ban a legjobb m\u00f3dszer?<\/title>\n<meta name=\"description\" content=\"A DHI hajbe\u00fcltet\u00e9s el\u0151nyei \u00e9s h\u00e1tr\u00e1nyai. Ismerkedjen meg a modern DHI hajbe\u00fcltet\u00e9si m\u00f3dszerrel, technol\u00f3gi\u00e1val.\" \/>\n<meta name=\"robots\" content=\"index, follow, max-snippet:-1, max-image-preview:large, max-video-preview:-1\" \/>\n<link rel=\"canonical\" href=\"https:\/\/turbohair.hu\/de\/dhi-hajbeultetes\/\" \/>\n<meta property=\"og:locale\" content=\"de_DE\" \/>\n<meta property=\"og:type\" content=\"article\" \/>\n<meta property=\"og:title\" content=\"DHI hajbe\u00fcltet\u00e9s val\u00f3ban a legjobb m\u00f3dszer?\" \/>\n<meta property=\"og:description\" content=\"A DHI hajbe\u00fcltet\u00e9s el\u0151nyei \u00e9s h\u00e1tr\u00e1nyai. Ismerkedjen meg a modern DHI hajbe\u00fcltet\u00e9si m\u00f3dszerrel, technol\u00f3gi\u00e1val.\" \/>\n<meta property=\"og:url\" content=\"https:\/\/turbohair.hu\/de\/dhi-hajbeultetes\/\" \/>\n<meta property=\"og:site_name\" content=\"Hajbe\u00fcltet\u00e9s Budapesten\" \/>\n<meta name=\"twitter:card\" content=\"summary_large_image\" \/>\n<meta name=\"twitter:label1\" content=\"Gesch\u00e4tzte Lesezeit\" \/>\n\t<meta name=\"twitter:data1\" content=\"7\u00a0Minuten\" \/>\n<script type=\"application\/ld+json\" class=\"yoast-schema-graph\">{\"@context\":\"https:\/\/schema.org\",\"@graph\":[{\"@type\":\"WebPage\",\"@id\":\"https:\/\/turbohair.hu\/dhi-hajbeultetes\/\",\"url\":\"https:\/\/turbohair.hu\/dhi-hajbeultetes\/\",\"name\":\"DHI hajbe\u00fcltet\u00e9s val\u00f3ban a legjobb m\u00f3dszer?\",\"isPartOf\":{\"@id\":\"https:\/\/turbohair.hu\/#website\"},\"datePublished\":\"2025-10-25T19:33:40+00:00\",\"description\":\"A DHI hajbe\u00fcltet\u00e9s el\u0151nyei \u00e9s h\u00e1tr\u00e1nyai. Ismerkedjen meg a modern DHI hajbe\u00fcltet\u00e9si m\u00f3dszerrel, technol\u00f3gi\u00e1val.\",\"breadcrumb\":{\"@id\":\"https:\/\/turbohair.hu\/dhi-hajbeultetes\/#breadcrumb\"},\"inLanguage\":\"de\",\"potentialAction\":[{\"@type\":\"ReadAction\",\"target\":[\"https:\/\/turbohair.hu\/dhi-hajbeultetes\/\"]}]},{\"@type\":\"BreadcrumbList\",\"@id\":\"https:\/\/turbohair.hu\/dhi-hajbeultetes\/#breadcrumb\",\"itemListElement\":[{\"@type\":\"ListItem\",\"position\":1,\"name\":\"Kezd\u0151lap\",\"item\":\"https:\/\/turbohair.hu\/\"},{\"@type\":\"ListItem\",\"position\":2,\"name\":\"DHI hajbe\u00fcltet\u00e9s\"}]},{\"@type\":\"WebSite\",\"@id\":\"https:\/\/turbohair.hu\/#website\",\"url\":\"https:\/\/turbohair.hu\/\",\"name\":\"Hajbe\u00fcltet\u00e9s Budapesten\",\"description\":\"Hajbe\u00fcltet\u00e9s Budapesten - Turbohair\",\"potentialAction\":[{\"@type\":\"SearchAction\",\"target\":{\"@type\":\"EntryPoint\",\"urlTemplate\":\"https:\/\/turbohair.hu\/?s={search_term_string}\"},\"query-input\":{\"@type\":\"PropertyValueSpecification\",\"valueRequired\":true,\"valueName\":\"search_term_string\"}}],\"inLanguage\":\"de\"}]}<\/script>","yoast_head_json":{"title":"DHI hajbe\u00fcltet\u00e9s val\u00f3ban a legjobb m\u00f3dszer?","description":"A DHI hajbe\u00fcltet\u00e9s el\u0151nyei \u00e9s h\u00e1tr\u00e1nyai. Ismerkedjen meg a modern DHI hajbe\u00fcltet\u00e9si m\u00f3dszerrel, technol\u00f3gi\u00e1val.","robots":{"index":"index","follow":"follow","max-snippet":"max-snippet:-1","max-image-preview":"max-image-preview:large","max-video-preview":"max-video-preview:-1"},"canonical":"https:\/\/turbohair.hu\/de\/dhi-hajbeultetes\/","og_locale":"de_DE","og_type":"article","og_title":"DHI hajbe\u00fcltet\u00e9s val\u00f3ban a legjobb m\u00f3dszer?","og_description":"A DHI hajbe\u00fcltet\u00e9s el\u0151nyei \u00e9s h\u00e1tr\u00e1nyai. Ismerkedjen meg a modern DHI hajbe\u00fcltet\u00e9si m\u00f3dszerrel, technol\u00f3gi\u00e1val.","og_url":"https:\/\/turbohair.hu\/de\/dhi-hajbeultetes\/","og_site_name":"Hajbe\u00fcltet\u00e9s Budapesten","twitter_card":"summary_large_image","twitter_misc":{"Gesch\u00e4tzte Lesezeit":"7\u00a0Minuten"},"schema":{"@context":"https:\/\/schema.org","@graph":[{"@type":"WebPage","@id":"https:\/\/turbohair.hu\/dhi-hajbeultetes\/","url":"https:\/\/turbohair.hu\/dhi-hajbeultetes\/","name":"DHI hajbe\u00fcltet\u00e9s val\u00f3ban a legjobb m\u00f3dszer?","isPartOf":{"@id":"https:\/\/turbohair.hu\/#website"},"datePublished":"2025-10-25T19:33:40+00:00","description":"A DHI hajbe\u00fcltet\u00e9s el\u0151nyei \u00e9s h\u00e1tr\u00e1nyai. Ismerkedjen meg a modern DHI hajbe\u00fcltet\u00e9si m\u00f3dszerrel, technol\u00f3gi\u00e1val.","breadcrumb":{"@id":"https:\/\/turbohair.hu\/dhi-hajbeultetes\/#breadcrumb"},"inLanguage":"de","potentialAction":[{"@type":"ReadAction","target":["https:\/\/turbohair.hu\/dhi-hajbeultetes\/"]}]},{"@type":"BreadcrumbList","@id":"https:\/\/turbohair.hu\/dhi-hajbeultetes\/#breadcrumb","itemListElement":[{"@type":"ListItem","position":1,"name":"Kezd\u0151lap","item":"https:\/\/turbohair.hu\/"},{"@type":"ListItem","position":2,"name":"DHI hajbe\u00fcltet\u00e9s"}]},{"@type":"WebSite","@id":"https:\/\/turbohair.hu\/#website","url":"https:\/\/turbohair.hu\/","name":"Haartransplantation in Budapest","description":"Hajbe\u00fcltet\u00e9s Budapesten - Turbohair","potentialAction":[{"@type":"SearchAction","target":{"@type":"EntryPoint","urlTemplate":"https:\/\/turbohair.hu\/?s={search_term_string}"},"query-input":{"@type":"PropertyValueSpecification","valueRequired":true,"valueName":"search_term_string"}}],"inLanguage":"de"}]}},"_links":{"self":[{"href":"https:\/\/turbohair.hu\/de\/wp-json\/wp\/v2\/pages\/7076","targetHints":{"allow":["GET"]}}],"collection":[{"href":"https:\/\/turbohair.hu\/de\/wp-json\/wp\/v2\/pages"}],"about":[{"href":"https:\/\/turbohair.hu\/de\/wp-json\/wp\/v2\/types\/page"}],"author":[{"embeddable":true,"href":"https:\/\/turbohair.hu\/de\/wp-json\/wp\/v2\/users\/1"}],"replies":[{"embeddable":true,"href":"https:\/\/turbohair.hu\/de\/wp-json\/wp\/v2\/comments?post=7076"}],"version-history":[{"count":75,"href":"https:\/\/turbohair.hu\/de\/wp-json\/wp\/v2\/pages\/7076\/revisions"}],"predecessor-version":[{"id":7151,"href":"https:\/\/turbohair.hu\/de\/wp-json\/wp\/v2\/pages\/7076\/revisions\/7151"}],"wp:attachment":[{"href":"https:\/\/turbohair.hu\/de\/wp-json\/wp\/v2\/media?parent=7076"}],"curies":[{"name":"wp","href":"https:\/\/api.w.org\/{rel}","templated":true}]}}