{"id":4394,"date":"2022-06-23T19:35:50","date_gmt":"2022-06-23T19:35:50","guid":{"rendered":"https:\/\/turbohair.hu\/?page_id=4394"},"modified":"2025-10-18T08:28:07","modified_gmt":"2025-10-18T08:28:07","slug":"about-us","status":"publish","type":"page","link":"https:\/\/turbohair.hu\/en\/rolunk\/","title":{"rendered":"About us"},"content":{"rendered":"<section class=\"vc_section vc_custom_1717843176726 vc_section-has-fill\"><div class=\"vc_row wpb_row vc_row-fluid vc_custom_1676125638161 page-margin-top\"><div class=\"wpb_column vc_column_container vc_col-sm-6 vc_col-has-fill vc_custom_1676125761833\"><div class=\"wpb_wrapper\">\n\t<div  class=\"wpb_single_image wpb_content_element vc_align_left\">\n\t\t\n\t\t<figure class=\"wpb_wrapper vc_figure\">\n\t\t\t<div class=\"vc_single_image-wrapper   vc_box_border_grey\"><img loading=\"lazy\" decoding=\"async\" width=\"800\" height=\"600\" src=\"https:\/\/turbohair.hu\/wp-content\/uploads\/hajbeultetes-turbohair-csapatunk.webp\" class=\"vc_single_image-img attachment-large\" alt=\"TurboHair Medical hajbe\u00fcltet\u00e9s munkat\u00e1rsak\" title=\"hajbeultetes-turbohair-csapatunk\" srcset=\"https:\/\/turbohair.hu\/wp-content\/uploads\/hajbeultetes-turbohair-csapatunk.webp 800w, https:\/\/turbohair.hu\/wp-content\/uploads\/hajbeultetes-turbohair-csapatunk-300x225.webp 300w, https:\/\/turbohair.hu\/wp-content\/uploads\/hajbeultetes-turbohair-csapatunk-768x576.webp 768w, https:\/\/turbohair.hu\/wp-content\/uploads\/hajbeultetes-turbohair-csapatunk-16x12.webp 16w\" sizes=\"auto, (max-width: 800px) 100vw, 800px\" \/><\/div>\n\t\t<\/figure>\n\t<\/div>\n<\/div><\/div><div class=\"wpb_column vc_column_container vc_col-sm-6\"><div class=\"wpb_wrapper\"><h3 class=\"box-header animation-slide\">ABOUT OUR CLINIC<\/h3><h2 class=\"box-header large margin-top-30 no-border\">OUR GOAL<\/h2>\n\t<div class=\"wpb_text_column wpb_content_element  no-margin description\" >\n\t\t<div class=\"wpb_wrapper\">\n\t\t\t<p style=\"text-align: justify;\">The team at TurboHair medical is dedicated to providing a quality and fair service in the field of hair transplantation and hair care. It is important for us to find solutions to all kinds of problems.<\/p>\n\n\t\t<\/div>\n\t<\/div>\n<ul class=\"simple-list margin-top-15 clearfix\"><li class=\"template-tick-2 clearfix\">\n\t\t\t<span><strong>17 years of experience<\/strong>, maxim\u00e1lis szak\u00e9rtelem a hajbe\u00fcltet\u00e9s ter\u00fclet\u00e9n.<\/span><\/li><li class=\"template-tick-2 clearfix translation-block\"><span>Modern, <strong style=\"color: #00b7bd !important\">world-class<\/strong> equipment and operating theatre.<\/span><\/li><li class=\"template-tick-2 clearfix translation-block\"><span>Complete hair loss treatment with <strong>innovative<\/strong>  technologies.<\/span><\/li><li class=\"template-tick-2 clearfix translation-block\"><span>Our services<strong style=\"color: #00b7bd !important\"> are guaranteed in writing<\/strong>.<\/span><\/li><\/ul><\/div><\/div><\/div><\/section><section class=\"vc_section vc_custom_1686488172358\"><div class=\"vc_row wpb_row vc_row-fluid vc_custom_1656011937288 page-margin-top\"><div class=\"wpb_column vc_column_container vc_col-sm-6\"><div class=\"wpb_wrapper\"><h3 class=\"box-header animation-slide\">INSTITUTION MANAGER<\/h3><h2 class=\"box-header large margin-top-30 no-border\">LADICS J\u00d3ZSEF<\/h2>\n\t<div class=\"wpb_text_column wpb_content_element  no-margin description\" >\n\t\t<div class=\"wpb_wrapper\">\n\t\t\t<p style=\"text-align: justify;\">My primary goal is for our clinic to represent the highest quality in the field of hair transplant procedures, both in terms of excellent service standards and patient satisfaction. It is my personal commitment that all our patients leave feeling confident and satisfied, knowing they were in the best hands. Our team does everything possible to achieve the best possible results with our patients, from the initial consultation through the healing process to the final results.<\/p>\n\n\t\t<\/div>\n\t<\/div>\n<\/div><\/div><div class=\"wpb_column vc_column_container vc_col-sm-6 vc_col-has-fill vc_custom_1686491157607\"><div class=\"wpb_wrapper\">\n\t<div  class=\"wpb_single_image wpb_content_element vc_align_left\">\n\t\t\n\t\t<figure class=\"wpb_wrapper vc_figure\">\n\t\t\t<div class=\"vc_single_image-wrapper   vc_box_border_grey\"><img loading=\"lazy\" decoding=\"async\" width=\"800\" height=\"600\" src=\"https:\/\/turbohair.hu\/wp-content\/uploads\/hajbeultetes-szakmai-vezeto.webp\" class=\"vc_single_image-img attachment-large\" alt=\"Hair transplantation\" title=\"hajbeultetes-szakmai-vezeto\" srcset=\"https:\/\/turbohair.hu\/wp-content\/uploads\/hajbeultetes-szakmai-vezeto.webp 800w, https:\/\/turbohair.hu\/wp-content\/uploads\/hajbeultetes-szakmai-vezeto-300x225.webp 300w, https:\/\/turbohair.hu\/wp-content\/uploads\/hajbeultetes-szakmai-vezeto-768x576.webp 768w, https:\/\/turbohair.hu\/wp-content\/uploads\/hajbeultetes-szakmai-vezeto-16x12.webp 16w\" sizes=\"auto, (max-width: 800px) 100vw, 800px\" \/><\/div>\n\t\t<\/figure>\n\t<\/div>\n<\/div><\/div><\/div><\/section><section class=\"vc_section vc_custom_1706867165106 vc_section-has-fill\"><div class=\"vc_row wpb_row vc_row-fluid vc_custom_1656011937288 page-margin-top\"><div class=\"wpb_column vc_column_container vc_col-sm-6\"><div class=\"wpb_wrapper\"><h3 class=\"box-header animation-slide\">OUR SPECIALISTS<\/h3><h2 class=\"box-header large margin-top-30 no-border\">DR. BAKA ZS\u00d3FIA<\/h2>\n\t<div class=\"wpb_text_column wpb_content_element  no-margin description\" >\n\t\t<div class=\"wpb_wrapper\">\n\t\t\t<p style=\"text-align: justify;\">I graduated from Semmelweis University in 2016 with a general medical degree. In the same year, I started working in a private clinic in Budapest. Currently, I am part of the team at Turbohair Medical. In my work, I see each client as a special challenge, as each one comes to our clinic with their own story, ideas and expectations. I believe that the main goal of hair transplantation is to increase self-confidence and thus improve the quality of life, which I try my best to help all our clients.<\/p>\n\n\t\t<\/div>\n\t<\/div>\n<\/div><\/div><div class=\"wpb_column vc_column_container vc_col-sm-6 vc_col-has-fill vc_custom_1686491157607\"><div class=\"wpb_wrapper\">\n\t<div  class=\"wpb_single_image wpb_content_element vc_align_left\">\n\t\t\n\t\t<figure class=\"wpb_wrapper vc_figure\">\n\t\t\t<div class=\"vc_single_image-wrapper   vc_box_border_grey\"><img loading=\"lazy\" decoding=\"async\" width=\"900\" height=\"675\" src=\"https:\/\/turbohair.hu\/wp-content\/uploads\/hajbeultetes-dr-baka-zsofia.jpg\" class=\"vc_single_image-img attachment-large\" alt=\"Hair transplantation\" title=\"hajbeultetes-dr-baka-zsofia\" srcset=\"https:\/\/turbohair.hu\/wp-content\/uploads\/hajbeultetes-dr-baka-zsofia.jpg 900w, https:\/\/turbohair.hu\/wp-content\/uploads\/hajbeultetes-dr-baka-zsofia-300x225.jpg 300w, https:\/\/turbohair.hu\/wp-content\/uploads\/hajbeultetes-dr-baka-zsofia-768x576.jpg 768w\" sizes=\"auto, (max-width: 900px) 100vw, 900px\" \/><\/div>\n\t\t<\/figure>\n\t<\/div>\n<\/div><\/div><\/div><\/section><section class=\"vc_section vc_custom_1706867129841\"><div class=\"vc_row wpb_row vc_row-fluid vc_custom_1656011937288 page-margin-top\"><div class=\"wpb_column vc_column_container vc_col-sm-6\"><div class=\"wpb_wrapper\">\n\t<div class=\"wpb_text_column wpb_content_element  no-margin description\" >\n\t\t<div class=\"wpb_wrapper\">\n\t\t\t\n\t\t<\/div>\n\t<\/div>\n<h3 class=\"box-header animation-slide\">OUR SPECIALISTS<\/h3><h2 class=\"box-header large margin-top-30 no-border\">DR. RAJK\u00d3 GERG\u0150 ATTILA<\/h2>\n\t<div class=\"wpb_text_column wpb_content_element  no-margin description\" >\n\t\t<div class=\"wpb_wrapper\">\n\t\t\t<p style=\"text-align: justify;\">I obtained my general medical degree in 2022 at Semmelweis University in Budapest. During my studies, I was always attracted to the world of surgery and manual skills, which is why I was interested in hair transplantation even during my university years. In the course of my medical activities, I consider it important to have an individualized, customer-oriented approach, to strive for precision, and to be receptive to details, so I myself try to constantly improve in these skills. I believe that with my work and professional development, I can help many people regain their desired appearance and thereby achieve a satisfied, confident appearance. My goal is to help each and every one of our customers achieve this with the greatest attention, kindness and precision possible.<\/p>\n\n\t\t<\/div>\n\t<\/div>\n<\/div><\/div><div class=\"wpb_column vc_column_container vc_col-sm-6 vc_col-has-fill vc_custom_1686488056104\"><div class=\"wpb_wrapper\">\n\t<div  class=\"wpb_single_image wpb_content_element vc_align_left\">\n\t\t\n\t\t<figure class=\"wpb_wrapper vc_figure\">\n\t\t\t<div class=\"vc_single_image-wrapper   vc_box_border_grey\"><img loading=\"lazy\" decoding=\"async\" width=\"900\" height=\"675\" src=\"https:\/\/turbohair.hu\/wp-content\/uploads\/hajbeultetes-orvosaink-dr-rajko-gergo-2.webp\" class=\"vc_single_image-img attachment-large\" alt=\"hajbe\u00fcltet\u00e9s orvosaink\" title=\"hajbeultetes-orvosaink-dr-rajko-gergo-2\" srcset=\"https:\/\/turbohair.hu\/wp-content\/uploads\/hajbeultetes-orvosaink-dr-rajko-gergo-2.webp 900w, https:\/\/turbohair.hu\/wp-content\/uploads\/hajbeultetes-orvosaink-dr-rajko-gergo-2-300x225.webp 300w, https:\/\/turbohair.hu\/wp-content\/uploads\/hajbeultetes-orvosaink-dr-rajko-gergo-2-768x576.webp 768w, https:\/\/turbohair.hu\/wp-content\/uploads\/hajbeultetes-orvosaink-dr-rajko-gergo-2-16x12.webp 16w\" sizes=\"auto, (max-width: 900px) 100vw, 900px\" \/><\/div>\n\t\t<\/figure>\n\t<\/div>\n<\/div><\/div><\/div><\/section><section class=\"vc_section vc_custom_1760775981093 vc_section-has-fill\"><div class=\"vc_row wpb_row vc_row-fluid vc_custom_1656011937288 page-margin-top\"><div class=\"wpb_column vc_column_container vc_col-sm-6\"><div class=\"wpb_wrapper\">\n\t<div class=\"wpb_text_column wpb_content_element  no-margin description\" >\n\t\t<div class=\"wpb_wrapper\">\n\t\t\t\n\t\t<\/div>\n\t<\/div>\n<h3 class=\"box-header animation-slide\">OUR SPECIALISTS<\/h3><h2 class=\"box-header large margin-top-30 no-border\">DR. VIKT\u00d3RIA K\u00c9SZ<\/h2>\n\t<div class=\"wpb_text_column wpb_content_element  no-margin description\" >\n\t\t<div class=\"wpb_wrapper\">\n\t\t\t<p style=\"text-align: justify;\">I graduated from the Faculty of General Medicine of the National University of Uzhgorod in 2020. I consider it important to help others with attention and empathy during my work. I believe that the true value of hair transplantation lies not only in the external change, but also in the self-confidence that my patients find in themselves again. In my work, I always strive for natural and harmonious results. My goal is to help everyone who wants to look more confident with my professional knowledge and attention.<\/p>\n\n\t\t<\/div>\n\t<\/div>\n<\/div><\/div><div class=\"wpb_column vc_column_container vc_col-sm-6 vc_col-has-fill vc_custom_1686488056104\"><div class=\"wpb_wrapper\">\n\t<div  class=\"wpb_single_image wpb_content_element vc_align_left\">\n\t\t\n\t\t<figure class=\"wpb_wrapper vc_figure\">\n\t\t\t<div class=\"vc_single_image-wrapper   vc_box_border_grey\"><img loading=\"lazy\" decoding=\"async\" width=\"800\" height=\"600\" src=\"https:\/\/turbohair.hu\/wp-content\/uploads\/hajbeultetes-turbohair-dr-kesz-viktoria.webp\" class=\"vc_single_image-img attachment-large\" alt=\"Hair transplantation\" title=\"hajbeultetes-turbohair-dr-kesz-viktoria\" srcset=\"https:\/\/turbohair.hu\/wp-content\/uploads\/hajbeultetes-turbohair-dr-kesz-viktoria.webp 800w, https:\/\/turbohair.hu\/wp-content\/uploads\/hajbeultetes-turbohair-dr-kesz-viktoria-300x225.webp 300w, https:\/\/turbohair.hu\/wp-content\/uploads\/hajbeultetes-turbohair-dr-kesz-viktoria-768x576.webp 768w, https:\/\/turbohair.hu\/wp-content\/uploads\/hajbeultetes-turbohair-dr-kesz-viktoria-16x12.webp 16w\" sizes=\"auto, (max-width: 800px) 100vw, 800px\" \/><\/div>\n\t\t<\/figure>\n\t<\/div>\n<\/div><\/div><\/div><\/section><section class=\"vc_section vc_custom_1760775992977\"><div class=\"vc_row wpb_row vc_row-fluid page-margin-top\"><div class=\"wpb_column vc_column_container vc_col-sm-6\"><div class=\"wpb_wrapper\"><h3 class=\"box-header animation-slide\">OUR SPECIALISTS<\/h3><h2 class=\"box-header large margin-top-30 no-border\">DR. KOCSIS \u00c1D\u00c1M<\/h2>\n\t<div class=\"wpb_text_column wpb_content_element\" >\n\t\t<div class=\"wpb_wrapper\">\n\t\t\t<p style=\"text-align: justify;\">Having thick hair is natural today and it's a matter of choice. There is a whole range of options available today to deal with this problem. Our company specializes in this, our professional medical team will help everyone find their goal and their option among TurboHair's services. We offer quality hair transplants with years of experience. Our doctors regularly attend international conferences to keep our knowledge up to date. TurboHair, a new dimension in hair renewal.<\/p>\n\n\t\t<\/div>\n\t<\/div>\n<\/div><\/div><div class=\"wpb_column vc_column_container vc_col-sm-6 vc_col-has-fill vc_custom_1706863228406\"><div class=\"wpb_wrapper\">\n\t<div  class=\"wpb_single_image wpb_content_element vc_align_center\">\n\t\t\n\t\t<figure class=\"wpb_wrapper vc_figure\">\n\t\t\t<div class=\"vc_single_image-wrapper   vc_box_border_grey\"><img loading=\"lazy\" decoding=\"async\" width=\"800\" height=\"600\" src=\"https:\/\/turbohair.hu\/wp-content\/uploads\/hajbeultetes-dr-kocsics-adam.webp\" class=\"vc_single_image-img attachment-large\" alt=\"Hair transplantation\" title=\"hajbeultetes-dr-kocsics-adam\" srcset=\"https:\/\/turbohair.hu\/wp-content\/uploads\/hajbeultetes-dr-kocsics-adam.webp 800w, https:\/\/turbohair.hu\/wp-content\/uploads\/hajbeultetes-dr-kocsics-adam-300x225.webp 300w, https:\/\/turbohair.hu\/wp-content\/uploads\/hajbeultetes-dr-kocsics-adam-768x576.webp 768w, https:\/\/turbohair.hu\/wp-content\/uploads\/hajbeultetes-dr-kocsics-adam-16x12.webp 16w\" sizes=\"auto, (max-width: 800px) 100vw, 800px\" \/><\/div>\n\t\t<\/figure>\n\t<\/div>\n<\/div><\/div><\/div><\/section><section class=\"vc_section vc_custom_1760776009139 vc_section-has-fill\"><div class=\"vc_row wpb_row vc_row-fluid vc_custom_1656011937288 page-margin-top\"><div class=\"wpb_column vc_column_container vc_col-sm-6\"><div class=\"wpb_wrapper\"><h3 class=\"box-header align-center animation-slide\">HAIR TRANSPLANT ASSISTANT<\/h3><h2 class=\"box-header large align-center no-border\">BENKOVICS BARBARA T\u00cdMEA<\/h2>\n\t<div  class=\"wpb_single_image wpb_content_element vc_align_left  vc_custom_1718289253312\">\n\t\t\n\t\t<figure class=\"wpb_wrapper vc_figure\">\n\t\t\t<div class=\"vc_single_image-wrapper   vc_box_border_grey\"><img loading=\"lazy\" decoding=\"async\" width=\"800\" height=\"600\" src=\"https:\/\/turbohair.hu\/wp-content\/uploads\/hajbeultetes-barbi.webp\" class=\"vc_single_image-img attachment-large\" alt=\"Hair transplantation\" title=\"hajbeultetes-barbi\" srcset=\"https:\/\/turbohair.hu\/wp-content\/uploads\/hajbeultetes-barbi.webp 800w, https:\/\/turbohair.hu\/wp-content\/uploads\/hajbeultetes-barbi-300x225.webp 300w, https:\/\/turbohair.hu\/wp-content\/uploads\/hajbeultetes-barbi-768x576.webp 768w, https:\/\/turbohair.hu\/wp-content\/uploads\/hajbeultetes-barbi-16x12.webp 16w\" sizes=\"auto, (max-width: 800px) 100vw, 800px\" \/><\/div>\n\t\t<\/figure>\n\t<\/div>\n<\/div><\/div><div class=\"wpb_column vc_column_container vc_col-sm-6\"><div class=\"wpb_wrapper\"><h3 class=\"box-header align-center animation-slide\">HAIR TRANSPLANT ASSISTANT<\/h3><h2 class=\"box-header large align-center no-border\">MOLN\u00c1R BARBARA<\/h2>\n\t<div  class=\"wpb_single_image wpb_content_element vc_align_left  vc_custom_1718289398281\">\n\t\t\n\t\t<figure class=\"wpb_wrapper vc_figure\">\n\t\t\t<div class=\"vc_single_image-wrapper   vc_box_border_grey\"><img loading=\"lazy\" decoding=\"async\" width=\"800\" height=\"600\" src=\"https:\/\/turbohair.hu\/wp-content\/uploads\/hajbeultetes-barbara.webp\" class=\"vc_single_image-img attachment-large\" alt=\"Hair transplantation\" title=\"hajbeultetes-barbara\" srcset=\"https:\/\/turbohair.hu\/wp-content\/uploads\/hajbeultetes-barbara.webp 800w, https:\/\/turbohair.hu\/wp-content\/uploads\/hajbeultetes-barbara-300x225.webp 300w, https:\/\/turbohair.hu\/wp-content\/uploads\/hajbeultetes-barbara-768x576.webp 768w, https:\/\/turbohair.hu\/wp-content\/uploads\/hajbeultetes-barbara-16x12.webp 16w\" sizes=\"auto, (max-width: 800px) 100vw, 800px\" \/><\/div>\n\t\t<\/figure>\n\t<\/div>\n<\/div><\/div><\/div><\/section><section class=\"vc_section vc_custom_1760776018401\"><div class=\"vc_row wpb_row vc_row-fluid page-margin-top\"><div class=\"wpb_column vc_column_container vc_col-sm-6\"><div class=\"wpb_wrapper\"><h3 class=\"box-header align-center animation-slide\">HAIR TRANSPLANT ASSISTANT<\/h3><h2 class=\"box-header large align-center no-border\">SASSI SARAH<\/h2>\n\t<div  class=\"wpb_single_image wpb_content_element vc_align_center  vc_custom_1718289910097\">\n\t\t\n\t\t<figure class=\"wpb_wrapper vc_figure\">\n\t\t\t<div class=\"vc_single_image-wrapper   vc_box_border_grey\"><img loading=\"lazy\" decoding=\"async\" width=\"800\" height=\"600\" src=\"https:\/\/turbohair.hu\/wp-content\/uploads\/hajbeultetes-sarah.webp\" class=\"vc_single_image-img attachment-large\" alt=\"Hair transplantation\" title=\"hajbeultetes-sarah\" srcset=\"https:\/\/turbohair.hu\/wp-content\/uploads\/hajbeultetes-sarah.webp 800w, https:\/\/turbohair.hu\/wp-content\/uploads\/hajbeultetes-sarah-300x225.webp 300w, https:\/\/turbohair.hu\/wp-content\/uploads\/hajbeultetes-sarah-768x576.webp 768w, https:\/\/turbohair.hu\/wp-content\/uploads\/hajbeultetes-sarah-16x12.webp 16w\" sizes=\"auto, (max-width: 800px) 100vw, 800px\" \/><\/div>\n\t\t<\/figure>\n\t<\/div>\n<\/div><\/div><div class=\"wpb_column vc_column_container vc_col-sm-6\"><div class=\"wpb_wrapper\"><\/div><\/div><\/div><\/section><section class=\"vc_section vc_custom_1760776029113 vc_section-has-fill\"><div class=\"vc_row wpb_row vc_row-fluid\"><div class=\"wpb_column vc_column_container vc_col-sm-12\"><div class=\"wpb_wrapper\"><h2 class=\"box-header large align-center no-border\">IMAGES ON OUR CLINIC<\/h2>\n<div class=\"vc_grid-container-wrapper vc_clearfix vc_grid-animation-none\">\n\t<div class=\"vc_grid-container vc_clearfix wpb_content_element vc_media_grid vc_custom_1665341814825\" data-initial-loading-animation=\"none\" data-vc-grid-settings=\"{&quot;page_id&quot;:4394,&quot;style&quot;:&quot;all&quot;,&quot;action&quot;:&quot;vc_get_vc_grid_data&quot;,&quot;shortcode_id&quot;:&quot;1760773393878-2b48195a-dd9e-9&quot;,&quot;tag&quot;:&quot;vc_media_grid&quot;}\" data-vc-request=\"https:\/\/turbohair.hu\/wp-admin\/admin-ajax.php\" data-vc-post-id=\"4394\" data-vc-public-nonce=\"a8f6c5ca21\">\n\t\t\n\t<\/div>\n<\/div><\/div><\/div><\/div><\/section>","protected":false},"excerpt":{"rendered":"A KLINIK\u00c1NKR\u00d3LC\u00c9LKIT\u0170Z\u00c9S\u00dcNK A TurboHair medical csapata a min\u0151s\u00e9gi \u00e9s korrekt szolg\u00e1ltat\u00e1st t\u0171zte ki c\u00e9lul a hajbe\u00fcltet\u00e9s \u00e9s a hajgy\u00f3gy\u00e1szat ter\u00fclet\u00e9n. Fontos sz\u00e1munkra, hogy mindenfajta probl\u00e9m\u00e1ra tudjunk megold\u00e1st tal\u00e1lni. 17 \u00e9v tapasztalat, maxim\u00e1lis szak\u00e9rtelem a hajbe\u00fcltet\u00e9s ter\u00fclet\u00e9n. Modern, vil\u00e1gsz\u00ednvonal\u00fa eszk\u00f6zpark \u00e9s m\u0171t\u0151. Hajhull\u00e1s teljes k\u00f6r\u0171 kezel\u00e9se innovat\u00edv technol\u00f3gi\u00e1kkal. Szolg\u00e1ltat\u00e1sainkra \u00edr\u00e1sos garanci\u00e1t v\u00e1llalunkINT\u00c9ZM\u00c9NYVEZET\u0150LADICS J\u00d3ZSEF Els\u0151dleges c\u00e9lom, hogy","protected":false},"author":1,"featured_media":0,"parent":0,"menu_order":0,"comment_status":"open","ping_status":"open","template":"","meta":{"footnotes":""},"class_list":["post-4394","page","type-page","status-publish","hentry"],"yoast_head":"<title>Inform\u00e1ci\u00f3k a Hajbe\u00fcltet\u00e9si klinik\u00e1r\u00f3l \u00e9s R\u00f3lunk - TurboHair Medical<\/title>\n<meta name=\"description\" content=\"Ismerje meg a TurboHair Medicalt c\u00e9lkit\u0171z\u00e9seit, valamint a min\u0151s\u00e9gi \u00e9s korrekt beavatkoz\u00e1st v\u00e9gz\u0151 orvosainkat.\" \/>\n<meta name=\"robots\" content=\"index, follow, max-snippet:-1, max-image-preview:large, max-video-preview:-1\" \/>\n<link rel=\"canonical\" href=\"https:\/\/turbohair.hu\/en\/about-us\/\" \/>\n<meta property=\"og:locale\" content=\"en_GB\" \/>\n<meta property=\"og:type\" content=\"article\" \/>\n<meta property=\"og:title\" content=\"Inform\u00e1ci\u00f3k a Hajbe\u00fcltet\u00e9si klinik\u00e1r\u00f3l \u00e9s R\u00f3lunk - TurboHair Medical\" \/>\n<meta property=\"og:description\" content=\"Ismerje meg a TurboHair Medicalt c\u00e9lkit\u0171z\u00e9seit, valamint a min\u0151s\u00e9gi \u00e9s korrekt beavatkoz\u00e1st v\u00e9gz\u0151 orvosainkat.\" \/>\n<meta property=\"og:url\" content=\"https:\/\/turbohair.hu\/en\/about-us\/\" \/>\n<meta property=\"og:site_name\" content=\"Hajbe\u00fcltet\u00e9s Budapesten\" \/>\n<meta property=\"article:modified_time\" content=\"2025-10-18T08:28:07+00:00\" \/>\n<meta name=\"twitter:card\" content=\"summary_large_image\" \/>\n<meta name=\"twitter:label1\" content=\"Estimated reading time\" \/>\n\t<meta name=\"twitter:data1\" content=\"7 minutes\" \/>\n<script type=\"application\/ld+json\" class=\"yoast-schema-graph\">{\"@context\":\"https:\/\/schema.org\",\"@graph\":[{\"@type\":\"WebPage\",\"@id\":\"https:\/\/turbohair.hu\/rolunk\/\",\"url\":\"https:\/\/turbohair.hu\/rolunk\/\",\"name\":\"Inform\u00e1ci\u00f3k a Hajbe\u00fcltet\u00e9si klinik\u00e1r\u00f3l \u00e9s R\u00f3lunk - TurboHair Medical\",\"isPartOf\":{\"@id\":\"https:\/\/turbohair.hu\/#website\"},\"datePublished\":\"2022-06-23T19:35:50+00:00\",\"dateModified\":\"2025-10-18T08:28:07+00:00\",\"description\":\"Ismerje meg a TurboHair Medicalt c\u00e9lkit\u0171z\u00e9seit, valamint a min\u0151s\u00e9gi \u00e9s korrekt beavatkoz\u00e1st v\u00e9gz\u0151 orvosainkat.\",\"breadcrumb\":{\"@id\":\"https:\/\/turbohair.hu\/rolunk\/#breadcrumb\"},\"inLanguage\":\"en-GB\",\"potentialAction\":[{\"@type\":\"ReadAction\",\"target\":[\"https:\/\/turbohair.hu\/rolunk\/\"]}]},{\"@type\":\"BreadcrumbList\",\"@id\":\"https:\/\/turbohair.hu\/rolunk\/#breadcrumb\",\"itemListElement\":[{\"@type\":\"ListItem\",\"position\":1,\"name\":\"Kezd\u0151lap\",\"item\":\"https:\/\/turbohair.hu\/\"},{\"@type\":\"ListItem\",\"position\":2,\"name\":\"R\u00f3lunk\"}]},{\"@type\":\"WebSite\",\"@id\":\"https:\/\/turbohair.hu\/#website\",\"url\":\"https:\/\/turbohair.hu\/\",\"name\":\"Hajbe\u00fcltet\u00e9s Budapesten\",\"description\":\"Hajbe\u00fcltet\u00e9s Budapesten - Turbohair\",\"potentialAction\":[{\"@type\":\"SearchAction\",\"target\":{\"@type\":\"EntryPoint\",\"urlTemplate\":\"https:\/\/turbohair.hu\/?s={search_term_string}\"},\"query-input\":{\"@type\":\"PropertyValueSpecification\",\"valueRequired\":true,\"valueName\":\"search_term_string\"}}],\"inLanguage\":\"en-GB\"}]}<\/script>","yoast_head_json":{"title":"Information about the Hair Transplant Clinic and About Us - TurboHair Medical","description":"Get to know the objectives of TurboHair Medicalt, as well as our doctors who perform quality and correct procedures.","robots":{"index":"index","follow":"follow","max-snippet":"max-snippet:-1","max-image-preview":"max-image-preview:large","max-video-preview":"max-video-preview:-1"},"canonical":"https:\/\/turbohair.hu\/en\/about-us\/","og_locale":"en_GB","og_type":"article","og_title":"Inform\u00e1ci\u00f3k a Hajbe\u00fcltet\u00e9si klinik\u00e1r\u00f3l \u00e9s R\u00f3lunk - TurboHair Medical","og_description":"Ismerje meg a TurboHair Medicalt c\u00e9lkit\u0171z\u00e9seit, valamint a min\u0151s\u00e9gi \u00e9s korrekt beavatkoz\u00e1st v\u00e9gz\u0151 orvosainkat.","og_url":"https:\/\/turbohair.hu\/en\/about-us\/","og_site_name":"Hajbe\u00fcltet\u00e9s Budapesten","article_modified_time":"2025-10-18T08:28:07+00:00","twitter_card":"summary_large_image","twitter_misc":{"Estimated reading time":"7 minutes"},"schema":{"@context":"https:\/\/schema.org","@graph":[{"@type":"WebPage","@id":"https:\/\/turbohair.hu\/rolunk\/","url":"https:\/\/turbohair.hu\/rolunk\/","name":"Information about the Hair Transplant Clinic and About Us - TurboHair Medical","isPartOf":{"@id":"https:\/\/turbohair.hu\/#website"},"datePublished":"2022-06-23T19:35:50+00:00","dateModified":"2025-10-18T08:28:07+00:00","description":"Get to know the objectives of TurboHair Medicalt, as well as our doctors who perform quality and correct procedures.","breadcrumb":{"@id":"https:\/\/turbohair.hu\/rolunk\/#breadcrumb"},"inLanguage":"en-GB","potentialAction":[{"@type":"ReadAction","target":["https:\/\/turbohair.hu\/rolunk\/"]}]},{"@type":"BreadcrumbList","@id":"https:\/\/turbohair.hu\/rolunk\/#breadcrumb","itemListElement":[{"@type":"ListItem","position":1,"name":"Kezd\u0151lap","item":"https:\/\/turbohair.hu\/"},{"@type":"ListItem","position":2,"name":"R\u00f3lunk"}]},{"@type":"WebSite","@id":"https:\/\/turbohair.hu\/#website","url":"https:\/\/turbohair.hu\/","name":"Hair transplant in Budapest","description":"Hajbe\u00fcltet\u00e9s Budapesten - Turbohair","potentialAction":[{"@type":"SearchAction","target":{"@type":"EntryPoint","urlTemplate":"https:\/\/turbohair.hu\/?s={search_term_string}"},"query-input":{"@type":"PropertyValueSpecification","valueRequired":true,"valueName":"search_term_string"}}],"inLanguage":"en-GB"}]}},"_links":{"self":[{"href":"https:\/\/turbohair.hu\/en\/wp-json\/wp\/v2\/pages\/4394","targetHints":{"allow":["GET"]}}],"collection":[{"href":"https:\/\/turbohair.hu\/en\/wp-json\/wp\/v2\/pages"}],"about":[{"href":"https:\/\/turbohair.hu\/en\/wp-json\/wp\/v2\/types\/page"}],"author":[{"embeddable":true,"href":"https:\/\/turbohair.hu\/en\/wp-json\/wp\/v2\/users\/1"}],"replies":[{"embeddable":true,"href":"https:\/\/turbohair.hu\/en\/wp-json\/wp\/v2\/comments?post=4394"}],"version-history":[{"count":76,"href":"https:\/\/turbohair.hu\/en\/wp-json\/wp\/v2\/pages\/4394\/revisions"}],"predecessor-version":[{"id":7074,"href":"https:\/\/turbohair.hu\/en\/wp-json\/wp\/v2\/pages\/4394\/revisions\/7074"}],"wp:attachment":[{"href":"https:\/\/turbohair.hu\/en\/wp-json\/wp\/v2\/media?parent=4394"}],"curies":[{"name":"wp","href":"https:\/\/api.w.org\/{rel}","templated":true}]}}