{"id":7076,"date":"2025-10-25T19:33:40","date_gmt":"2025-10-25T19:33:40","guid":{"rendered":"https:\/\/turbohair.hu\/?page_id=7076"},"modified":"2025-10-25T19:33:40","modified_gmt":"2025-10-25T19:33:40","slug":"dhi-hajbeultetes","status":"publish","type":"page","link":"https:\/\/turbohair.hu\/en\/dhi-hajbeultetes\/","title":{"rendered":"DHI hajbe\u00fcltet\u00e9s"},"content":{"rendered":"<div class=\"vc_row wpb_row vc_row-fluid vc_custom_1761417513948 vc_row-has-fill page-margin-top-section\"><div class=\"wpb_column vc_column_container vc_col-sm-4 vc_col-has-fill vc_custom_1736426736481\"><div class=\"wpb_wrapper\">\n\t<div  class=\"wpb_single_image wpb_content_element vc_align_left  vc_custom_1761416223320\">\n\t\t\n\t\t<figure class=\"wpb_wrapper vc_figure\">\n\t\t\t<div class=\"vc_single_image-wrapper   vc_box_border_grey\"><img loading=\"lazy\" decoding=\"async\" width=\"600\" height=\"802\" src=\"https:\/\/turbohair.hu\/wp-content\/uploads\/hajgyogyasz-orvos.webp\" class=\"vc_single_image-img attachment-large\" alt=\"hajgy\u00f3gy\u00e1sz\" title=\"hajgyogyasz-orvos\" srcset=\"https:\/\/turbohair.hu\/wp-content\/uploads\/hajgyogyasz-orvos.webp 600w, https:\/\/turbohair.hu\/wp-content\/uploads\/hajgyogyasz-orvos-224x300.webp 224w\" sizes=\"auto, (max-width: 600px) 100vw, 600px\" \/><\/div>\n\t\t<\/figure>\n\t<\/div>\n<\/div><\/div><div class=\"wpb_column vc_column_container vc_col-sm-8\"><div class=\"wpb_wrapper\"><h1 class=\"box-header\">WHAT IS DHI HAIR TRANSPLANTATION?<\/h1>\n\t<div class=\"wpb_text_column wpb_content_element  large margin-top-20\" >\n\t\t<div class=\"wpb_wrapper\">\n\t\t\t<h2>The answer of artificial intelligence is as follows:<\/h2>\n<p style=\"text-align: justify;\">DHI (Direct Hair Implantation) hair transplantation is a more advanced, precision technology among the modern forms of hair transplantation.<\/p>\n<p style=\"text-align: justify;\">The essence of it is that the extracted hair follicles are implanted directly into the scalp with a special device, the so-called \u201cImplanter Pen\u201d (Choi needle), without drilling or incision.<\/p>\n<p style=\"text-align: justify;\"><strong>Precise process:<\/strong><\/p>\n<p style=\"text-align: justify;\">1. Extraction \u2013 Hair follicles are removed one by one from the donor area (usually from the nape of the neck) with a microsurgical instrument.<br \/>\n2. Implantation \u2013 Each graft is implanted immediately, without making a separate channel, using the implanter pen, at the right angle, depth and direction.<br \/>\n3. Healing \u2013 Since there is no cutting or suturing, healing is faster, there is less scarring, and the chance of infection is minimal.<\/p>\n\n\t\t<\/div>\n\t<\/div>\n<\/div><\/div><\/div><section class=\"vc_section vc_custom_1761417253918 vc_section-has-fill\"><div class=\"vc_row wpb_row vc_row-fluid\"><div class=\"wpb_column vc_column_container vc_col-sm-6\"><div class=\"wpb_wrapper\">\n\t<div class=\"wpb_text_column wpb_content_element  vc_custom_1761419925792 large margin-top-20\" >\n\t\t<div class=\"wpb_wrapper\">\n\t\t\t<h3 style=\"text-align: justify;\"><strong>Main advantages:<\/strong><\/h3>\n\n\t\t<\/div>\n\t<\/div>\n<ul class=\"simple-list clearfix\"><li class=\"template-tick-2 clearfix\">\n\t\t\t<span>No incisions or stitches<\/span><\/li><li class=\"template-tick-2 clearfix\">\n\t\t\t<span>Faster healing (usually 1-2 weeks)<\/span><\/li><li class=\"template-tick-2 clearfix\">\n\t\t\t<span>More natural hairline due to precise implantation direction<\/span><\/li><li class=\"template-tick-2 clearfix\">\n\t\t\t<span>A denser result is also achieved, as the implantation angle and distance can be precisely determined<\/span><\/li><\/ul><\/div><\/div><div class=\"wpb_column vc_column_container vc_col-sm-6\"><div class=\"wpb_wrapper\">\n\t<div class=\"wpb_text_column wpb_content_element  vc_custom_1761420055473 large margin-top-20\" >\n\t\t<div class=\"wpb_wrapper\">\n\t\t\t<h3 style=\"text-align: justify;\"><strong>Disadvantages:<\/strong><\/h3>\n\n\t\t<\/div>\n\t<\/div>\n<ul class=\"simple-list clearfix\"><li class=\"template-tick-2 clearfix\">\n\t\t\t<span><strong>More time-consuming<\/strong> than traditional FUE<\/span><\/li><li class=\"template-tick-2 clearfix\">\n\t\t\t<span><strong>More expensive<\/strong> technology because it requires high precision and special tools<\/span><\/li><\/ul><\/div><\/div><\/div><div class=\"vc_row wpb_row vc_row-fluid vc_custom_1761417182295\"><div class=\"wpb_column vc_column_container vc_col-sm-12\"><div class=\"wpb_wrapper\">\n\t<div class=\"wpb_text_column wpb_content_element  large margin-top-20\" >\n\t\t<div class=\"wpb_wrapper\">\n\t\t\t<p>Overall, the <strong>DHI a legkorszer\u0171bb \u00e9s legk\u00edm\u00e9letesebb hajbe\u00fcltet\u00e9si m\u00f3dszerek egyike<\/strong>, especially recommended for those who want a natural look and quick regeneration.<\/p>\n\n\t\t<\/div>\n\t<\/div>\n<\/div><\/div><\/div><\/section><div class=\"vc_row wpb_row vc_row-fluid vc_custom_1761418134223 vc_row-has-fill full-width\"><div class=\"wpb_column vc_column_container vc_col-sm-12\"><div class=\"wpb_wrapper\">\n\t<div class=\"wpb_text_column wpb_content_element  large margin-top-20\" >\n\t\t<div class=\"wpb_wrapper\">\n\t\t\t<p style=\"text-align: center; font-size: 30px;\"><span style=\"color: #ffffff;\">IS DHI HAIR TRANSPLANTATION REALLY THE BEST SOLUTION?<\/span><\/p>\n\n\t\t<\/div>\n\t<\/div>\n<\/div><\/div><\/div><section class=\"vc_section vc_custom_1761418361194\"><div class=\"vc_row wpb_row vc_row-fluid\"><div class=\"wpb_column vc_column_container vc_col-sm-12\"><div class=\"wpb_wrapper\"><h2 class=\"box-header align-center\">AFTER THIS, WE THINK WE CAN QUESTION ARTIFICIAL INTELLIGENCE WITH MORE THAN 18 YEARS OF EXPERIENCE<\/h2>\n\t<div class=\"wpb_text_column wpb_content_element  large margin-top-20\" >\n\t\t<div class=\"wpb_wrapper\">\n\t\t\t<p style=\"text-align: justify;\">Although the DHI (Direct Hair Implantation) method was indeed developed to allow hair follicles to be implanted directly during hair transplantation, without making a separate incision or hole, unfortunately this is not entirely true in practice.<br \/>\nThe implanter pen (Choi pen) used during the procedure supposedly allows the grafts to be delivered to the scalp in a single motion, but this is not done without an actual incision. The implanter needle itself also punctures the skin, so microincisions are created during the process \u2014 this is inevitable, since the hair follicles have to be delivered under the skin somehow.<\/p>\n<p style=\"text-align: justify;\">Furthermore, implanter needles wear out and become blunt quickly, so after a few grafts are implanted they are no longer able to penetrate the skin properly. This can make implantation more difficult, less precise and even damage the tissues. A blunt implanter cannot achieve adequate density, as the skin must be pierced more and more forcefully during the gradual blunting process, so the previously implanted grafts are simply pushed out in the immediate vicinity of the puncture due to the pressure.<\/p>\n<p style=\"text-align: justify;\">Modern technologies now use much sharper and gentler tools, such as special microblades or sapphire blades, which allow for precise, clean incisions without damaging the tissues. The most important thing in professional hair transplantation is a sharp, precise tool, unfortunately, without it it is hardly possible to perform dense hair transplantation.<\/p>\n\n\t\t<\/div>\n\t<\/div>\n<\/div><\/div><\/div><\/section><section class=\"vc_section vc_custom_1739820141200 vc_section-has-fill\"><div class=\"vc_row wpb_row vc_row-fluid\"><div class=\"wpb_column vc_column_container vc_col-sm-12\"><div class=\"wpb_wrapper\">\n\t<div class=\"wpb_text_column wpb_content_element  large margin-top-20\" >\n\t\t<div class=\"wpb_wrapper\">\n\t\t\t<h2 style=\"text-align: center;\">THE ANSWER OF ARTIFICIAL INTELLIGENCE<\/h2>\n<p>You say it very well \u2014 and you are absolutely right.<\/p>\n<p style=\"text-align: justify;\">DHI is often <strong>overhyped<\/strong>, and because of this, many people believe that it is a \u201cno-scratches\u201d or \u201cno-cuts\u201d procedure, when <strong>in fact, the grafts cannot be implanted without microincisions<\/strong>.<\/p>\n<p>As you correctly wrote:<\/p>\n\n\t\t<\/div>\n\t<\/div>\n<ul class=\"simple-list clearfix\"><li class=\"template-tick-2 clearfix\">\n\t\t\t<span>The implanter pen (Choi pen) itself makes a hole\/incision in the skin when inserting the graft \u2014 so it is not physically possible to perform the implantation completely without an incision.<\/span><\/li><li class=\"template-tick-2 clearfix\">\n\t\t\t<span>In addition, implant needles quickly become blunt, so after a short time they do not pierce accurately enough and can even damage the skin tissue.<\/span><\/li><li class=\"template-tick-2 clearfix\">\n\t\t\t<span>For this reason, many modern clinics (especially more experienced, high-quality places) <strong>rather, specially designed, microscopic blades<\/strong> or <strong>uses sapphire tools<\/strong> because these <strong>sharper, more precise and gentler<\/strong> to the tissues.<\/span><\/li><\/ul>\n\t<div class=\"wpb_text_column wpb_content_element  large margin-top-20\" >\n\t\t<div class=\"wpb_wrapper\">\n\t\t\t<p>So, in theory, DHI is a precise, advanced technique, but in practice:<\/p>\n\n\t\t<\/div>\n\t<\/div>\n<ul class=\"simple-list clearfix\"><li class=\"template-tick-2 clearfix\">\n\t\t\t<span>not completely cut-free,<\/span><\/li><li class=\"template-tick-2 clearfix\">\n\t\t\t<span>not necessarily better than well-executed <strong>Sapphire FUE<\/strong>,<\/span><\/li><li class=\"template-tick-2 clearfix\">\n\t\t\t<span>and is used more as a marketing ploy in many clinics.<\/span><\/li><\/ul>\n\t<div class=\"wpb_text_column wpb_content_element  large margin-top-20\" >\n\t\t<div class=\"wpb_wrapper\">\n\t\t\t<p style=\"text-align: justify;\">It's great that you clarified this \u2014 few people know that the \"no pruning\" slogan is misleading.<\/p>\n<p style=\"text-align: justify;\">If you think so, I'd be happy to help you summarize a <strong>a comparison based on real, professional differences<\/strong> between DHI, FUE and Sapphire FUE \u2014 in a format that could even be included on a website or in informational material. Interested?<\/p>\n\n\t\t<\/div>\n\t<\/div>\n<\/div><\/div><\/div><\/section><section class=\"vc_section vc_custom_1739821159998\"><div class=\"vc_row wpb_row vc_row-fluid vc_custom_1739820432810 vc_row-has-fill page-margin-top\"><div class=\"wpb_column vc_column_container vc_col-sm-4 vc_col-has-fill vc_custom_1736426736481\"><div class=\"wpb_wrapper\">\n\t<div  class=\"wpb_single_image wpb_content_element vc_align_left\">\n\t\t\n\t\t<figure class=\"wpb_wrapper vc_figure\">\n\t\t\t<div class=\"vc_single_image-wrapper   vc_box_border_grey\"><img loading=\"lazy\" decoding=\"async\" width=\"841\" height=\"1024\" src=\"https:\/\/turbohair.hu\/wp-content\/uploads\/hajbeultetes.webp\" class=\"vc_single_image-img attachment-large\" alt=\"Hair transplantation\" title=\"hajbeultetes\" srcset=\"https:\/\/turbohair.hu\/wp-content\/uploads\/hajbeultetes.webp 841w, https:\/\/turbohair.hu\/wp-content\/uploads\/hajbeultetes-246x300.webp 246w, https:\/\/turbohair.hu\/wp-content\/uploads\/hajbeultetes-768x935.webp 768w\" sizes=\"auto, (max-width: 841px) 100vw, 841px\" \/><\/div>\n\t\t<\/figure>\n\t<\/div>\n<\/div><\/div><div class=\"wpb_column vc_column_container vc_col-sm-8\"><div class=\"wpb_wrapper\">\n\t<div class=\"wpb_text_column wpb_content_element  large margin-top-20\" >\n\t\t<div class=\"wpb_wrapper\">\n\t\t\t<h1 style=\"text-align: left;\">IN SUMMARY, WE THINK<\/h1>\n<p style=\"text-align: justify;\">The basic concept is brilliant. Even a layman would think that this really works and is almost perfect, but in theory DHI is a \u201cmodern and advanced\u201d procedure, but in practice it is not completely incision-free and, due to the rapid wear of the tools, does not provide better results than a carefully performed Premium FUE implantation or Sapphire FUE technique. A professional hair transplant doctor will not stick the implanter into the scalp, because there is no point, he would only make the surgery more difficult for himself. It is also completely unnecessary, since there is a wide range of modern tools developed for this part already on the hair transplant market.<\/p>\n<p>Ui.: Akkor most j\u00f6jj\u00f6n egy kis t\u00f6rt\u00e9nelem<\/p>\n\n\t\t<\/div>\n\t<\/div>\n\n\t<div class=\"wpb_text_column wpb_content_element  large margin-top-20\" >\n\t\t<div class=\"wpb_wrapper\">\n\t\t\t<h2>A DHI hajbe\u00fcltet\u00e9s eredete \u00e9s sikere:<\/h2>\n<p style=\"text-align: justify;\">A <strong>DHI (Direct Hair Implantation)<\/strong> technika <strong>G\u00f6r\u00f6gorsz\u00e1gb\u00f3l<\/strong> sz\u00e1rmazik. A m\u00f3dszert a <strong>DHI Global Medical Group<\/strong> fejlesztette \u00e9s v\u00e9dette le az 1990-es \u00e9vek v\u00e9g\u00e9n, majd <strong>2000 k\u00f6r\u00fcl<\/strong> kezdte el nemzetk\u00f6zi szinten terjeszteni. A k\u00f6zpontja <strong>Ath\u00e9nban<\/strong> tal\u00e1lhat\u00f3, de ma m\u00e1r vil\u00e1gszerte vannak DHI-franchise klinik\u00e1k (Eur\u00f3p\u00e1ban, \u00c1zsi\u00e1ban, az Egyes\u00fclt Kir\u00e1lys\u00e1gban, s\u0151t az USA-ban is).<\/p>\n\n\t\t<\/div>\n\t<\/div>\n<\/div><\/div><\/div><\/section><section class=\"vc_section vc_custom_1761419488969 vc_section-has-fill\"><div class=\"vc_row wpb_row vc_row-fluid\"><div class=\"wpb_column vc_column_container vc_col-sm-12\"><div class=\"wpb_wrapper\">\n\t<div class=\"wpb_text_column wpb_content_element  large margin-top-20\" >\n\t\t<div class=\"wpb_wrapper\">\n\t\t\t<p style=\"text-align: justify;\">A DHI Global c\u00e9lja az volt, hogy a hajbe\u00fcltet\u00e9st <strong>prec\u00edzebb\u00e9 \u00e9s kev\u00e9sb\u00e9 invaz\u00edvv\u00e1<\/strong> tegye az akkori elterjedt <strong>FUT<\/strong> (cs\u00edkv\u00e9teles) \u00e9s <strong>FUE<\/strong> technik\u00e1khoz k\u00e9pest.<\/p>\n<p style=\"text-align: justify;\">Ennek \u00e9rdek\u00e9ben fejlesztett\u00e9k ki az \u00fan. <strong>Choi implanter tollat<\/strong> \u2013 eredetileg a <strong>Kyungpook National University (D\u00e9l-Korea)<\/strong> kutat\u00f3i dolgozt\u00e1k ki a &#8217;90-es \u00e9vek elej\u00e9n, majd a DHI c\u00e9g ezt a koncepci\u00f3t tov\u00e1bbfejlesztette, \u00e9s saj\u00e1t n\u00e9ven kezdte alkalmazni a hajbe\u00fcltet\u00e9sben.<\/p>\n<p style=\"text-align: justify;\">V\u00e9lem\u00e9ny\u00fcnk szerint a hajbe\u00fcltet\u00e9s ma nem tartana ott ahol tart, ha nem lett volna a DHI klinika. Hihetetlen precizit\u00e1st \u00e9s szeml\u00e9letv\u00e1lt\u00e1st hoztak a hajbe\u00fcltet\u00e9s piac\u00e1ra, ami vitathatatlanul az \u0150 \u00e9rdem\u00fck, de ma m\u00e1r a DHI ink\u00e1bb egy m\u00e1rkan\u00e9v \u00e9s m\u00f3dszertan, mintsem teljesen \u00faj orvosi technika.<\/p>\n<p style=\"text-align: left;\">Klinik\u00e1nk is az ismert min\u0151s\u00e9gi CHOI implanterrel dolgozik m\u00e1r t\u00f6bb mint 18 \u00e9ve, mert maga az eszk\u00f6z rendk\u00edv\u00fcl prec\u00edz, de el\u0151re k\u00e9sz\u00edtett metsz\u00e9sek n\u00e9lk\u00fcl, szinte lehetetlen lenne a hajbe\u00fcltet\u00e9st elv\u00e9gezni.<\/p>\n\n\t\t<\/div>\n\t<\/div>\n<\/div><\/div><\/div><\/section>","protected":false},"excerpt":{"rendered":"MI IS AZ A DHI HAJBE\u00dcLTET\u00c9S? A mesters\u00e9ges intelligencia v\u00e1lasza a k\u00f6vetkez\u0151: A DHI (Direct Hair Implantation) hajbe\u00fcltet\u00e9s egy fejlettebb, prec\u00edzi\u00f3s technol\u00f3gia a haj\u00e1t\u00fcltet\u00e9s modern form\u00e1i k\u00f6z\u00f6tt. A l\u00e9nyege, hogy a kinyert hajt\u00fcsz\u0151ket egy speci\u00e1lis eszk\u00f6zzel, az \u00fan. \u201cImplanter Pen\u201d-nel (Choi-t\u0171) k\u00f6zvetlen\u00fcl \u00fcltetik be a fejb\u0151rbe, f\u00far\u00e1s vagy bemetsz\u00e9s n\u00e9lk\u00fcl. Pontos folyamat: 1. Kiv\u00e9tel \u2013","protected":false},"author":1,"featured_media":0,"parent":0,"menu_order":0,"comment_status":"closed","ping_status":"closed","template":"","meta":{"footnotes":""},"class_list":["post-7076","page","type-page","status-publish","hentry"],"yoast_head":"<title>DHI hajbe\u00fcltet\u00e9s val\u00f3ban a legjobb m\u00f3dszer?<\/title>\n<meta name=\"description\" content=\"A DHI hajbe\u00fcltet\u00e9s el\u0151nyei \u00e9s h\u00e1tr\u00e1nyai. Ismerkedjen meg a modern DHI hajbe\u00fcltet\u00e9si m\u00f3dszerrel, technol\u00f3gi\u00e1val.\" \/>\n<meta name=\"robots\" content=\"index, follow, max-snippet:-1, max-image-preview:large, max-video-preview:-1\" \/>\n<link rel=\"canonical\" href=\"https:\/\/turbohair.hu\/en\/dhi-hajbeultetes\/\" \/>\n<meta property=\"og:locale\" content=\"en_GB\" \/>\n<meta property=\"og:type\" content=\"article\" \/>\n<meta property=\"og:title\" content=\"DHI hajbe\u00fcltet\u00e9s val\u00f3ban a legjobb m\u00f3dszer?\" \/>\n<meta property=\"og:description\" content=\"A DHI hajbe\u00fcltet\u00e9s el\u0151nyei \u00e9s h\u00e1tr\u00e1nyai. Ismerkedjen meg a modern DHI hajbe\u00fcltet\u00e9si m\u00f3dszerrel, technol\u00f3gi\u00e1val.\" \/>\n<meta property=\"og:url\" content=\"https:\/\/turbohair.hu\/en\/dhi-hajbeultetes\/\" \/>\n<meta property=\"og:site_name\" content=\"Hajbe\u00fcltet\u00e9s Budapesten\" \/>\n<meta name=\"twitter:card\" content=\"summary_large_image\" \/>\n<meta name=\"twitter:label1\" content=\"Estimated reading time\" \/>\n\t<meta name=\"twitter:data1\" content=\"7 minutes\" \/>\n<script type=\"application\/ld+json\" class=\"yoast-schema-graph\">{\"@context\":\"https:\/\/schema.org\",\"@graph\":[{\"@type\":\"WebPage\",\"@id\":\"https:\/\/turbohair.hu\/dhi-hajbeultetes\/\",\"url\":\"https:\/\/turbohair.hu\/dhi-hajbeultetes\/\",\"name\":\"DHI hajbe\u00fcltet\u00e9s val\u00f3ban a legjobb m\u00f3dszer?\",\"isPartOf\":{\"@id\":\"https:\/\/turbohair.hu\/#website\"},\"datePublished\":\"2025-10-25T19:33:40+00:00\",\"description\":\"A DHI hajbe\u00fcltet\u00e9s el\u0151nyei \u00e9s h\u00e1tr\u00e1nyai. Ismerkedjen meg a modern DHI hajbe\u00fcltet\u00e9si m\u00f3dszerrel, technol\u00f3gi\u00e1val.\",\"breadcrumb\":{\"@id\":\"https:\/\/turbohair.hu\/dhi-hajbeultetes\/#breadcrumb\"},\"inLanguage\":\"en-GB\",\"potentialAction\":[{\"@type\":\"ReadAction\",\"target\":[\"https:\/\/turbohair.hu\/dhi-hajbeultetes\/\"]}]},{\"@type\":\"BreadcrumbList\",\"@id\":\"https:\/\/turbohair.hu\/dhi-hajbeultetes\/#breadcrumb\",\"itemListElement\":[{\"@type\":\"ListItem\",\"position\":1,\"name\":\"Kezd\u0151lap\",\"item\":\"https:\/\/turbohair.hu\/\"},{\"@type\":\"ListItem\",\"position\":2,\"name\":\"DHI hajbe\u00fcltet\u00e9s\"}]},{\"@type\":\"WebSite\",\"@id\":\"https:\/\/turbohair.hu\/#website\",\"url\":\"https:\/\/turbohair.hu\/\",\"name\":\"Hajbe\u00fcltet\u00e9s Budapesten\",\"description\":\"Hajbe\u00fcltet\u00e9s Budapesten - Turbohair\",\"potentialAction\":[{\"@type\":\"SearchAction\",\"target\":{\"@type\":\"EntryPoint\",\"urlTemplate\":\"https:\/\/turbohair.hu\/?s={search_term_string}\"},\"query-input\":{\"@type\":\"PropertyValueSpecification\",\"valueRequired\":true,\"valueName\":\"search_term_string\"}}],\"inLanguage\":\"en-GB\"}]}<\/script>","yoast_head_json":{"title":"DHI hajbe\u00fcltet\u00e9s val\u00f3ban a legjobb m\u00f3dszer?","description":"A DHI hajbe\u00fcltet\u00e9s el\u0151nyei \u00e9s h\u00e1tr\u00e1nyai. Ismerkedjen meg a modern DHI hajbe\u00fcltet\u00e9si m\u00f3dszerrel, technol\u00f3gi\u00e1val.","robots":{"index":"index","follow":"follow","max-snippet":"max-snippet:-1","max-image-preview":"max-image-preview:large","max-video-preview":"max-video-preview:-1"},"canonical":"https:\/\/turbohair.hu\/en\/dhi-hajbeultetes\/","og_locale":"en_GB","og_type":"article","og_title":"DHI hajbe\u00fcltet\u00e9s val\u00f3ban a legjobb m\u00f3dszer?","og_description":"A DHI hajbe\u00fcltet\u00e9s el\u0151nyei \u00e9s h\u00e1tr\u00e1nyai. Ismerkedjen meg a modern DHI hajbe\u00fcltet\u00e9si m\u00f3dszerrel, technol\u00f3gi\u00e1val.","og_url":"https:\/\/turbohair.hu\/en\/dhi-hajbeultetes\/","og_site_name":"Hajbe\u00fcltet\u00e9s Budapesten","twitter_card":"summary_large_image","twitter_misc":{"Estimated reading time":"7 minutes"},"schema":{"@context":"https:\/\/schema.org","@graph":[{"@type":"WebPage","@id":"https:\/\/turbohair.hu\/dhi-hajbeultetes\/","url":"https:\/\/turbohair.hu\/dhi-hajbeultetes\/","name":"DHI hajbe\u00fcltet\u00e9s val\u00f3ban a legjobb m\u00f3dszer?","isPartOf":{"@id":"https:\/\/turbohair.hu\/#website"},"datePublished":"2025-10-25T19:33:40+00:00","description":"A DHI hajbe\u00fcltet\u00e9s el\u0151nyei \u00e9s h\u00e1tr\u00e1nyai. Ismerkedjen meg a modern DHI hajbe\u00fcltet\u00e9si m\u00f3dszerrel, technol\u00f3gi\u00e1val.","breadcrumb":{"@id":"https:\/\/turbohair.hu\/dhi-hajbeultetes\/#breadcrumb"},"inLanguage":"en-GB","potentialAction":[{"@type":"ReadAction","target":["https:\/\/turbohair.hu\/dhi-hajbeultetes\/"]}]},{"@type":"BreadcrumbList","@id":"https:\/\/turbohair.hu\/dhi-hajbeultetes\/#breadcrumb","itemListElement":[{"@type":"ListItem","position":1,"name":"Kezd\u0151lap","item":"https:\/\/turbohair.hu\/"},{"@type":"ListItem","position":2,"name":"DHI hajbe\u00fcltet\u00e9s"}]},{"@type":"WebSite","@id":"https:\/\/turbohair.hu\/#website","url":"https:\/\/turbohair.hu\/","name":"Hair transplant in Budapest","description":"Hajbe\u00fcltet\u00e9s Budapesten - Turbohair","potentialAction":[{"@type":"SearchAction","target":{"@type":"EntryPoint","urlTemplate":"https:\/\/turbohair.hu\/?s={search_term_string}"},"query-input":{"@type":"PropertyValueSpecification","valueRequired":true,"valueName":"search_term_string"}}],"inLanguage":"en-GB"}]}},"_links":{"self":[{"href":"https:\/\/turbohair.hu\/en\/wp-json\/wp\/v2\/pages\/7076","targetHints":{"allow":["GET"]}}],"collection":[{"href":"https:\/\/turbohair.hu\/en\/wp-json\/wp\/v2\/pages"}],"about":[{"href":"https:\/\/turbohair.hu\/en\/wp-json\/wp\/v2\/types\/page"}],"author":[{"embeddable":true,"href":"https:\/\/turbohair.hu\/en\/wp-json\/wp\/v2\/users\/1"}],"replies":[{"embeddable":true,"href":"https:\/\/turbohair.hu\/en\/wp-json\/wp\/v2\/comments?post=7076"}],"version-history":[{"count":75,"href":"https:\/\/turbohair.hu\/en\/wp-json\/wp\/v2\/pages\/7076\/revisions"}],"predecessor-version":[{"id":7151,"href":"https:\/\/turbohair.hu\/en\/wp-json\/wp\/v2\/pages\/7076\/revisions\/7151"}],"wp:attachment":[{"href":"https:\/\/turbohair.hu\/en\/wp-json\/wp\/v2\/media?parent=7076"}],"curies":[{"name":"wp","href":"https:\/\/api.w.org\/{rel}","templated":true}]}}