{"id":1738,"date":"2013-02-14T10:21:24","date_gmt":"2013-02-14T10:21:24","guid":{"rendered":"http:\/\/localhost\/wordpress\/medicenter\/?page_id=6"},"modified":"2022-10-15T19:46:23","modified_gmt":"2022-10-15T19:46:23","slug":"blog","status":"publish","type":"page","link":"https:\/\/turbohair.hu\/fr\/blog\/","title":{"rendered":"Blog"},"content":{"rendered":"<div class=\"vc_row wpb_row vc_row-fluid\"><div class=\"wpb_column vc_column_container vc_col-sm-8\"><div class=\"wpb_wrapper\"><ul class=\"blog simple clearfix page-margin-top\"><li class=\"item-content  post post-6596 type-post status-publish format-standard has-post-thumbnail hentry category-hajbeultetes tag-hajbeultetes-budapest\"><a class=\"thumb-image\" href=\"https:\/\/turbohair.hu\/fr\/miert-jo-megoldas-a-hajatultetes\/\" title=\"POURQUOI LA GREFFE DE CHEVEUX EST-ELLE UNE BONNE SOLUTION?\"><img loading=\"lazy\" decoding=\"async\" width=\"100\" height=\"100\" src=\"https:\/\/turbohair.hu\/wp-content\/uploads\/slide-03-100x100.webp\" class=\"attachment-medicenter-small-thumb size-medicenter-small-thumb wp-post-image\" alt=\"POURQUOI LA GREFFE DE CHEVEUX EST-ELLE UNE BONNE SOLUTION?\" title=\"\" srcset=\"https:\/\/turbohair.hu\/wp-content\/uploads\/slide-03-100x100.webp 100w, https:\/\/turbohair.hu\/wp-content\/uploads\/slide-03-150x150.webp 150w\" sizes=\"auto, (max-width: 100px) 100vw, 100px\" \/><\/a><div class=\"text\"><h3> <a href=\"https:\/\/turbohair.hu\/fr\/miert-jo-megoldas-a-hajatultetes\/\" title=\"POURQUOI LA GREFFE DE CHEVEUX EST-ELLE UNE BONNE SOLUTION?\">POURQUOI LA GREFFE DE CHEVEUX EST-ELLE UNE BONNE SOLUTION?<\/a><\/h3> <p>La greffe de cheveux peut vous rajeunir pendant plusieurs ann\u00e9es sans que vous vous en rendiez compte, mais elle peut aussi vous aider \u00e0 retrouver votre apparence d'antan, et donc votre confiance en vous et votre attractivit\u00e9. Si vous souhaitez retrouver votre apparence d'antan, rejoignez-nous et nous vous montrerons combien de temps...<a title=\"Read more\" href=\"https:\/\/turbohair.hu\/fr\/miert-jo-megoldas-a-hajatultetes\/\" class=\"more template-arrow-horizontal-1-after\">Read more<\/a><\/p>\n<\/div>\t\t<div class=\"post-footer clearfix\">\n\t\t\t\t\t\t\t\t<ul class=\"post-footer-details\"><li class=\"post-footer-category\">\n\t\t\t\t\t\t\t\t\t\t\t<a href=\"https:\/\/turbohair.hu\/fr\/category\/hajbeultetes\/\" title=\"View all posts filed under Hajbe\u00fcltet\u00e9s\">Greffe de cheveux<\/a>\n\t\t\t\t\t\t\t\t\t\t<\/li><li class=\"post-footer-date\">\n\t\t\t\t\t\t\t\t\t\t2024.01.06.\n\t\t\t\t\t\t\t\t\t<\/li><\/ul><\/div><\/li><li class=\"item-content  post post-6358 type-post status-publish format-standard has-post-thumbnail hentry category-hajbeultetes tag-hajbeultetes-budapest\"><a class=\"thumb-image\" href=\"https:\/\/turbohair.hu\/fr\/milyen-az-idealis-hajvonal-a-hajbeultetes-soran\/\" title=\"QUELLE EST LA LIGNE DE CHEVEUX ID\u00c9ALE PENDANT LA GREFFE DE CHEVEUX\u00a0?\"><img loading=\"lazy\" decoding=\"async\" width=\"100\" height=\"100\" src=\"https:\/\/turbohair.hu\/wp-content\/uploads\/hajbeultetes-slide-02-1-100x100.webp\" class=\"attachment-medicenter-small-thumb size-medicenter-small-thumb wp-post-image\" alt=\"QUELLE EST LA LIGNE DE CHEVEUX ID\u00c9ALE PENDANT LA GREFFE DE CHEVEUX\u00a0?\" title=\"\" srcset=\"https:\/\/turbohair.hu\/wp-content\/uploads\/hajbeultetes-slide-02-1-100x100.webp 100w, https:\/\/turbohair.hu\/wp-content\/uploads\/hajbeultetes-slide-02-1-150x150.webp 150w\" sizes=\"auto, (max-width: 100px) 100vw, 100px\" \/><\/a><div class=\"text\"><h3> <a href=\"https:\/\/turbohair.hu\/fr\/milyen-az-idealis-hajvonal-a-hajbeultetes-soran\/\" title=\"QUELLE EST LA LIGNE DE CHEVEUX ID\u00c9ALE PENDANT LA GREFFE DE CHEVEUX\u00a0?\">QUELLE EST LA LIGNE DE CHEVEUX ID\u00c9ALE PENDANT LA GREFFE DE CHEVEUX\u00a0?<\/a><\/h3> <p>Lorsqu'il s'agit d'une greffe de cheveux, l'une des t\u00e2ches les plus critiques et les plus importantes consiste \u00e0 cr\u00e9er la bonne ligne capillaire. La ligne capillaire id\u00e9ale d\u00e9pend de l'individu, mais elle est certainement d\u00e9termin\u00e9e par la forme de la t\u00eate, le degr\u00e9 de calvitie, l'\u00e2ge, la nouvelle coiffure envisag\u00e9e et m\u00eame la...<a title=\"Read more\" href=\"https:\/\/turbohair.hu\/fr\/milyen-az-idealis-hajvonal-a-hajbeultetes-soran\/\" class=\"more template-arrow-horizontal-1-after\">Read more<\/a><\/p>\n<\/div>\t\t<div class=\"post-footer clearfix\">\n\t\t\t\t\t\t\t\t<ul class=\"post-footer-details\"><li class=\"post-footer-category\">\n\t\t\t\t\t\t\t\t\t\t\t<a href=\"https:\/\/turbohair.hu\/fr\/category\/hajbeultetes\/\" title=\"View all posts filed under Hajbe\u00fcltet\u00e9s\">Greffe de cheveux<\/a>\n\t\t\t\t\t\t\t\t\t\t<\/li><li class=\"post-footer-date\">\n\t\t\t\t\t\t\t\t\t\t2023.09.22.\n\t\t\t\t\t\t\t\t\t<\/li><\/ul><\/div><\/li><li class=\"item-content  post post-5709 type-post status-publish format-standard has-post-thumbnail hentry category-hajbeultetes tag-hajbeultetes-budapest\"><a class=\"thumb-image\" href=\"https:\/\/turbohair.hu\/fr\/melyik-a-legjobb-idoszak-a-hajbeultetesre\/\" title=\"QUELLE EST LA MEILLEURE P\u00c9RIODE POUR LA GREFFE DE CHEVEUX ?!\"><img loading=\"lazy\" decoding=\"async\" width=\"100\" height=\"100\" src=\"https:\/\/turbohair.hu\/wp-content\/uploads\/slide-01-100x100.webp\" class=\"attachment-medicenter-small-thumb size-medicenter-small-thumb wp-post-image\" alt=\"QUELLE EST LA MEILLEURE P\u00c9RIODE POUR LA GREFFE DE CHEVEUX ?!\" title=\"\" srcset=\"https:\/\/turbohair.hu\/wp-content\/uploads\/slide-01-100x100.webp 100w, https:\/\/turbohair.hu\/wp-content\/uploads\/slide-01-150x150.webp 150w\" sizes=\"auto, (max-width: 100px) 100vw, 100px\" \/><\/a><div class=\"text\"><h3> <a href=\"https:\/\/turbohair.hu\/fr\/melyik-a-legjobb-idoszak-a-hajbeultetesre\/\" title=\"QUELLE EST LA MEILLEURE P\u00c9RIODE POUR LA GREFFE DE CHEVEUX ?!\">QUELLE EST LA MEILLEURE P\u00c9RIODE POUR LA GREFFE DE CHEVEUX ?!<\/a><\/h3> <p>Beaucoup de gens demandent quelle saison est la plus appropri\u00e9e pour la greffe de cheveux. La r\u00e9ponse est simple, mais complexe. La greffe de cheveux peut \u00eatre effectu\u00e9e n'importe quel jour de l'ann\u00e9e. MAIS!<a title=\"Read more\" href=\"https:\/\/turbohair.hu\/fr\/melyik-a-legjobb-idoszak-a-hajbeultetesre\/\" class=\"more template-arrow-horizontal-1-after\">Read more<\/a><\/p>\n<\/div>\t\t<div class=\"post-footer clearfix\">\n\t\t\t\t\t\t\t\t<ul class=\"post-footer-details\"><li class=\"post-footer-category\">\n\t\t\t\t\t\t\t\t\t\t\t<a href=\"https:\/\/turbohair.hu\/fr\/category\/hajbeultetes\/\" title=\"View all posts filed under Hajbe\u00fcltet\u00e9s\">Greffe de cheveux<\/a>\n\t\t\t\t\t\t\t\t\t\t<\/li><li class=\"post-footer-date\">\n\t\t\t\t\t\t\t\t\t\t2022.11.01.\n\t\t\t\t\t\t\t\t\t<\/li><\/ul><\/div><\/li><li class=\"item-content  post post-4454 type-post status-publish format-standard has-post-thumbnail hentry category-hajbeultetes tag-hajbeultetes-budapest\"><a class=\"thumb-image\" href=\"https:\/\/turbohair.hu\/fr\/hajbeultetes-budapest-innovativ-technologiaval-a-kopaszodas-ellen\/\" title=\"GREFFE DE CHEVEUX BUDAPEST - AVEC UNE TECHNOLOGIE INNOVANTE CONTRE LA CALVITIE\"><img loading=\"lazy\" decoding=\"async\" width=\"100\" height=\"100\" src=\"https:\/\/turbohair.hu\/wp-content\/uploads\/hajbeultetes-orvos-100x100.webp\" class=\"attachment-medicenter-small-thumb size-medicenter-small-thumb wp-post-image\" alt=\"GREFFE DE CHEVEUX BUDAPEST - AVEC UNE TECHNOLOGIE INNOVANTE CONTRE LA CALVITIE\" title=\"\" srcset=\"https:\/\/turbohair.hu\/wp-content\/uploads\/hajbeultetes-orvos-100x100.webp 100w, https:\/\/turbohair.hu\/wp-content\/uploads\/hajbeultetes-orvos-150x150.webp 150w\" sizes=\"auto, (max-width: 100px) 100vw, 100px\" \/><\/a><div class=\"text\"><h3> <a href=\"https:\/\/turbohair.hu\/fr\/hajbeultetes-budapest-innovativ-technologiaval-a-kopaszodas-ellen\/\" title=\"GREFFE DE CHEVEUX BUDAPEST - AVEC UNE TECHNOLOGIE INNOVANTE CONTRE LA CALVITIE\">GREFFE DE CHEVEUX BUDAPEST - AVEC UNE TECHNOLOGIE INNOVANTE CONTRE LA CALVITIE<\/a><\/h3> <p>Greffe de cheveux professionnelle \u00e0 Budapest: notre clinique priv\u00e9e propose des interventions esth\u00e9tiques avec plus, de 10 ans d'exp\u00e9rience et d'expertise. Environnement exclusif, technologie moderne et r\u00e9sultats garantis - ce sont les meilleures caract\u00e9ristiques du centre de diagnostic et de greffe de cheveux Turbohair<a title=\"Read more\" href=\"https:\/\/turbohair.hu\/fr\/hajbeultetes-budapest-innovativ-technologiaval-a-kopaszodas-ellen\/\" class=\"more template-arrow-horizontal-1-after\">Read more<\/a><\/p>\n<\/div>\t\t<div class=\"post-footer clearfix\">\n\t\t\t\t\t\t\t\t<ul class=\"post-footer-details\"><li class=\"post-footer-category\">\n\t\t\t\t\t\t\t\t\t\t\t<a href=\"https:\/\/turbohair.hu\/fr\/category\/hajbeultetes\/\" title=\"View all posts filed under Hajbe\u00fcltet\u00e9s\">Greffe de cheveux<\/a>\n\t\t\t\t\t\t\t\t\t\t<\/li><li class=\"post-footer-date\">\n\t\t\t\t\t\t\t\t\t\t2022.06.24.\n\t\t\t\t\t\t\t\t\t<\/li><\/ul><\/div><\/li><li class=\"item-content  post post-1393 type-post status-publish format-standard has-post-thumbnail hentry category-hajgyogyaszat tag-hajgyogyaszat-budapest\"><a class=\"thumb-image\" href=\"https:\/\/turbohair.hu\/fr\/hajgyogyaszat-budapest\/\" title=\"MEDECINE CAPILLAIRE BUDAPEST\"><img loading=\"lazy\" decoding=\"async\" width=\"100\" height=\"100\" src=\"https:\/\/turbohair.hu\/wp-content\/uploads\/hajgyogyaszat-orvos-100x100.webp\" class=\"attachment-medicenter-small-thumb size-medicenter-small-thumb wp-post-image\" alt=\"MEDECINE CAPILLAIRE BUDAPEST\" title=\"\" srcset=\"https:\/\/turbohair.hu\/wp-content\/uploads\/hajgyogyaszat-orvos-100x100.webp 100w, https:\/\/turbohair.hu\/wp-content\/uploads\/hajgyogyaszat-orvos-150x150.webp 150w\" sizes=\"auto, (max-width: 100px) 100vw, 100px\" \/><\/a><div class=\"text\"><h3> <a href=\"https:\/\/turbohair.hu\/fr\/hajgyogyaszat-budapest\/\" title=\"MEDECINE CAPILLAIRE BUDAPEST\">MEDECINE CAPILLAIRE BUDAPEST<\/a><\/h3> <p>La clinique de soins capillaires TurboHair \u00e0 Budapest vous attend avec des ann\u00e9es d'expertise et d'exp\u00e9rience. Dans cet article, nous passons en revue ce que traite la m\u00e9decine capillaire et en quoi elle peut vous aider, ainsi que les services de notre clinique capillaire premium<a title=\"Read more\" href=\"https:\/\/turbohair.hu\/fr\/hajgyogyaszat-budapest\/\" class=\"more template-arrow-horizontal-1-after\">Read more<\/a><\/p>\n<\/div>\t\t<div class=\"post-footer clearfix\">\n\t\t\t\t\t\t\t\t<ul class=\"post-footer-details\"><li class=\"post-footer-category\">\n\t\t\t\t\t\t\t\t\t\t\t<a href=\"https:\/\/turbohair.hu\/fr\/category\/hajgyogyaszat\/\" title=\"View all posts filed under Hajgy\u00f3gy\u00e1szat\">M\u00e9decine capillaire<\/a>\n\t\t\t\t\t\t\t\t\t\t<\/li><li class=\"post-footer-date\">\n\t\t\t\t\t\t\t\t\t\t2017.02.12.\n\t\t\t\t\t\t\t\t\t<\/li><\/ul><\/div><\/li><\/ul><\/div><\/div><div class=\"wpb_column vc_column_container vc_col-sm-4\"><div class=\"wpb_wrapper\">\n\t<div class=\"wpb_widgetised_column wpb_content_element clearfix page-margin-top\">\n\t\t<div class=\"wpb_wrapper\">\n\t\t\t\n\t\t\t<div id='categories-3' class='widget widget_categories sidebar-box'><h3 class='box-header animation-slide'>Cat\u00e9gories<\/h3>\n\t\t\t<ul>\n\t\t\t\t\t<li class=\"cat-item cat-item-45\"><a href=\"https:\/\/turbohair.hu\/fr\/category\/hajbeultetes\/\">Greffe de cheveux<\/a>\n<\/li>\n\t<li class=\"cat-item cat-item-46\"><a href=\"https:\/\/turbohair.hu\/fr\/category\/hajgyogyaszat\/\">M\u00e9decine capillaire<\/a>\n<\/li>\n\t\t\t<\/ul>\n\n\t\t\t<\/div><div id='tag_cloud-2' class='widget widget_tag_cloud sidebar-box'><h3 class='box-header animation-slide'>\u00c9tiquettes<\/h3><div class=\"tagcloud\"><a href=\"https:\/\/turbohair.hu\/fr\/tag\/hajbeultetes-budapest\/\" class=\"tag-cloud-link tag-link-49 tag-link-position-1\" style=\"font-size: 22pt;\" aria-label=\"Hajbe\u00fcltet\u00e9s Budapest (4 \u00e9l\u00e9ments)\">Greffe de cheveux Budapest<\/a>\n<a href=\"https:\/\/turbohair.hu\/fr\/tag\/hajgyogyaszat-budapest\/\" class=\"tag-cloud-link tag-link-48 tag-link-position-2\" style=\"font-size: 8pt;\" aria-label=\"Hajgy\u00f3gy\u00e1szat Budapest (1 \u00e9l\u00e9ment)\">Soins capillaires Budapest<\/a><\/div>\n<\/div><div id='medicenter_appointment-4' class='widget mc-appointment-widget sidebar-box'><h3 class='box-header animation-slide animation-slide'>Contacts<\/h3>\t\t<ul class=\"contact-data\">\n\t\t\t\t\t\t<li class=\"clearfix social-location\"><div class=\"value\">1135 Budapest, F\u00e1y utca 75\/a<\/div><\/li>\n\t\t\t\t\t\t<li class=\"clearfix social-mobile\"><div class=\"value\"><a href=\"tel:+36304921045\">+36 30 492 1045<\/a><\/div><\/li>\n\t\t\t\t\t\t<li class=\"clearfix social-email\"><div class=\"value\">Prenez rendez-vous:<br><a href=\"mailto:info@turbohair.hu\">Envoi d'e-mails<\/a><\/div><\/li>\n\t\t\t\t\t\t<li class=\"clearfix social-facebook\"><div class=\"value\">Facebook:<br><a href=\"https:\/\/www.facebook.com\/people\/Hajmeg%C3%BAjul%C3%A1s-%C3%9Aj-Dimenzi%C3%B3ja\/100077976618810\/\" target=\"_blank\">facebook.com\/turbohair<\/a><\/div><\/li>\n\t\t\t\t\t<\/ul>\n\t\t<\/div>\n\t\t<\/div>\n\t<\/div>\n<\/div><\/div><\/div>","protected":false},"excerpt":{"rendered":"KORSZER\u0170 HAJGY\u00d3GY\u00c1SZAT BUDAPEST SZ\u00cdV\u00c9BEN A 13. KER\u00dcLETBEN A TurboHair hajgy\u00f3gy\u00e1szati klinika Budapesten t\u00f6bb \u00e9ves szak\u00e9rtelemmel \u00e9s tapasztalattal v\u00e1rja \u00d6nt. Ebben a cikk\u00fcnkben k\u00f6rbej\u00e1rjuk, hogy mivel foglalkozik a hajgy\u00f3gy\u00e1szat \u00e9s miben tud seg\u00edteni \u00d6nnek, valamint bemutatjuk pr\u00e9mium hajklinik\u00e1nk szolg\u00e1ltat\u00e1sait, az \u00e1ltalunk alkalmazott vizsg\u00e1lati m\u00f3dszereket. Tartson vel\u00fcnk! MIVEL FOGLALKOZIK A HAJGY\u00d3GY\u00c1SZ? \u00d6nt is \u00e9rinti a hajhull\u00e1s, hajritkul\u00e1s","protected":false},"author":1,"featured_media":0,"parent":0,"menu_order":0,"comment_status":"open","ping_status":"open","template":"template-blog.php","meta":{"footnotes":""},"class_list":["post-1738","page","type-page","status-publish","hentry"],"yoast_head":"<title>Hajbe\u00fcltet\u00e9s blog<\/title>\n<meta name=\"description\" content=\"Hajbe\u00fcltet\u00e9s Blog - TurboHair hajklinika Budapest. Blog bejegyz\u00e9sek R\u00f3lunk \u00e9s a hajbe\u00fcltet\u00e9sr\u0151l. N\u00e9zze meg!\" \/>\n<meta name=\"robots\" content=\"index, follow, max-snippet:-1, max-image-preview:large, max-video-preview:-1\" \/>\n<link rel=\"canonical\" href=\"https:\/\/turbohair.hu\/fr\/blog\/\" \/>\n<meta property=\"og:locale\" content=\"fr_FR\" \/>\n<meta property=\"og:type\" content=\"article\" \/>\n<meta property=\"og:title\" content=\"Hajbe\u00fcltet\u00e9s blog\" \/>\n<meta property=\"og:description\" content=\"Hajbe\u00fcltet\u00e9s Blog - TurboHair hajklinika Budapest. Blog bejegyz\u00e9sek R\u00f3lunk \u00e9s a hajbe\u00fcltet\u00e9sr\u0151l. N\u00e9zze meg!\" \/>\n<meta property=\"og:url\" content=\"https:\/\/turbohair.hu\/fr\/blog\/\" \/>\n<meta property=\"og:site_name\" content=\"Hajbe\u00fcltet\u00e9s Budapesten\" \/>\n<meta property=\"article:modified_time\" content=\"2022-10-15T19:46:23+00:00\" \/>\n<meta name=\"twitter:card\" content=\"summary_large_image\" \/>\n<meta name=\"twitter:label1\" content=\"Dur\u00e9e de lecture estim\u00e9e\" \/>\n\t<meta name=\"twitter:data1\" content=\"1 minute\" \/>\n<script type=\"application\/ld+json\" class=\"yoast-schema-graph\">{\"@context\":\"https:\/\/schema.org\",\"@graph\":[{\"@type\":\"WebPage\",\"@id\":\"https:\/\/turbohair.hu\/blog\/\",\"url\":\"https:\/\/turbohair.hu\/blog\/\",\"name\":\"Hajbe\u00fcltet\u00e9s blog\",\"isPartOf\":{\"@id\":\"https:\/\/turbohair.hu\/#website\"},\"datePublished\":\"2013-02-14T10:21:24+00:00\",\"dateModified\":\"2022-10-15T19:46:23+00:00\",\"description\":\"Hajbe\u00fcltet\u00e9s Blog - TurboHair hajklinika Budapest. Blog bejegyz\u00e9sek R\u00f3lunk \u00e9s a hajbe\u00fcltet\u00e9sr\u0151l. N\u00e9zze meg!\",\"breadcrumb\":{\"@id\":\"https:\/\/turbohair.hu\/blog\/#breadcrumb\"},\"inLanguage\":\"fr-FR\",\"potentialAction\":[{\"@type\":\"ReadAction\",\"target\":[\"https:\/\/turbohair.hu\/blog\/\"]}]},{\"@type\":\"BreadcrumbList\",\"@id\":\"https:\/\/turbohair.hu\/blog\/#breadcrumb\",\"itemListElement\":[{\"@type\":\"ListItem\",\"position\":1,\"name\":\"Kezd\u0151lap\",\"item\":\"https:\/\/turbohair.hu\/\"},{\"@type\":\"ListItem\",\"position\":2,\"name\":\"Blog\"}]},{\"@type\":\"WebSite\",\"@id\":\"https:\/\/turbohair.hu\/#website\",\"url\":\"https:\/\/turbohair.hu\/\",\"name\":\"Hajbe\u00fcltet\u00e9s Budapesten\",\"description\":\"Hajbe\u00fcltet\u00e9s Budapesten - Turbohair\",\"potentialAction\":[{\"@type\":\"SearchAction\",\"target\":{\"@type\":\"EntryPoint\",\"urlTemplate\":\"https:\/\/turbohair.hu\/?s={search_term_string}\"},\"query-input\":{\"@type\":\"PropertyValueSpecification\",\"valueRequired\":true,\"valueName\":\"search_term_string\"}}],\"inLanguage\":\"fr-FR\"}]}<\/script>","yoast_head_json":{"title":"Blog sur la greffe de cheveux","description":"Blog sur la greffe de cheveux - Clinique capillaire TurboHair de Budapest. Articles de blog sur nous et la greffe de cheveux. Regarde \u00e7a!","robots":{"index":"index","follow":"follow","max-snippet":"max-snippet:-1","max-image-preview":"max-image-preview:large","max-video-preview":"max-video-preview:-1"},"canonical":"https:\/\/turbohair.hu\/fr\/blog\/","og_locale":"fr_FR","og_type":"article","og_title":"Hajbe\u00fcltet\u00e9s blog","og_description":"Hajbe\u00fcltet\u00e9s Blog - TurboHair hajklinika Budapest. Blog bejegyz\u00e9sek R\u00f3lunk \u00e9s a hajbe\u00fcltet\u00e9sr\u0151l. N\u00e9zze meg!","og_url":"https:\/\/turbohair.hu\/fr\/blog\/","og_site_name":"Hajbe\u00fcltet\u00e9s Budapesten","article_modified_time":"2022-10-15T19:46:23+00:00","twitter_card":"summary_large_image","twitter_misc":{"Dur\u00e9e de lecture estim\u00e9e":"1 minute"},"schema":{"@context":"https:\/\/schema.org","@graph":[{"@type":"WebPage","@id":"https:\/\/turbohair.hu\/blog\/","url":"https:\/\/turbohair.hu\/blog\/","name":"Blog sur la greffe de cheveux","isPartOf":{"@id":"https:\/\/turbohair.hu\/#website"},"datePublished":"2013-02-14T10:21:24+00:00","dateModified":"2022-10-15T19:46:23+00:00","description":"Blog sur la greffe de cheveux - Clinique capillaire TurboHair de Budapest. Articles de blog sur nous et la greffe de cheveux. Regarde \u00e7a!","breadcrumb":{"@id":"https:\/\/turbohair.hu\/blog\/#breadcrumb"},"inLanguage":"fr-FR","potentialAction":[{"@type":"ReadAction","target":["https:\/\/turbohair.hu\/blog\/"]}]},{"@type":"BreadcrumbList","@id":"https:\/\/turbohair.hu\/blog\/#breadcrumb","itemListElement":[{"@type":"ListItem","position":1,"name":"Kezd\u0151lap","item":"https:\/\/turbohair.hu\/"},{"@type":"ListItem","position":2,"name":"Blog"}]},{"@type":"WebSite","@id":"https:\/\/turbohair.hu\/#website","url":"https:\/\/turbohair.hu\/","name":"Greffe de cheveux \u00e0 Budapest","description":"Hajbe\u00fcltet\u00e9s Budapesten - Turbohair","potentialAction":[{"@type":"SearchAction","target":{"@type":"EntryPoint","urlTemplate":"https:\/\/turbohair.hu\/?s={search_term_string}"},"query-input":{"@type":"PropertyValueSpecification","valueRequired":true,"valueName":"search_term_string"}}],"inLanguage":"fr-FR"}]}},"_links":{"self":[{"href":"https:\/\/turbohair.hu\/fr\/wp-json\/wp\/v2\/pages\/1738","targetHints":{"allow":["GET"]}}],"collection":[{"href":"https:\/\/turbohair.hu\/fr\/wp-json\/wp\/v2\/pages"}],"about":[{"href":"https:\/\/turbohair.hu\/fr\/wp-json\/wp\/v2\/types\/page"}],"author":[{"embeddable":true,"href":"https:\/\/turbohair.hu\/fr\/wp-json\/wp\/v2\/users\/1"}],"replies":[{"embeddable":true,"href":"https:\/\/turbohair.hu\/fr\/wp-json\/wp\/v2\/comments?post=1738"}],"version-history":[{"count":9,"href":"https:\/\/turbohair.hu\/fr\/wp-json\/wp\/v2\/pages\/1738\/revisions"}],"predecessor-version":[{"id":5695,"href":"https:\/\/turbohair.hu\/fr\/wp-json\/wp\/v2\/pages\/1738\/revisions\/5695"}],"wp:attachment":[{"href":"https:\/\/turbohair.hu\/fr\/wp-json\/wp\/v2\/media?parent=1738"}],"curies":[{"name":"wp","href":"https:\/\/api.w.org\/{rel}","templated":true}]}}