{"id":4394,"date":"2022-06-23T19:35:50","date_gmt":"2022-06-23T19:35:50","guid":{"rendered":"https:\/\/turbohair.hu\/?page_id=4394"},"modified":"2025-10-18T08:28:07","modified_gmt":"2025-10-18T08:28:07","slug":"a-propos-de-nous","status":"publish","type":"page","link":"https:\/\/turbohair.hu\/fr\/rolunk\/","title":{"rendered":"\u00c0 propos de nous"},"content":{"rendered":"<section class=\"vc_section vc_custom_1717843176726 vc_section-has-fill\"><div class=\"vc_row wpb_row vc_row-fluid vc_custom_1676125638161 page-margin-top\"><div class=\"wpb_column vc_column_container vc_col-sm-6 vc_col-has-fill vc_custom_1676125761833\"><div class=\"wpb_wrapper\">\n\t<div  class=\"wpb_single_image wpb_content_element vc_align_left\">\n\t\t\n\t\t<figure class=\"wpb_wrapper vc_figure\">\n\t\t\t<div class=\"vc_single_image-wrapper   vc_box_border_grey\"><img loading=\"lazy\" decoding=\"async\" width=\"800\" height=\"600\" src=\"https:\/\/turbohair.hu\/wp-content\/uploads\/hajbeultetes-turbohair-csapatunk.webp\" class=\"vc_single_image-img attachment-large\" alt=\"TurboHair Medical hajbe\u00fcltet\u00e9s munkat\u00e1rsak\" title=\"hajbeultetes-turbohair-csapatunk\" srcset=\"https:\/\/turbohair.hu\/wp-content\/uploads\/hajbeultetes-turbohair-csapatunk.webp 800w, https:\/\/turbohair.hu\/wp-content\/uploads\/hajbeultetes-turbohair-csapatunk-300x225.webp 300w, https:\/\/turbohair.hu\/wp-content\/uploads\/hajbeultetes-turbohair-csapatunk-768x576.webp 768w, https:\/\/turbohair.hu\/wp-content\/uploads\/hajbeultetes-turbohair-csapatunk-16x12.webp 16w\" sizes=\"auto, (max-width: 800px) 100vw, 800px\" \/><\/div>\n\t\t<\/figure>\n\t<\/div>\n<\/div><\/div><div class=\"wpb_column vc_column_container vc_col-sm-6\"><div class=\"wpb_wrapper\"><h3 class=\"box-header animation-slide\">\u00c0 PROPOS DE NOTRE CLINIQUE<\/h3><h2 class=\"box-header large margin-top-30 no-border\">NOTRE OBJECTIF<\/h2>\n\t<div class=\"wpb_text_column wpb_content_element  no-margin description\" >\n\t\t<div class=\"wpb_wrapper\">\n\t\t\t<p style=\"text-align: justify;\">L'\u00e9quipe m\u00e9dicale de TurboHair vise \u00e0 fournir un service de qualit\u00e9 et \u00e9quitable dans le domaine de la greffe de cheveux et de la m\u00e9decine capillaire. Il est important de pouvoir trouver des solutions \u00e0 toutes sortes de probl\u00e8mes.<\/p>\n\n\t\t<\/div>\n\t<\/div>\n<ul class=\"simple-list margin-top-15 clearfix\"><li class=\"template-tick-2 clearfix\">\n\t\t\t<span><strong>17 ans d'exp\u00e9rience<\/strong>, maxim\u00e1lis szak\u00e9rtelem a hajbe\u00fcltet\u00e9s ter\u00fclet\u00e9n.<\/span><\/li><li class=\"template-tick-2 clearfix translation-block\"><span>Parc d'\u00e9quipements et salle d'op\u00e9ration <strong style=\"color: #00b7bd !important\">modernes et de classe<\/strong> mondiale.<\/span><\/li><li class=\"template-tick-2 clearfix translation-block\"><span>Traitement complet de la perte de cheveux avec des technologies <strong>innovantes<\/strong>.<\/span><\/li><li class=\"template-tick-2 clearfix translation-block\"><span>Nous fournissons une <strong style=\"color: #00b7bd !important\">garantie \u00e9crite<\/strong> par nos services<\/span><\/li><\/ul><\/div><\/div><\/div><\/section><section class=\"vc_section vc_custom_1686488172358\"><div class=\"vc_row wpb_row vc_row-fluid vc_custom_1656011937288 page-margin-top\"><div class=\"wpb_column vc_column_container vc_col-sm-6\"><div class=\"wpb_wrapper\"><h3 class=\"box-header animation-slide\">DIRECTEUR D'INSTITUTION<\/h3><h2 class=\"box-header large margin-top-30 no-border\">LADICS J\u00d3ZSEF<\/h2>\n\t<div class=\"wpb_text_column wpb_content_element  no-margin description\" >\n\t\t<div class=\"wpb_wrapper\">\n\t\t\t<p style=\"text-align: justify;\">Mon objectif principal est que notre clinique repr\u00e9sente la plus haute qualit\u00e9 dans le domaine des proc\u00e9dures de greffe de cheveux, tant en termes d'excellents standards de service que de satisfaction des patients. Je m\u2019engage personnellement \u00e0 ce que tous nos patients repartent confiants et satisfaits, sachant qu\u2019ils sont entre de bonnes mains. Notre \u00e9quipe met tout en \u0153uvre pour obtenir les meilleurs r\u00e9sultats possibles avec nos patients, de la consultation initiale en passant par le processus de gu\u00e9rison jusqu'aux r\u00e9sultats finaux.<\/p>\n\n\t\t<\/div>\n\t<\/div>\n<\/div><\/div><div class=\"wpb_column vc_column_container vc_col-sm-6 vc_col-has-fill vc_custom_1686491157607\"><div class=\"wpb_wrapper\">\n\t<div  class=\"wpb_single_image wpb_content_element vc_align_left\">\n\t\t\n\t\t<figure class=\"wpb_wrapper vc_figure\">\n\t\t\t<div class=\"vc_single_image-wrapper   vc_box_border_grey\"><img loading=\"lazy\" decoding=\"async\" width=\"800\" height=\"600\" src=\"https:\/\/turbohair.hu\/wp-content\/uploads\/hajbeultetes-szakmai-vezeto.webp\" class=\"vc_single_image-img attachment-large\" alt=\"La greffe de cheveux\" title=\"hajbeultetes-szakmai-vezeto\" srcset=\"https:\/\/turbohair.hu\/wp-content\/uploads\/hajbeultetes-szakmai-vezeto.webp 800w, https:\/\/turbohair.hu\/wp-content\/uploads\/hajbeultetes-szakmai-vezeto-300x225.webp 300w, https:\/\/turbohair.hu\/wp-content\/uploads\/hajbeultetes-szakmai-vezeto-768x576.webp 768w, https:\/\/turbohair.hu\/wp-content\/uploads\/hajbeultetes-szakmai-vezeto-16x12.webp 16w\" sizes=\"auto, (max-width: 800px) 100vw, 800px\" \/><\/div>\n\t\t<\/figure>\n\t<\/div>\n<\/div><\/div><\/div><\/section><section class=\"vc_section vc_custom_1706867165106 vc_section-has-fill\"><div class=\"vc_row wpb_row vc_row-fluid vc_custom_1656011937288 page-margin-top\"><div class=\"wpb_column vc_column_container vc_col-sm-6\"><div class=\"wpb_wrapper\"><h3 class=\"box-header animation-slide\">NOS MEDECINS<\/h3><h2 class=\"box-header large margin-top-30 no-border\">DR. BAKA ZS\u00d3FIA<\/h2>\n\t<div class=\"wpb_text_column wpb_content_element  no-margin description\" >\n\t\t<div class=\"wpb_wrapper\">\n\t\t\t<p style=\"text-align: justify;\">En 2016, j'ai obtenu un dipl\u00f4me de m\u00e9decine g\u00e9n\u00e9rale \u00e0 l'Universit\u00e9 Semmelweis. La m\u00eame ann\u00e9e, j'ai commenc\u00e9 \u00e0 m'occuper de la greffe de cheveux dans une clinique priv\u00e9e \u00e0 Budapest. Je renforce actuellement l'\u00e9quipe de Turbohair Medical. Au cours de mon travail, je vois chaque client comme un d\u00e9fi particulier, car chacun vient \u00e0 notre clinique avec sa propre histoire, ses id\u00e9es et ses attentes. Je crois que l'objectif principal de la greffe de cheveux est d'augmenter la confiance en soi et d'am\u00e9liorer ainsi la qualit\u00e9 de vie, ce que j'essaie d'aider tous nos chers clients au mieux de mes capacit\u00e9s.<\/p>\n\n\t\t<\/div>\n\t<\/div>\n<\/div><\/div><div class=\"wpb_column vc_column_container vc_col-sm-6 vc_col-has-fill vc_custom_1686491157607\"><div class=\"wpb_wrapper\">\n\t<div  class=\"wpb_single_image wpb_content_element vc_align_left\">\n\t\t\n\t\t<figure class=\"wpb_wrapper vc_figure\">\n\t\t\t<div class=\"vc_single_image-wrapper   vc_box_border_grey\"><img loading=\"lazy\" decoding=\"async\" width=\"900\" height=\"675\" src=\"https:\/\/turbohair.hu\/wp-content\/uploads\/hajbeultetes-dr-baka-zsofia.jpg\" class=\"vc_single_image-img attachment-large\" alt=\"La greffe de cheveux\" title=\"hajbeultetes-dr-baka-zsofia\" srcset=\"https:\/\/turbohair.hu\/wp-content\/uploads\/hajbeultetes-dr-baka-zsofia.jpg 900w, https:\/\/turbohair.hu\/wp-content\/uploads\/hajbeultetes-dr-baka-zsofia-300x225.jpg 300w, https:\/\/turbohair.hu\/wp-content\/uploads\/hajbeultetes-dr-baka-zsofia-768x576.jpg 768w\" sizes=\"auto, (max-width: 900px) 100vw, 900px\" \/><\/div>\n\t\t<\/figure>\n\t<\/div>\n<\/div><\/div><\/div><\/section><section class=\"vc_section vc_custom_1706867129841\"><div class=\"vc_row wpb_row vc_row-fluid vc_custom_1656011937288 page-margin-top\"><div class=\"wpb_column vc_column_container vc_col-sm-6\"><div class=\"wpb_wrapper\">\n\t<div class=\"wpb_text_column wpb_content_element  no-margin description\" >\n\t\t<div class=\"wpb_wrapper\">\n\t\t\t\n\t\t<\/div>\n\t<\/div>\n<h3 class=\"box-header animation-slide\">NOS MEDECINS<\/h3><h2 class=\"box-header large margin-top-30 no-border\">DR. RAJK\u00d3 GERG\u0150 ATTILA<\/h2>\n\t<div class=\"wpb_text_column wpb_content_element  no-margin description\" >\n\t\t<div class=\"wpb_wrapper\">\n\t\t\t<p style=\"text-align: justify;\">J'ai obtenu mon dipl\u00f4me de m\u00e9decine g\u00e9n\u00e9rale en 2022 \u00e0 l'Universit\u00e9 Semmelweis de Budapest. Durant mes \u00e9tudes, j\u2019ai toujours \u00e9t\u00e9 attir\u00e9e par le monde de la chirurgie et du savoir-faire manuel, c\u2019est pourquoi je me suis int\u00e9ress\u00e9e \u00e0 la greffe de cheveux d\u00e8s mes ann\u00e9es universitaires. Dans le cadre de mes activit\u00e9s m\u00e9dicales, je consid\u00e8re qu'il est important d'avoir une approche individualis\u00e9e et orient\u00e9e client, la recherche de la pr\u00e9cision et la sensibilit\u00e9 aux d\u00e9tails, c'est pourquoi j'essaie de m'am\u00e9liorer constamment dans ces comp\u00e9tences. Je crois qu'avec mon travail et mon d\u00e9veloppement professionnel, je peux aider de nombreuses personnes \u00e0 retrouver l'apparence souhait\u00e9e et ainsi \u00e0 obtenir une apparence satisfaite et confiante. Mon objectif est d'aider chacun de nos clients \u00e0 y parvenir avec la plus grande attention, bienveillance et pr\u00e9cision possible.<\/p>\n\n\t\t<\/div>\n\t<\/div>\n<\/div><\/div><div class=\"wpb_column vc_column_container vc_col-sm-6 vc_col-has-fill vc_custom_1686488056104\"><div class=\"wpb_wrapper\">\n\t<div  class=\"wpb_single_image wpb_content_element vc_align_left\">\n\t\t\n\t\t<figure class=\"wpb_wrapper vc_figure\">\n\t\t\t<div class=\"vc_single_image-wrapper   vc_box_border_grey\"><img loading=\"lazy\" decoding=\"async\" width=\"900\" height=\"675\" src=\"https:\/\/turbohair.hu\/wp-content\/uploads\/hajbeultetes-orvosaink-dr-rajko-gergo-2.webp\" class=\"vc_single_image-img attachment-large\" alt=\"hajbe\u00fcltet\u00e9s orvosaink\" title=\"hajbeultetes-orvosaink-dr-rajko-gergo-2\" srcset=\"https:\/\/turbohair.hu\/wp-content\/uploads\/hajbeultetes-orvosaink-dr-rajko-gergo-2.webp 900w, https:\/\/turbohair.hu\/wp-content\/uploads\/hajbeultetes-orvosaink-dr-rajko-gergo-2-300x225.webp 300w, https:\/\/turbohair.hu\/wp-content\/uploads\/hajbeultetes-orvosaink-dr-rajko-gergo-2-768x576.webp 768w, https:\/\/turbohair.hu\/wp-content\/uploads\/hajbeultetes-orvosaink-dr-rajko-gergo-2-16x12.webp 16w\" sizes=\"auto, (max-width: 900px) 100vw, 900px\" \/><\/div>\n\t\t<\/figure>\n\t<\/div>\n<\/div><\/div><\/div><\/section><section class=\"vc_section vc_custom_1760775981093 vc_section-has-fill\"><div class=\"vc_row wpb_row vc_row-fluid vc_custom_1656011937288 page-margin-top\"><div class=\"wpb_column vc_column_container vc_col-sm-6\"><div class=\"wpb_wrapper\">\n\t<div class=\"wpb_text_column wpb_content_element  no-margin description\" >\n\t\t<div class=\"wpb_wrapper\">\n\t\t\t\n\t\t<\/div>\n\t<\/div>\n<h3 class=\"box-header animation-slide\">NOS MEDECINS<\/h3><h2 class=\"box-header large margin-top-30 no-border\">DR. VIKT\u00d3RIA K\u00c9SZ<\/h2>\n\t<div class=\"wpb_text_column wpb_content_element  no-margin description\" >\n\t\t<div class=\"wpb_wrapper\">\n\t\t\t<p style=\"text-align: justify;\">Dipl\u00f4m\u00e9 de la Facult\u00e9 de m\u00e9decine g\u00e9n\u00e9rale de l'Universit\u00e9 nationale d'Oujhorod en 2020, j'accorde une grande importance \u00e0 l'\u00e9coute et \u00e0 l'empathie dans ma pratique. Je suis convaincu que la v\u00e9ritable valeur d'une greffe de cheveux r\u00e9side non seulement dans le changement physique, mais aussi dans la confiance en soi retrouv\u00e9e par mes patients. Dans mon travail, je m'efforce toujours d'obtenir des r\u00e9sultats naturels et harmonieux. Mon objectif est d'aider toutes les personnes qui souhaitent se sentir plus s\u00fbres d'elles gr\u00e2ce \u00e0 mon expertise et \u00e0 mon attention personnalis\u00e9e.<\/p>\n\n\t\t<\/div>\n\t<\/div>\n<\/div><\/div><div class=\"wpb_column vc_column_container vc_col-sm-6 vc_col-has-fill vc_custom_1686488056104\"><div class=\"wpb_wrapper\">\n\t<div  class=\"wpb_single_image wpb_content_element vc_align_left\">\n\t\t\n\t\t<figure class=\"wpb_wrapper vc_figure\">\n\t\t\t<div class=\"vc_single_image-wrapper   vc_box_border_grey\"><img loading=\"lazy\" decoding=\"async\" width=\"800\" height=\"600\" src=\"https:\/\/turbohair.hu\/wp-content\/uploads\/hajbeultetes-turbohair-dr-kesz-viktoria.webp\" class=\"vc_single_image-img attachment-large\" alt=\"La greffe de cheveux\" title=\"hajbeultetes-turbohair-dr-kesz-viktoria\" srcset=\"https:\/\/turbohair.hu\/wp-content\/uploads\/hajbeultetes-turbohair-dr-kesz-viktoria.webp 800w, https:\/\/turbohair.hu\/wp-content\/uploads\/hajbeultetes-turbohair-dr-kesz-viktoria-300x225.webp 300w, https:\/\/turbohair.hu\/wp-content\/uploads\/hajbeultetes-turbohair-dr-kesz-viktoria-768x576.webp 768w, https:\/\/turbohair.hu\/wp-content\/uploads\/hajbeultetes-turbohair-dr-kesz-viktoria-16x12.webp 16w\" sizes=\"auto, (max-width: 800px) 100vw, 800px\" \/><\/div>\n\t\t<\/figure>\n\t<\/div>\n<\/div><\/div><\/div><\/section><section class=\"vc_section vc_custom_1760775992977\"><div class=\"vc_row wpb_row vc_row-fluid page-margin-top\"><div class=\"wpb_column vc_column_container vc_col-sm-6\"><div class=\"wpb_wrapper\"><h3 class=\"box-header animation-slide\">NOS MEDECINS<\/h3><h2 class=\"box-header large margin-top-30 no-border\">DR. KOCSIS \u00c1D\u00c1M<\/h2>\n\t<div class=\"wpb_text_column wpb_content_element\" >\n\t\t<div class=\"wpb_wrapper\">\n\t\t\t<p style=\"text-align: justify;\">Les cheveux \u00e9pais sont naturels aujourd'hui et c'est une question de choix. Aujourd'hui, un \u00e9ventail de possibilit\u00e9s est disponible pour faire face \u00e0 ce probl\u00e8me. Notre soci\u00e9t\u00e9 est sp\u00e9cialis\u00e9e dans ce domaine et notre \u00e9quipe m\u00e9dicale professionnelle aide chacun \u00e0 trouver ses objectifs et ses opportunit\u00e9s parmi les services de TurboHair. Nous offrons une greffe de cheveux de qualit\u00e9 avec des ann\u00e9es d'exp\u00e9rience. Nos m\u00e9decins participent r\u00e9guli\u00e8rement \u00e0 des conf\u00e9rences internationales afin que nous ayons des connaissances \u00e0 jour. TurboHair, la nouvelle dimension du renouvellement capillaire.<\/p>\n\n\t\t<\/div>\n\t<\/div>\n<\/div><\/div><div class=\"wpb_column vc_column_container vc_col-sm-6 vc_col-has-fill vc_custom_1706863228406\"><div class=\"wpb_wrapper\">\n\t<div  class=\"wpb_single_image wpb_content_element vc_align_center\">\n\t\t\n\t\t<figure class=\"wpb_wrapper vc_figure\">\n\t\t\t<div class=\"vc_single_image-wrapper   vc_box_border_grey\"><img loading=\"lazy\" decoding=\"async\" width=\"800\" height=\"600\" src=\"https:\/\/turbohair.hu\/wp-content\/uploads\/hajbeultetes-dr-kocsics-adam.webp\" class=\"vc_single_image-img attachment-large\" alt=\"La greffe de cheveux\" title=\"hajbeultetes-dr-kocsics-adam\" srcset=\"https:\/\/turbohair.hu\/wp-content\/uploads\/hajbeultetes-dr-kocsics-adam.webp 800w, https:\/\/turbohair.hu\/wp-content\/uploads\/hajbeultetes-dr-kocsics-adam-300x225.webp 300w, https:\/\/turbohair.hu\/wp-content\/uploads\/hajbeultetes-dr-kocsics-adam-768x576.webp 768w, https:\/\/turbohair.hu\/wp-content\/uploads\/hajbeultetes-dr-kocsics-adam-16x12.webp 16w\" sizes=\"auto, (max-width: 800px) 100vw, 800px\" \/><\/div>\n\t\t<\/figure>\n\t<\/div>\n<\/div><\/div><\/div><\/section><section class=\"vc_section vc_custom_1760776009139 vc_section-has-fill\"><div class=\"vc_row wpb_row vc_row-fluid vc_custom_1656011937288 page-margin-top\"><div class=\"wpb_column vc_column_container vc_col-sm-6\"><div class=\"wpb_wrapper\"><h3 class=\"box-header align-center animation-slide\">ASSISTANTE \u00c0 LA GREFFE DE CHEVEUX<\/h3><h2 class=\"box-header large align-center no-border\">BENKOVICS BARBARA T\u00cdMEA<\/h2>\n\t<div  class=\"wpb_single_image wpb_content_element vc_align_left  vc_custom_1718289253312\">\n\t\t\n\t\t<figure class=\"wpb_wrapper vc_figure\">\n\t\t\t<div class=\"vc_single_image-wrapper   vc_box_border_grey\"><img loading=\"lazy\" decoding=\"async\" width=\"800\" height=\"600\" src=\"https:\/\/turbohair.hu\/wp-content\/uploads\/hajbeultetes-barbi.webp\" class=\"vc_single_image-img attachment-large\" alt=\"La greffe de cheveux\" title=\"hajbeultetes-barbi\" srcset=\"https:\/\/turbohair.hu\/wp-content\/uploads\/hajbeultetes-barbi.webp 800w, https:\/\/turbohair.hu\/wp-content\/uploads\/hajbeultetes-barbi-300x225.webp 300w, https:\/\/turbohair.hu\/wp-content\/uploads\/hajbeultetes-barbi-768x576.webp 768w, https:\/\/turbohair.hu\/wp-content\/uploads\/hajbeultetes-barbi-16x12.webp 16w\" sizes=\"auto, (max-width: 800px) 100vw, 800px\" \/><\/div>\n\t\t<\/figure>\n\t<\/div>\n<\/div><\/div><div class=\"wpb_column vc_column_container vc_col-sm-6\"><div class=\"wpb_wrapper\"><h3 class=\"box-header align-center animation-slide\">ASSISTANTE \u00c0 LA GREFFE DE CHEVEUX<\/h3><h2 class=\"box-header large align-center no-border\">MOLN\u00c1R BARBARA<\/h2>\n\t<div  class=\"wpb_single_image wpb_content_element vc_align_left  vc_custom_1718289398281\">\n\t\t\n\t\t<figure class=\"wpb_wrapper vc_figure\">\n\t\t\t<div class=\"vc_single_image-wrapper   vc_box_border_grey\"><img loading=\"lazy\" decoding=\"async\" width=\"800\" height=\"600\" src=\"https:\/\/turbohair.hu\/wp-content\/uploads\/hajbeultetes-barbara.webp\" class=\"vc_single_image-img attachment-large\" alt=\"La greffe de cheveux\" title=\"hajbeultetes-barbara\" srcset=\"https:\/\/turbohair.hu\/wp-content\/uploads\/hajbeultetes-barbara.webp 800w, https:\/\/turbohair.hu\/wp-content\/uploads\/hajbeultetes-barbara-300x225.webp 300w, https:\/\/turbohair.hu\/wp-content\/uploads\/hajbeultetes-barbara-768x576.webp 768w, https:\/\/turbohair.hu\/wp-content\/uploads\/hajbeultetes-barbara-16x12.webp 16w\" sizes=\"auto, (max-width: 800px) 100vw, 800px\" \/><\/div>\n\t\t<\/figure>\n\t<\/div>\n<\/div><\/div><\/div><\/section><section class=\"vc_section vc_custom_1760776018401\"><div class=\"vc_row wpb_row vc_row-fluid page-margin-top\"><div class=\"wpb_column vc_column_container vc_col-sm-6\"><div class=\"wpb_wrapper\"><h3 class=\"box-header align-center animation-slide\">ASSISTANTE \u00c0 LA GREFFE DE CHEVEUX<\/h3><h2 class=\"box-header large align-center no-border\">SASSI SARAH<\/h2>\n\t<div  class=\"wpb_single_image wpb_content_element vc_align_center  vc_custom_1718289910097\">\n\t\t\n\t\t<figure class=\"wpb_wrapper vc_figure\">\n\t\t\t<div class=\"vc_single_image-wrapper   vc_box_border_grey\"><img loading=\"lazy\" decoding=\"async\" width=\"800\" height=\"600\" src=\"https:\/\/turbohair.hu\/wp-content\/uploads\/hajbeultetes-sarah.webp\" class=\"vc_single_image-img attachment-large\" alt=\"La greffe de cheveux\" title=\"hajbeultetes-sarah\" srcset=\"https:\/\/turbohair.hu\/wp-content\/uploads\/hajbeultetes-sarah.webp 800w, https:\/\/turbohair.hu\/wp-content\/uploads\/hajbeultetes-sarah-300x225.webp 300w, https:\/\/turbohair.hu\/wp-content\/uploads\/hajbeultetes-sarah-768x576.webp 768w, https:\/\/turbohair.hu\/wp-content\/uploads\/hajbeultetes-sarah-16x12.webp 16w\" sizes=\"auto, (max-width: 800px) 100vw, 800px\" \/><\/div>\n\t\t<\/figure>\n\t<\/div>\n<\/div><\/div><div class=\"wpb_column vc_column_container vc_col-sm-6\"><div class=\"wpb_wrapper\"><\/div><\/div><\/div><\/section><section class=\"vc_section vc_custom_1760776029113 vc_section-has-fill\"><div class=\"vc_row wpb_row vc_row-fluid\"><div class=\"wpb_column vc_column_container vc_col-sm-12\"><div class=\"wpb_wrapper\"><h2 class=\"box-header large align-center no-border\">PHOTOS DE LA CLINIQUE<\/h2>\n<div class=\"vc_grid-container-wrapper vc_clearfix vc_grid-animation-none\">\n\t<div class=\"vc_grid-container vc_clearfix wpb_content_element vc_media_grid vc_custom_1665341814825\" data-initial-loading-animation=\"none\" data-vc-grid-settings=\"{&quot;page_id&quot;:4394,&quot;style&quot;:&quot;all&quot;,&quot;action&quot;:&quot;vc_get_vc_grid_data&quot;,&quot;shortcode_id&quot;:&quot;1760773393878-2b48195a-dd9e-9&quot;,&quot;tag&quot;:&quot;vc_media_grid&quot;}\" data-vc-request=\"https:\/\/turbohair.hu\/wp-admin\/admin-ajax.php\" data-vc-post-id=\"4394\" data-vc-public-nonce=\"94a1fa1801\">\n\t\t\n\t<\/div>\n<\/div><\/div><\/div><\/div><\/section>","protected":false},"excerpt":{"rendered":"A KLINIK\u00c1NKR\u00d3LC\u00c9LKIT\u0170Z\u00c9S\u00dcNK A TurboHair medical csapata a min\u0151s\u00e9gi \u00e9s korrekt szolg\u00e1ltat\u00e1st t\u0171zte ki c\u00e9lul a hajbe\u00fcltet\u00e9s \u00e9s a hajgy\u00f3gy\u00e1szat ter\u00fclet\u00e9n. Fontos sz\u00e1munkra, hogy mindenfajta probl\u00e9m\u00e1ra tudjunk megold\u00e1st tal\u00e1lni. 17 \u00e9v tapasztalat, maxim\u00e1lis szak\u00e9rtelem a hajbe\u00fcltet\u00e9s ter\u00fclet\u00e9n. Modern, vil\u00e1gsz\u00ednvonal\u00fa eszk\u00f6zpark \u00e9s m\u0171t\u0151. Hajhull\u00e1s teljes k\u00f6r\u0171 kezel\u00e9se innovat\u00edv technol\u00f3gi\u00e1kkal. Szolg\u00e1ltat\u00e1sainkra \u00edr\u00e1sos garanci\u00e1t v\u00e1llalunkINT\u00c9ZM\u00c9NYVEZET\u0150LADICS J\u00d3ZSEF Els\u0151dleges c\u00e9lom, hogy","protected":false},"author":1,"featured_media":0,"parent":0,"menu_order":0,"comment_status":"open","ping_status":"open","template":"","meta":{"footnotes":""},"class_list":["post-4394","page","type-page","status-publish","hentry"],"yoast_head":"<title>Inform\u00e1ci\u00f3k a Hajbe\u00fcltet\u00e9si klinik\u00e1r\u00f3l \u00e9s R\u00f3lunk - TurboHair Medical<\/title>\n<meta name=\"description\" content=\"Ismerje meg a TurboHair Medicalt c\u00e9lkit\u0171z\u00e9seit, valamint a min\u0151s\u00e9gi \u00e9s korrekt beavatkoz\u00e1st v\u00e9gz\u0151 orvosainkat.\" \/>\n<meta name=\"robots\" content=\"index, follow, max-snippet:-1, max-image-preview:large, max-video-preview:-1\" \/>\n<link rel=\"canonical\" href=\"https:\/\/turbohair.hu\/fr\/a-propos-de-nous\/\" \/>\n<meta property=\"og:locale\" content=\"fr_FR\" \/>\n<meta property=\"og:type\" content=\"article\" \/>\n<meta property=\"og:title\" content=\"Inform\u00e1ci\u00f3k a Hajbe\u00fcltet\u00e9si klinik\u00e1r\u00f3l \u00e9s R\u00f3lunk - TurboHair Medical\" \/>\n<meta property=\"og:description\" content=\"Ismerje meg a TurboHair Medicalt c\u00e9lkit\u0171z\u00e9seit, valamint a min\u0151s\u00e9gi \u00e9s korrekt beavatkoz\u00e1st v\u00e9gz\u0151 orvosainkat.\" \/>\n<meta property=\"og:url\" content=\"https:\/\/turbohair.hu\/fr\/a-propos-de-nous\/\" \/>\n<meta property=\"og:site_name\" content=\"Hajbe\u00fcltet\u00e9s Budapesten\" \/>\n<meta property=\"article:modified_time\" content=\"2025-10-18T08:28:07+00:00\" \/>\n<meta name=\"twitter:card\" content=\"summary_large_image\" \/>\n<meta name=\"twitter:label1\" content=\"Dur\u00e9e de lecture estim\u00e9e\" \/>\n\t<meta name=\"twitter:data1\" content=\"7 minutes\" \/>\n<script type=\"application\/ld+json\" class=\"yoast-schema-graph\">{\"@context\":\"https:\/\/schema.org\",\"@graph\":[{\"@type\":\"WebPage\",\"@id\":\"https:\/\/turbohair.hu\/rolunk\/\",\"url\":\"https:\/\/turbohair.hu\/rolunk\/\",\"name\":\"Inform\u00e1ci\u00f3k a Hajbe\u00fcltet\u00e9si klinik\u00e1r\u00f3l \u00e9s R\u00f3lunk - TurboHair Medical\",\"isPartOf\":{\"@id\":\"https:\/\/turbohair.hu\/#website\"},\"datePublished\":\"2022-06-23T19:35:50+00:00\",\"dateModified\":\"2025-10-18T08:28:07+00:00\",\"description\":\"Ismerje meg a TurboHair Medicalt c\u00e9lkit\u0171z\u00e9seit, valamint a min\u0151s\u00e9gi \u00e9s korrekt beavatkoz\u00e1st v\u00e9gz\u0151 orvosainkat.\",\"breadcrumb\":{\"@id\":\"https:\/\/turbohair.hu\/rolunk\/#breadcrumb\"},\"inLanguage\":\"fr-FR\",\"potentialAction\":[{\"@type\":\"ReadAction\",\"target\":[\"https:\/\/turbohair.hu\/rolunk\/\"]}]},{\"@type\":\"BreadcrumbList\",\"@id\":\"https:\/\/turbohair.hu\/rolunk\/#breadcrumb\",\"itemListElement\":[{\"@type\":\"ListItem\",\"position\":1,\"name\":\"Kezd\u0151lap\",\"item\":\"https:\/\/turbohair.hu\/\"},{\"@type\":\"ListItem\",\"position\":2,\"name\":\"R\u00f3lunk\"}]},{\"@type\":\"WebSite\",\"@id\":\"https:\/\/turbohair.hu\/#website\",\"url\":\"https:\/\/turbohair.hu\/\",\"name\":\"Hajbe\u00fcltet\u00e9s Budapesten\",\"description\":\"Hajbe\u00fcltet\u00e9s Budapesten - Turbohair\",\"potentialAction\":[{\"@type\":\"SearchAction\",\"target\":{\"@type\":\"EntryPoint\",\"urlTemplate\":\"https:\/\/turbohair.hu\/?s={search_term_string}\"},\"query-input\":{\"@type\":\"PropertyValueSpecification\",\"valueRequired\":true,\"valueName\":\"search_term_string\"}}],\"inLanguage\":\"fr-FR\"}]}<\/script>","yoast_head_json":{"title":"Informations sur la clinique de greffe de cheveux et \u00e0 propos de nous - TurboHair Medical","description":"D\u00e9couvrez les objectifs de TurboHair Medicalt, ainsi que de nos m\u00e9decins qui effectuent des proc\u00e9dures de qualit\u00e9 et \u00e9quitables.","robots":{"index":"index","follow":"follow","max-snippet":"max-snippet:-1","max-image-preview":"max-image-preview:large","max-video-preview":"max-video-preview:-1"},"canonical":"https:\/\/turbohair.hu\/fr\/a-propos-de-nous\/","og_locale":"fr_FR","og_type":"article","og_title":"Inform\u00e1ci\u00f3k a Hajbe\u00fcltet\u00e9si klinik\u00e1r\u00f3l \u00e9s R\u00f3lunk - TurboHair Medical","og_description":"Ismerje meg a TurboHair Medicalt c\u00e9lkit\u0171z\u00e9seit, valamint a min\u0151s\u00e9gi \u00e9s korrekt beavatkoz\u00e1st v\u00e9gz\u0151 orvosainkat.","og_url":"https:\/\/turbohair.hu\/fr\/a-propos-de-nous\/","og_site_name":"Hajbe\u00fcltet\u00e9s Budapesten","article_modified_time":"2025-10-18T08:28:07+00:00","twitter_card":"summary_large_image","twitter_misc":{"Dur\u00e9e de lecture estim\u00e9e":"7 minutes"},"schema":{"@context":"https:\/\/schema.org","@graph":[{"@type":"WebPage","@id":"https:\/\/turbohair.hu\/rolunk\/","url":"https:\/\/turbohair.hu\/rolunk\/","name":"Informations sur la clinique de greffe de cheveux et \u00e0 propos de nous - TurboHair Medical","isPartOf":{"@id":"https:\/\/turbohair.hu\/#website"},"datePublished":"2022-06-23T19:35:50+00:00","dateModified":"2025-10-18T08:28:07+00:00","description":"D\u00e9couvrez les objectifs de TurboHair Medicalt, ainsi que de nos m\u00e9decins qui effectuent des proc\u00e9dures de qualit\u00e9 et \u00e9quitables.","breadcrumb":{"@id":"https:\/\/turbohair.hu\/rolunk\/#breadcrumb"},"inLanguage":"fr-FR","potentialAction":[{"@type":"ReadAction","target":["https:\/\/turbohair.hu\/rolunk\/"]}]},{"@type":"BreadcrumbList","@id":"https:\/\/turbohair.hu\/rolunk\/#breadcrumb","itemListElement":[{"@type":"ListItem","position":1,"name":"Kezd\u0151lap","item":"https:\/\/turbohair.hu\/"},{"@type":"ListItem","position":2,"name":"R\u00f3lunk"}]},{"@type":"WebSite","@id":"https:\/\/turbohair.hu\/#website","url":"https:\/\/turbohair.hu\/","name":"Greffe de cheveux \u00e0 Budapest","description":"Hajbe\u00fcltet\u00e9s Budapesten - Turbohair","potentialAction":[{"@type":"SearchAction","target":{"@type":"EntryPoint","urlTemplate":"https:\/\/turbohair.hu\/?s={search_term_string}"},"query-input":{"@type":"PropertyValueSpecification","valueRequired":true,"valueName":"search_term_string"}}],"inLanguage":"fr-FR"}]}},"_links":{"self":[{"href":"https:\/\/turbohair.hu\/fr\/wp-json\/wp\/v2\/pages\/4394","targetHints":{"allow":["GET"]}}],"collection":[{"href":"https:\/\/turbohair.hu\/fr\/wp-json\/wp\/v2\/pages"}],"about":[{"href":"https:\/\/turbohair.hu\/fr\/wp-json\/wp\/v2\/types\/page"}],"author":[{"embeddable":true,"href":"https:\/\/turbohair.hu\/fr\/wp-json\/wp\/v2\/users\/1"}],"replies":[{"embeddable":true,"href":"https:\/\/turbohair.hu\/fr\/wp-json\/wp\/v2\/comments?post=4394"}],"version-history":[{"count":76,"href":"https:\/\/turbohair.hu\/fr\/wp-json\/wp\/v2\/pages\/4394\/revisions"}],"predecessor-version":[{"id":7074,"href":"https:\/\/turbohair.hu\/fr\/wp-json\/wp\/v2\/pages\/4394\/revisions\/7074"}],"wp:attachment":[{"href":"https:\/\/turbohair.hu\/fr\/wp-json\/wp\/v2\/media?parent=4394"}],"curies":[{"name":"wp","href":"https:\/\/api.w.org\/{rel}","templated":true}]}}