{"id":5771,"date":"2022-12-16T19:28:34","date_gmt":"2022-12-16T19:28:34","guid":{"rendered":"https:\/\/turbohair.hu\/?page_id=5771"},"modified":"2022-12-23T12:05:01","modified_gmt":"2022-12-23T12:05:01","slug":"reussite","status":"publish","type":"page","link":"https:\/\/turbohair.hu\/fr\/sikeres-kitoltes\/","title":{"rendered":"R\u00e9ussite"},"content":{"rendered":"<section class=\"vc_section vc_custom_1671218573040\"><div class=\"vc_row wpb_row vc_row-fluid\"><div class=\"wpb_column vc_column_container vc_col-sm-3\"><div class=\"wpb_wrapper\">\n\t<div  class=\"wpb_single_image wpb_content_element vc_align_center\">\n\t\t\n\t\t<figure class=\"wpb_wrapper vc_figure\">\n\t\t\t<div class=\"vc_single_image-wrapper   vc_box_border_grey\"><img loading=\"lazy\" decoding=\"async\" width=\"600\" height=\"802\" src=\"https:\/\/turbohair.hu\/wp-content\/uploads\/hajgyogyasz-orvos.webp\" class=\"vc_single_image-img attachment-large\" alt=\"hajgy\u00f3gy\u00e1sz\" title=\"hajgyogyasz-orvos\" srcset=\"https:\/\/turbohair.hu\/wp-content\/uploads\/hajgyogyasz-orvos.webp 600w, https:\/\/turbohair.hu\/wp-content\/uploads\/hajgyogyasz-orvos-224x300.webp 224w\" sizes=\"auto, (max-width: 600px) 100vw, 600px\" \/><\/div>\n\t\t<\/figure>\n\t<\/div>\n<\/div><\/div><div class=\"wpb_column vc_column_container vc_col-sm-9 vc_custom_1671218902337\"><div class=\"wpb_wrapper\">\n\t<div class=\"wpb_text_column wpb_content_element\" >\n\t\t<div class=\"wpb_wrapper\">\n\t\t\t<h2 style=\"text-align: center;\">Votre message a bien \u00e9t\u00e9 re\u00e7u dans notre syst\u00e8me d'assistance \u00e0 la client\u00e8le. Vous serez contact\u00e9 dans les 24 heures.<\/h2>\n\n\t\t<\/div>\n\t<\/div>\n\n\t<div class=\"wpb_text_column wpb_content_element  vc_custom_1671218648246\" >\n\t\t<div class=\"wpb_wrapper\">\n\t\t\t<h3 style=\"text-align: center;\">En attendant, jetez un coup d'\u0153il \u00e0 nos r\u00e9f\u00e9rences ou lisez nos articles utiles.<\/h3>\n\n\t\t<\/div>\n\t<\/div>\n<div class=\"vc_row wpb_row vc_inner vc_row-fluid vc_custom_1671218630972\"><div class=\"wpb_column vc_column_container vc_col-sm-6\"><div class=\"vc_column-inner\"><div class=\"wpb_wrapper\"><div class=\"vc_btn3-container vc_btn3-center\" ><button onmouseleave=\"this.style.borderColor='#00b7bd'; this.style.backgroundColor='transparent'; this.style.color='#00b7bd'\" onmouseenter=\"this.style.borderColor='#00b7bd'; this.style.backgroundColor='#00b7bd'; this.style.color='#ffffff';\" style=\"border-color:#00b7bd; color:#00b7bd;\" class=\"vc_general vc_btn3 vc_btn3-size-md vc_btn3-shape-square vc_btn3-style-outline-custom\">PHOTOS AVANT - APR\u00c8S<\/button><\/div><\/div><\/div><\/div><div class=\"wpb_column vc_column_container vc_col-sm-6\"><div class=\"vc_column-inner\"><div class=\"wpb_wrapper\"><div class=\"vc_btn3-container vc_btn3-center\" ><a onmouseleave=\"this.style.borderColor='#00b7bd'; this.style.backgroundColor='transparent'; this.style.color='#00b7bd'\" onmouseenter=\"this.style.borderColor='#00b7bd'; this.style.backgroundColor='#00b7bd'; this.style.color='#ffffff';\" style=\"border-color:#00b7bd; color:#00b7bd;\" class=\"vc_general vc_btn3 vc_btn3-size-md vc_btn3-shape-square vc_btn3-style-outline-custom\" href=\"https:\/\/turbohair.hu\/fr\/blog\/\" title=\"Blog\">ARTICLES DE BLOG<\/a><\/div><\/div><\/div><\/div><\/div><\/div><\/div><\/div><\/section>","protected":false},"excerpt":{"rendered":"\u00dczenete sikeresen be\u00e9rkezett \u00fcgyf\u00e9lszolg\u00e1lati rendszer\u00fcnkbe. Koll\u00e9g\u00e1nk 24 \u00f3r\u00e1n bel\u00fcl felveszi \u00d6nnel a kapcsolatot. Addig is tekintse meg referenci\u00e1inkat vagy olvassa el hasznos cikkeinket. EL\u0150TTE - UT\u00c1NA FOT\u00d3KBLOG CIKKEK","protected":false},"author":1,"featured_media":0,"parent":0,"menu_order":0,"comment_status":"closed","ping_status":"closed","template":"","meta":{"footnotes":""},"class_list":["post-5771","page","type-page","status-publish","hentry"],"yoast_head":"<title>Sikeres kit\u00f6lt\u00e9s - Hajbe\u00fcltet\u00e9s Budapesten<\/title>\n<meta name=\"robots\" content=\"index, follow, max-snippet:-1, max-image-preview:large, max-video-preview:-1\" \/>\n<link rel=\"canonical\" href=\"https:\/\/turbohair.hu\/fr\/reussite\/\" \/>\n<meta property=\"og:locale\" content=\"fr_FR\" \/>\n<meta property=\"og:type\" content=\"article\" \/>\n<meta property=\"og:title\" content=\"Sikeres kit\u00f6lt\u00e9s - Hajbe\u00fcltet\u00e9s Budapesten\" \/>\n<meta property=\"og:url\" content=\"https:\/\/turbohair.hu\/fr\/reussite\/\" \/>\n<meta property=\"og:site_name\" content=\"Hajbe\u00fcltet\u00e9s Budapesten\" \/>\n<meta property=\"article:modified_time\" content=\"2022-12-23T12:05:01+00:00\" \/>\n<meta name=\"twitter:card\" content=\"summary_large_image\" \/>\n<meta name=\"twitter:label1\" content=\"Dur\u00e9e de lecture estim\u00e9e\" \/>\n\t<meta name=\"twitter:data1\" content=\"1 minute\" \/>\n<script type=\"application\/ld+json\" class=\"yoast-schema-graph\">{\"@context\":\"https:\/\/schema.org\",\"@graph\":[{\"@type\":\"WebPage\",\"@id\":\"https:\/\/turbohair.hu\/sikeres-kitoltes\/\",\"url\":\"https:\/\/turbohair.hu\/sikeres-kitoltes\/\",\"name\":\"Sikeres kit\u00f6lt\u00e9s - Hajbe\u00fcltet\u00e9s Budapesten\",\"isPartOf\":{\"@id\":\"https:\/\/turbohair.hu\/#website\"},\"datePublished\":\"2022-12-16T19:28:34+00:00\",\"dateModified\":\"2022-12-23T12:05:01+00:00\",\"breadcrumb\":{\"@id\":\"https:\/\/turbohair.hu\/sikeres-kitoltes\/#breadcrumb\"},\"inLanguage\":\"fr-FR\",\"potentialAction\":[{\"@type\":\"ReadAction\",\"target\":[\"https:\/\/turbohair.hu\/sikeres-kitoltes\/\"]}]},{\"@type\":\"BreadcrumbList\",\"@id\":\"https:\/\/turbohair.hu\/sikeres-kitoltes\/#breadcrumb\",\"itemListElement\":[{\"@type\":\"ListItem\",\"position\":1,\"name\":\"Kezd\u0151lap\",\"item\":\"https:\/\/turbohair.hu\/\"},{\"@type\":\"ListItem\",\"position\":2,\"name\":\"Sikeres kit\u00f6lt\u00e9s\"}]},{\"@type\":\"WebSite\",\"@id\":\"https:\/\/turbohair.hu\/#website\",\"url\":\"https:\/\/turbohair.hu\/\",\"name\":\"Hajbe\u00fcltet\u00e9s Budapesten\",\"description\":\"Hajbe\u00fcltet\u00e9s Budapesten - Turbohair\",\"potentialAction\":[{\"@type\":\"SearchAction\",\"target\":{\"@type\":\"EntryPoint\",\"urlTemplate\":\"https:\/\/turbohair.hu\/?s={search_term_string}\"},\"query-input\":{\"@type\":\"PropertyValueSpecification\",\"valueRequired\":true,\"valueName\":\"search_term_string\"}}],\"inLanguage\":\"fr-FR\"}]}<\/script>","yoast_head_json":{"title":"Sikeres kit\u00f6lt\u00e9s - Hajbe\u00fcltet\u00e9s Budapesten","robots":{"index":"index","follow":"follow","max-snippet":"max-snippet:-1","max-image-preview":"max-image-preview:large","max-video-preview":"max-video-preview:-1"},"canonical":"https:\/\/turbohair.hu\/fr\/reussite\/","og_locale":"fr_FR","og_type":"article","og_title":"Sikeres kit\u00f6lt\u00e9s - Hajbe\u00fcltet\u00e9s Budapesten","og_url":"https:\/\/turbohair.hu\/fr\/reussite\/","og_site_name":"Hajbe\u00fcltet\u00e9s Budapesten","article_modified_time":"2022-12-23T12:05:01+00:00","twitter_card":"summary_large_image","twitter_misc":{"Dur\u00e9e de lecture estim\u00e9e":"1 minute"},"schema":{"@context":"https:\/\/schema.org","@graph":[{"@type":"WebPage","@id":"https:\/\/turbohair.hu\/sikeres-kitoltes\/","url":"https:\/\/turbohair.hu\/sikeres-kitoltes\/","name":"Sikeres kit\u00f6lt\u00e9s - Hajbe\u00fcltet\u00e9s Budapesten","isPartOf":{"@id":"https:\/\/turbohair.hu\/#website"},"datePublished":"2022-12-16T19:28:34+00:00","dateModified":"2022-12-23T12:05:01+00:00","breadcrumb":{"@id":"https:\/\/turbohair.hu\/sikeres-kitoltes\/#breadcrumb"},"inLanguage":"fr-FR","potentialAction":[{"@type":"ReadAction","target":["https:\/\/turbohair.hu\/sikeres-kitoltes\/"]}]},{"@type":"BreadcrumbList","@id":"https:\/\/turbohair.hu\/sikeres-kitoltes\/#breadcrumb","itemListElement":[{"@type":"ListItem","position":1,"name":"Kezd\u0151lap","item":"https:\/\/turbohair.hu\/"},{"@type":"ListItem","position":2,"name":"Sikeres kit\u00f6lt\u00e9s"}]},{"@type":"WebSite","@id":"https:\/\/turbohair.hu\/#website","url":"https:\/\/turbohair.hu\/","name":"Greffe de cheveux \u00e0 Budapest","description":"Hajbe\u00fcltet\u00e9s Budapesten - Turbohair","potentialAction":[{"@type":"SearchAction","target":{"@type":"EntryPoint","urlTemplate":"https:\/\/turbohair.hu\/?s={search_term_string}"},"query-input":{"@type":"PropertyValueSpecification","valueRequired":true,"valueName":"search_term_string"}}],"inLanguage":"fr-FR"}]}},"_links":{"self":[{"href":"https:\/\/turbohair.hu\/fr\/wp-json\/wp\/v2\/pages\/5771","targetHints":{"allow":["GET"]}}],"collection":[{"href":"https:\/\/turbohair.hu\/fr\/wp-json\/wp\/v2\/pages"}],"about":[{"href":"https:\/\/turbohair.hu\/fr\/wp-json\/wp\/v2\/types\/page"}],"author":[{"embeddable":true,"href":"https:\/\/turbohair.hu\/fr\/wp-json\/wp\/v2\/users\/1"}],"replies":[{"embeddable":true,"href":"https:\/\/turbohair.hu\/fr\/wp-json\/wp\/v2\/comments?post=5771"}],"version-history":[{"count":19,"href":"https:\/\/turbohair.hu\/fr\/wp-json\/wp\/v2\/pages\/5771\/revisions"}],"predecessor-version":[{"id":5790,"href":"https:\/\/turbohair.hu\/fr\/wp-json\/wp\/v2\/pages\/5771\/revisions\/5790"}],"wp:attachment":[{"href":"https:\/\/turbohair.hu\/fr\/wp-json\/wp\/v2\/media?parent=5771"}],"curies":[{"name":"wp","href":"https:\/\/api.w.org\/{rel}","templated":true}]}}