{"id":6404,"date":"2024-03-15T21:37:24","date_gmt":"2024-03-15T21:37:24","guid":{"rendered":"https:\/\/turbohair.hu\/?page_id=6404"},"modified":"2024-03-15T21:40:45","modified_gmt":"2024-03-15T21:40:45","slug":"carriere","status":"publish","type":"page","link":"https:\/\/turbohair.hu\/fr\/karrier\/","title":{"rendered":"Carri\u00e8re"},"content":{"rendered":"<section class=\"vc_section large margin-top-10 vc_custom_1710538577590\"><div class=\"vc_row wpb_row vc_row-fluid\"><div class=\"wpb_column vc_column_container vc_col-sm-12\"><div class=\"wpb_wrapper\"><h2 class=\"box-header large align-center no-border\">NOUS RECHERCHONS UN M\u00c9DECIN SP\u00c9CIALIS\u00c9 DANS LES GREFFES DE CHEVEUX<\/h2>\n\t<div class=\"wpb_text_column wpb_content_element  vc_custom_1710537598308 large margin-top-10\" >\n\t\t<div class=\"wpb_wrapper\">\n\t\t\t<p style=\"text-align: justify;\">TurboHair Medical est l'une des cliniques de transplantation capillaire \u00e0 la croissance la plus rapide en Hongrie et recherche un coll\u00e8gue m\u00e9dical pour augmenter sa capacit\u00e9. Nous ne pratiquons que des greffes de cheveux de haute qualit\u00e9 et au plus haut niveau.<\/p>\n\n\t\t<\/div>\n\t<\/div>\n<\/div><\/div><\/div><div class=\"vc_row wpb_row vc_row-fluid\"><div class=\"padding-right-30 wpb_column vc_column_container vc_col-sm-8\"><div class=\"wpb_wrapper\"><h3 class=\"box-header no-border\">T\u00c2CHES<\/h3><ul class=\"simple-list margin-top-15 clearfix\"><li class=\"template-tick-2 clearfix\">\n\t\t\t<span>Greffe de cheveux<\/span><\/li><\/ul><h3 class=\"box-header margin-top-15 no-border\">DEMANDES<\/h3><ul class=\"simple-list margin-top-15 clearfix\"><li class=\"template-tick-2 clearfix\">\n\t\t\t<span>Une exp\u00e9rience professionnelle dans le domaine de la transplantation capillaire serait un avantage, mais n'est pas indispensable.<\/span><\/li><li class=\"template-tick-2 clearfix\">\n\t\t\t<span>Dipl\u00f4me universitaire en m\u00e9decine requis<\/span><\/li><li class=\"template-tick-2 clearfix\">\n\t\t\t<span>Bonne capacit\u00e9 de travail 4 fois par semaine (8-12 heures)<\/span><\/li><li class=\"template-tick-2 clearfix\">\n\t\t\t<span>Exactitude, pr\u00e9cision, parfaite coordination main-\u0153il requise<\/span><\/li><li class=\"template-tick-2 clearfix\">\n\t\t\t<span>Manualit\u00e9, sens esth\u00e9tique de la beaut\u00e9<br \/>\n<\/span><\/li><\/ul><h3 class=\"box-header margin-top-15 no-border\">SIGNE PR\u00c9C\u00c9DENT<\/h3><ul class=\"simple-list margin-top-15 clearfix\"><li class=\"template-tick-2 clearfix\">\n\t\t\t<span>Une exp\u00e9rience professionnelle dans le domaine de la transplantation capillaire serait un avantage, mais n'est pas indispensable.<\/span><\/li><li class=\"template-tick-2 clearfix\">\n\t\t\t<span>Si vous n'avez pas d'exp\u00e9rience en mati\u00e8re de greffe de cheveux, notre clinique vous formera<\/span><\/li><\/ul><h3 class=\"box-header margin-top-15 no-border\">CE QUE NOUS APPELONS<\/h3><ul class=\"simple-list margin-top-15 clearfix\"><li class=\"template-tick-2 clearfix\">\n\t\t\t<span>L'une des meilleures cliniques de transplantation capillaire de Budapest<\/span><\/li><li class=\"template-tick-2 clearfix\">\n\t\t\t<span>Ambiance jeune<\/span><\/li><li class=\"template-tick-2 clearfix\">\n\t\t\t<span>M\u00e9thodes de transplantation capillaire les plus r\u00e9centes et les plus modernes<\/span><\/li><li class=\"template-tick-2 clearfix\">\n\t\t\t<span>Temps plein<\/span><\/li><li class=\"template-tick-2 clearfix\">\n\t\t\t<span>R\u00e9mun\u00e9ration impay\u00e9e<\/span><\/li><li class=\"template-tick-2 clearfix\">\n\t\t\t<span>Possibilit\u00e9s de formation, innovation permanente<\/span><\/li><li class=\"template-tick-2 clearfix\">\n\t\t\t<span>Si vous n'avez pas d'exp\u00e9rience en mati\u00e8re de greffe de cheveux, notre clinique vous formera<\/span><\/li><\/ul><\/div><\/div><div class=\"margin-top-92 wpb_column vc_column_container vc_col-sm-4\"><div class=\"wpb_wrapper\">\n\t<div  class=\"wpb_single_image wpb_content_element vc_align_left\">\n\t\t\n\t\t<figure class=\"wpb_wrapper vc_figure\">\n\t\t\t<div class=\"vc_single_image-wrapper   vc_box_border_grey\"><img loading=\"lazy\" decoding=\"async\" width=\"446\" height=\"597\" src=\"https:\/\/turbohair.hu\/wp-content\/uploads\/Group-133.webp\" class=\"vc_single_image-img attachment-large\" alt=\"La greffe de cheveux\" title=\"Group 133\" srcset=\"https:\/\/turbohair.hu\/wp-content\/uploads\/Group-133.webp 446w, https:\/\/turbohair.hu\/wp-content\/uploads\/Group-133-224x300.webp 224w\" sizes=\"auto, (max-width: 446px) 100vw, 446px\" \/><\/div>\n\t\t<\/figure>\n\t<\/div>\n<\/div><\/div><\/div><\/section>","protected":false},"excerpt":{"rendered":"HAJBE\u00dcLTET\u0150 ORVOST KERES\u00dcNK TurboHair Medical Magyarorsz\u00e1g egyik legdinamikusabban fejl\u0151d\u0151 hajbe\u00fcltet\u0151 klinik\u00e1ja kapacit\u00e1s\u00e1nak b\u0151v\u00edt\u00e9s\u00e9hez orvos koll\u00e9g\u00e1t keres. Kiz\u00e1r\u00f3lag min\u0151s\u00e9gi hajbe\u00fcltet\u00e9st v\u00e9gz\u00fcnk a legmagasabb szinten. FELADATOK Hajbe\u00fcltet\u00e9s, Haj\u00e1t\u00fcltet\u00e9sELV\u00c1R\u00c1SOK Hajbe\u00fcltet\u00e9sben szerzett munkatapasztalat el\u0151nyt jelenthet, de nem felt\u00e9tel Orvosi egyetemi v\u00e9gzetts\u00e9g sz\u00fcks\u00e9ges J\u00f3 munkab\u00edr\u00f3 k\u00e9pess\u00e9g heti 4 alkalom, (8-12 \u00f3ra) Pontoss\u00e1g, precizit\u00e1s , t\u00f6k\u00e9letes szem-k\u00e9z koordin\u00e1ci\u00f3 sz\u00fcks\u00e9ges Manualit\u00e1s, eszt\u00e9tikai","protected":false},"author":1,"featured_media":0,"parent":0,"menu_order":0,"comment_status":"closed","ping_status":"closed","template":"","meta":{"footnotes":""},"class_list":["post-6404","page","type-page","status-publish","hentry"],"yoast_head":"<title>Hajbe\u00fcltet\u0151 orvost keres\u00fcnk<\/title>\n<meta name=\"description\" content=\"Hajbe\u00fcltet\u0151 orvost keres\u00fcnk kapacit\u00e1s b\u0151v\u00edt\u00e9s c\u00e9lj\u00e1b\u00f3l. Kiz\u00e1r\u00f3lag min\u0151s\u00e9gi hajbe\u00fcltet\u00e9st v\u00e9gz\u00fcnk a legmagasabb szinten.\" \/>\n<meta name=\"robots\" content=\"index, follow, max-snippet:-1, max-image-preview:large, max-video-preview:-1\" \/>\n<link rel=\"canonical\" href=\"https:\/\/turbohair.hu\/fr\/carriere\/\" \/>\n<meta property=\"og:locale\" content=\"fr_FR\" \/>\n<meta property=\"og:type\" content=\"article\" \/>\n<meta property=\"og:title\" content=\"Hajbe\u00fcltet\u0151 orvost keres\u00fcnk\" \/>\n<meta property=\"og:description\" content=\"Hajbe\u00fcltet\u0151 orvost keres\u00fcnk kapacit\u00e1s b\u0151v\u00edt\u00e9s c\u00e9lj\u00e1b\u00f3l. Kiz\u00e1r\u00f3lag min\u0151s\u00e9gi hajbe\u00fcltet\u00e9st v\u00e9gz\u00fcnk a legmagasabb szinten.\" \/>\n<meta property=\"og:url\" content=\"https:\/\/turbohair.hu\/fr\/carriere\/\" \/>\n<meta property=\"og:site_name\" content=\"Hajbe\u00fcltet\u00e9s Budapesten\" \/>\n<meta property=\"article:modified_time\" content=\"2024-03-15T21:40:45+00:00\" \/>\n<meta name=\"twitter:card\" content=\"summary_large_image\" \/>\n<meta name=\"twitter:label1\" content=\"Dur\u00e9e de lecture estim\u00e9e\" \/>\n\t<meta name=\"twitter:data1\" content=\"2 minutes\" \/>\n<script type=\"application\/ld+json\" class=\"yoast-schema-graph\">{\"@context\":\"https:\/\/schema.org\",\"@graph\":[{\"@type\":\"WebPage\",\"@id\":\"https:\/\/turbohair.hu\/karrier\/\",\"url\":\"https:\/\/turbohair.hu\/karrier\/\",\"name\":\"Hajbe\u00fcltet\u0151 orvost keres\u00fcnk\",\"isPartOf\":{\"@id\":\"https:\/\/turbohair.hu\/#website\"},\"datePublished\":\"2024-03-15T21:37:24+00:00\",\"dateModified\":\"2024-03-15T21:40:45+00:00\",\"description\":\"Hajbe\u00fcltet\u0151 orvost keres\u00fcnk kapacit\u00e1s b\u0151v\u00edt\u00e9s c\u00e9lj\u00e1b\u00f3l. Kiz\u00e1r\u00f3lag min\u0151s\u00e9gi hajbe\u00fcltet\u00e9st v\u00e9gz\u00fcnk a legmagasabb szinten.\",\"breadcrumb\":{\"@id\":\"https:\/\/turbohair.hu\/karrier\/#breadcrumb\"},\"inLanguage\":\"fr-FR\",\"potentialAction\":[{\"@type\":\"ReadAction\",\"target\":[\"https:\/\/turbohair.hu\/karrier\/\"]}]},{\"@type\":\"BreadcrumbList\",\"@id\":\"https:\/\/turbohair.hu\/karrier\/#breadcrumb\",\"itemListElement\":[{\"@type\":\"ListItem\",\"position\":1,\"name\":\"Kezd\u0151lap\",\"item\":\"https:\/\/turbohair.hu\/\"},{\"@type\":\"ListItem\",\"position\":2,\"name\":\"Karrier\"}]},{\"@type\":\"WebSite\",\"@id\":\"https:\/\/turbohair.hu\/#website\",\"url\":\"https:\/\/turbohair.hu\/\",\"name\":\"Hajbe\u00fcltet\u00e9s Budapesten\",\"description\":\"Hajbe\u00fcltet\u00e9s Budapesten - Turbohair\",\"potentialAction\":[{\"@type\":\"SearchAction\",\"target\":{\"@type\":\"EntryPoint\",\"urlTemplate\":\"https:\/\/turbohair.hu\/?s={search_term_string}\"},\"query-input\":{\"@type\":\"PropertyValueSpecification\",\"valueRequired\":true,\"valueName\":\"search_term_string\"}}],\"inLanguage\":\"fr-FR\"}]}<\/script>","yoast_head_json":{"title":"Hajbe\u00fcltet\u0151 orvost keres\u00fcnk","description":"Hajbe\u00fcltet\u0151 orvost keres\u00fcnk kapacit\u00e1s b\u0151v\u00edt\u00e9s c\u00e9lj\u00e1b\u00f3l. Kiz\u00e1r\u00f3lag min\u0151s\u00e9gi hajbe\u00fcltet\u00e9st v\u00e9gz\u00fcnk a legmagasabb szinten.","robots":{"index":"index","follow":"follow","max-snippet":"max-snippet:-1","max-image-preview":"max-image-preview:large","max-video-preview":"max-video-preview:-1"},"canonical":"https:\/\/turbohair.hu\/fr\/carriere\/","og_locale":"fr_FR","og_type":"article","og_title":"Hajbe\u00fcltet\u0151 orvost keres\u00fcnk","og_description":"Hajbe\u00fcltet\u0151 orvost keres\u00fcnk kapacit\u00e1s b\u0151v\u00edt\u00e9s c\u00e9lj\u00e1b\u00f3l. Kiz\u00e1r\u00f3lag min\u0151s\u00e9gi hajbe\u00fcltet\u00e9st v\u00e9gz\u00fcnk a legmagasabb szinten.","og_url":"https:\/\/turbohair.hu\/fr\/carriere\/","og_site_name":"Hajbe\u00fcltet\u00e9s Budapesten","article_modified_time":"2024-03-15T21:40:45+00:00","twitter_card":"summary_large_image","twitter_misc":{"Dur\u00e9e de lecture estim\u00e9e":"2 minutes"},"schema":{"@context":"https:\/\/schema.org","@graph":[{"@type":"WebPage","@id":"https:\/\/turbohair.hu\/karrier\/","url":"https:\/\/turbohair.hu\/karrier\/","name":"Hajbe\u00fcltet\u0151 orvost keres\u00fcnk","isPartOf":{"@id":"https:\/\/turbohair.hu\/#website"},"datePublished":"2024-03-15T21:37:24+00:00","dateModified":"2024-03-15T21:40:45+00:00","description":"Hajbe\u00fcltet\u0151 orvost keres\u00fcnk kapacit\u00e1s b\u0151v\u00edt\u00e9s c\u00e9lj\u00e1b\u00f3l. Kiz\u00e1r\u00f3lag min\u0151s\u00e9gi hajbe\u00fcltet\u00e9st v\u00e9gz\u00fcnk a legmagasabb szinten.","breadcrumb":{"@id":"https:\/\/turbohair.hu\/karrier\/#breadcrumb"},"inLanguage":"fr-FR","potentialAction":[{"@type":"ReadAction","target":["https:\/\/turbohair.hu\/karrier\/"]}]},{"@type":"BreadcrumbList","@id":"https:\/\/turbohair.hu\/karrier\/#breadcrumb","itemListElement":[{"@type":"ListItem","position":1,"name":"Kezd\u0151lap","item":"https:\/\/turbohair.hu\/"},{"@type":"ListItem","position":2,"name":"Karrier"}]},{"@type":"WebSite","@id":"https:\/\/turbohair.hu\/#website","url":"https:\/\/turbohair.hu\/","name":"Greffe de cheveux \u00e0 Budapest","description":"Hajbe\u00fcltet\u00e9s Budapesten - Turbohair","potentialAction":[{"@type":"SearchAction","target":{"@type":"EntryPoint","urlTemplate":"https:\/\/turbohair.hu\/?s={search_term_string}"},"query-input":{"@type":"PropertyValueSpecification","valueRequired":true,"valueName":"search_term_string"}}],"inLanguage":"fr-FR"}]}},"_links":{"self":[{"href":"https:\/\/turbohair.hu\/fr\/wp-json\/wp\/v2\/pages\/6404","targetHints":{"allow":["GET"]}}],"collection":[{"href":"https:\/\/turbohair.hu\/fr\/wp-json\/wp\/v2\/pages"}],"about":[{"href":"https:\/\/turbohair.hu\/fr\/wp-json\/wp\/v2\/types\/page"}],"author":[{"embeddable":true,"href":"https:\/\/turbohair.hu\/fr\/wp-json\/wp\/v2\/users\/1"}],"replies":[{"embeddable":true,"href":"https:\/\/turbohair.hu\/fr\/wp-json\/wp\/v2\/comments?post=6404"}],"version-history":[{"count":33,"href":"https:\/\/turbohair.hu\/fr\/wp-json\/wp\/v2\/pages\/6404\/revisions"}],"predecessor-version":[{"id":6438,"href":"https:\/\/turbohair.hu\/fr\/wp-json\/wp\/v2\/pages\/6404\/revisions\/6438"}],"wp:attachment":[{"href":"https:\/\/turbohair.hu\/fr\/wp-json\/wp\/v2\/media?parent=6404"}],"curies":[{"name":"wp","href":"https:\/\/api.w.org\/{rel}","templated":true}]}}