{"id":6854,"date":"2025-03-08T12:04:13","date_gmt":"2025-03-08T12:04:13","guid":{"rendered":"https:\/\/turbohair.hu\/?page_id=6854"},"modified":"2025-03-08T16:35:27","modified_gmt":"2025-03-08T16:35:27","slug":"hajbeultetes-torokorszag","status":"publish","type":"page","link":"https:\/\/turbohair.hu\/fr\/hajbeultetes-torokorszag\/","title":{"rendered":"Hajbe\u00fcltet\u00e9s T\u00f6r\u00f6korsz\u00e1g"},"content":{"rendered":"<div class=\"vc_row wpb_row vc_row-fluid vc_custom_1739819855256 vc_row-has-fill page-margin-top-section\"><div class=\"wpb_column vc_column_container vc_col-sm-4 vc_col-has-fill vc_custom_1736426736481\"><div class=\"wpb_wrapper\"><div class=\"vc_row wpb_row vc_inner vc_row-fluid\"><div class=\"wpb_column vc_column_container vc_col-sm-12\"><div class=\"vc_column-inner\"><div class=\"wpb_wrapper\">\n\t<div  class=\"wpb_single_image wpb_content_element vc_align_left  vc_custom_1741433399443\">\n\t\t\n\t\t<figure class=\"wpb_wrapper vc_figure\">\n\t\t\t<div class=\"vc_single_image-wrapper   vc_box_border_grey\"><img loading=\"lazy\" decoding=\"async\" width=\"694\" height=\"843\" src=\"https:\/\/turbohair.hu\/wp-content\/uploads\/hajbeultetes-torokorszag.webp\" class=\"vc_single_image-img attachment-large\" alt=\"hajbe\u00fcltet\u00e9s T\u00f6r\u00f6korsz\u00e1g\" title=\"hajbeultetes-torokorszag\" srcset=\"https:\/\/turbohair.hu\/wp-content\/uploads\/hajbeultetes-torokorszag.webp 694w, https:\/\/turbohair.hu\/wp-content\/uploads\/hajbeultetes-torokorszag-247x300.webp 247w, https:\/\/turbohair.hu\/wp-content\/uploads\/hajbeultetes-torokorszag-10x12.webp 10w\" sizes=\"auto, (max-width: 694px) 100vw, 694px\" \/><\/div>\n\t\t<\/figure>\n\t<\/div>\n<\/div><\/div><\/div><\/div><\/div><\/div><div class=\"wpb_column vc_column_container vc_col-sm-8\"><div class=\"wpb_wrapper\"><h1 class=\"box-header\">HAJBE\u00dcLTET\u00c9S T\u00d6R\u00d6KORSZ\u00c1GBAN<\/h1>\n\t<div class=\"wpb_text_column wpb_content_element  large margin-top-20\" >\n\t\t<div class=\"wpb_wrapper\">\n\t\t\t<h2>T\u00e9nyleg a t\u00f6r\u00f6k hajbe\u00fcltet\u00e9s a legjobb v\u00e1laszt\u00e1s!?<\/h2>\n<p style=\"text-align: justify;\">Amennyiben <strong>hajbe\u00fcltet\u00e9st<\/strong> fontolgat <strong>T\u00f6r\u00f6korsz\u00e1gban<\/strong>, fontos, hogy alaposan t\u00e1j\u00e9koz\u00f3djon, v\u00e9lem\u00e9nyeket olvasson, \u00e9s csak olyan klinik\u00e1t v\u00e1lasszon, amely megb\u00edzhat\u00f3, j\u00f3 referenci\u00e1kkal rendelkezik.<\/p>\n<p style=\"text-align: justify;\">A <strong>hajbe\u00fcltet\u00e9s T\u00f6r\u00f6korsz\u00e1gban<\/strong> sok ember sz\u00e1m\u00e1ra vonz\u00f3 lehet\u0151s\u00e9get jelent, mivel az elj\u00e1r\u00e1s \u00e1ltal\u00e1ban olcs\u00f3bb, mint m\u00e1s orsz\u00e1gokban, de <strong>val\u00f3ban olcs\u00f3bb, vagy csak olcs\u00f3bbnak hangzik?!<\/strong><\/p>\n<p style=\"text-align: justify;\">Vizsg\u00e1ljuk meg ezt a k\u00e9rd\u00e9st alaposan egy\u00fctt, tov\u00e1bb\u00e1 vannak olyan szempontok is, amelyeket <strong>\u00e9rdemes m\u00e9rlegelni<\/strong>, miel\u0151tt d\u00f6nt\u00e9st hoz.<\/p>\n<p style=\"text-align: justify;\"><strong>Min\u0151s\u00e9gi k\u00fcl\u00f6nbs\u00e9gek:<\/strong> T\u00f6r\u00f6korsz\u00e1gban sz\u00e1mos klinika k\u00edn\u00e1l hajbe\u00fcltet\u00e9st, de a min\u0151s\u00e9g nagyon v\u00e1ltoz\u00f3 lehet. Van, ahol nagyon j\u00f3 tapasztalatokat szerezhetnek a kopaszod\u00e1ssal k\u00fczd\u0151 \u00fcgyfelek, de vannak olyan helyek is, ahol nem megfelel\u0151ek lehetnek az eszk\u00f6z\u00f6k, vagy az orvos tapasztalata nem elegend\u0151. Ha nem megfelel\u0151 klinik\u00e1t v\u00e1laszt, nem biztos, hogy az eredm\u00e9ny olyan lesz, mint amire v\u00e1rt, hi\u00e1ba olcs\u00f3bb a hajbe\u00fcltet\u00e9s k\u00fclf\u00f6ld\u00f6n.<\/p>\n\n\t\t<\/div>\n\t<\/div>\n<div class=\"vc_btn3-container vc_btn3-center vc_custom_1741434257794\" ><a onmouseleave=\"this.style.borderColor='#00b7bd'; this.style.backgroundColor='transparent'; this.style.color='#00b7bd'\" onmouseenter=\"this.style.borderColor='#00b7bd'; this.style.backgroundColor='#00b7bd'; this.style.color='#ffffff';\" style=\"border-color:#00b7bd; color:#00b7bd;\" class=\"vc_general vc_btn3 vc_btn3-size-md vc_btn3-shape-square vc_btn3-style-outline-custom\" href=\"https:\/\/turbohair.hu\/fr\/relation\/\" title=\"Avant apr\u00e8s\">ID\u0150PONTOT FOGLALOK KONZULT\u00c1CI\u00d3RA<\/a><\/div><\/div><\/div><\/div><section class=\"vc_section vc_custom_1741435983515 vc_section-has-fill\"><div class=\"vc_row wpb_row vc_row-fluid\"><div class=\"wpb_column vc_column_container vc_col-sm-12\"><div class=\"wpb_wrapper\"><h2 class=\"box-header align-center\">KOMPLIK\u00c1CI\u00d3K KOCK\u00c1ZATA<\/h2>\n\t<div class=\"wpb_text_column wpb_content_element  large margin-top-20\" >\n\t\t<div class=\"wpb_wrapper\">\n\t\t\t<p style=\"text-align: justify;\">B\u00e1r a hajbe\u00fcltet\u00e9s egy viszonylag biztons\u00e1gos elj\u00e1r\u00e1s, mint minden m\u0171t\u00e9ti beavatkoz\u00e1snak, ennek is vannak kock\u00e1zatai. A m\u0171t\u00e9t ut\u00e1ni komplik\u00e1ci\u00f3k, mint a fert\u0151z\u00e9s vagy a nem k\u00edv\u00e1nt hegesed\u00e9s, el\u0151fordulhatnak, k\u00fcl\u00f6n\u00f6sen, ha nem megfelel\u0151 higi\u00e9niai k\u00f6r\u00fclm\u00e9nyek k\u00f6z\u00f6tt t\u00f6rt\u00e9nik az elj\u00e1r\u00e1s, vagy nem megfelel\u0151 szakember (orvos) v\u00e9gzi a beavatkoz\u00e1st<\/p>\n\n\t\t<\/div>\n\t<\/div>\n<\/div><\/div><\/div><\/section><section class=\"vc_section\"><div class=\"vc_row wpb_row vc_row-fluid vc_custom_1741436389387\"><div class=\"wpb_column vc_column_container vc_col-sm-12\"><div class=\"wpb_wrapper\">\n\t<div class=\"wpb_text_column wpb_content_element\" >\n\t\t<div class=\"wpb_wrapper\">\n\t\t\t<h2 style=\"text-align: left;\">Orvosok vagy asszisztensek v\u00e9gzik a hajbe\u00fcltet\u00e9st T\u00f6r\u00f6korsz\u00e1gban?<\/h2>\n<p style=\"text-align: justify;\">A t\u00f6r\u00f6korsz\u00e1gi klinik\u00e1k t\u00f6bbs\u00e9g\u00e9ben asszisztensek v\u00e9gzik a m\u0171t\u00e9teket, \u00edgy tudj\u00e1k olcs\u00f3bban adni a hajbe\u00fcltet\u00e9st. Term\u00e9szetesen egy orvos min\u0151s\u00e9gi munk\u00e1j\u00e1t nem lehet \u00f6sszehasonl\u00edtani egy asszisztens \u00e1ltal v\u00e9gzett beavatkoz\u00e1ssal. Nem besz\u00e9lve a m\u0171t\u00e9ti kock\u00e1zat megn\u00f6veked\u00e9s\u00e9r\u0151l ilyen esetben. Miel\u0151tt b\u00e1rki azt gondolja, hogy ez egy egyszer\u0171 kozmetikai kezel\u00e9s, nagyon t\u00e9ved! Ez egy professzion\u00e1lis eszt\u00e9tikai seb\u00e9szeti beavatkoz\u00e1s, ami komoly szakmai tud\u00e1st ig\u00e9nyel.<\/p>\n\n\t\t<\/div>\n\t<\/div>\n<ul class=\"simple-list clearfix\"><li class=\"template-tick-2 clearfix\">\n\t\t\t<span><strong>Utaz\u00e1s \u00e9s ut\u00f3gondoz\u00e1s<\/strong>: Az utaz\u00e1s, a sz\u00e1ll\u00e1s \u00e9s a m\u0171t\u00e9t ut\u00e1ni kontrollok mind extra k\u00f6lts\u00e9geket jelenthetnek. A m\u0171t\u00e9t ut\u00e1n fontos, hogy az adott t\u00f6r\u00f6korsz\u00e1gi klinika k\u00f6vesse az \u00e1llapot\u00e1t, de ez Magyarorsz\u00e1gon val\u00f3 tart\u00f3zkod\u00e1s miatt nehezebb\u00e9 v\u00e1lhat. Az ut\u00f3gondoz\u00e1s is elengedhetetlen, hogy az eredm\u00e9ny tart\u00f3s \u00e9s sz\u00e9p legyen.<\/span><\/li><li class=\"template-tick-2 clearfix\">\n\t\t\t<span><strong>Nyelvi \u00e9s kultur\u00e1lis k\u00fcl\u00f6nbs\u00e9gek:<\/strong> Mivel T\u00f6r\u00f6korsz\u00e1gban a legt\u00f6bb klinik\u00e1n a szem\u00e9lyzet nem mindig besz\u00e9l angolul vagy m\u00e1s nyelveken, el\u0151fordulhat, hogy a kommunik\u00e1ci\u00f3s probl\u00e9m\u00e1k nehez\u00edtik az \u00e9lm\u00e9nyt. Az orvosi el\u0151zm\u00e9nyek pontos \u00e1tad\u00e1sa \u00e9s az elj\u00e1r\u00e1s meg\u00e9rt\u00e9se kulcsfontoss\u00e1g\u00fa lehet, de ezt nem mindenhol k\u00f6nny\u0171 biztos\u00edtani.<\/span><\/li><li class=\"template-tick-2 clearfix\">\n\t\t\t<span><strong>Szem\u00e9lyes konzult\u00e1ci\u00f3 hi\u00e1nya: <\/strong>Legt\u00f6bbsz\u00f6r az\u00e9rt nem siker\u00fcl egy hajbe\u00fcltet\u00e9s, mert fot\u00f3k alapj\u00e1n nagyon neh\u00e9z megmondani, hogy pontosan mik az \u00fcgyf\u00e9l lehet\u0151s\u00e9gei. Nem lehet felm\u00e9rni az ad\u00f3 ter\u00fcleten (donor) tal\u00e1lhat\u00f3 hajsz\u00e1lak pontos mennyis\u00e9g\u00e9t, \u00edgy amikor m\u00e1r meg\u00e9rkezik hajbe\u00fcltet\u00e9sre T\u00f6r\u00f6korsz\u00e1gba, m\u00e1r nem val\u00f3sz\u00edn\u0171, hogy haza fogj\u00e1k k\u00fcldeni azzal a sz\u00f6veggel, hogy a <strong>donor ter\u00fclet nem megfelel\u0151 a hajbe\u00fcltet\u00e9sre vagyis a megfelel\u0151 sz\u00e9p, d\u00fas hajbe\u00fcltet\u00e9si eredm\u00e9nyre<\/strong>, hanem megpr\u00f3b\u00e1lj\u00e1k \u201ekifacsarni\u201d a tark\u00f3 ter\u00fclet\u00e9n tal\u00e1lhat\u00f3 hajmennyis\u00e9g java r\u00e9sz\u00e9t, amely hegesed\u00e9ssel \u00e9s hossz\u00fa t\u00e1von eszt\u00e9tikai probl\u00e9m\u00e1kkal j\u00e1rhatnak. Minden ember egyedi donor ter\u00fclettel, egyedi hajsz\u00e1lmennyis\u00e9ggel rendelkezik.<\/span><\/li><\/ul><\/div><\/div><\/div><\/section><section class=\"vc_section vc_custom_1739820141200 vc_section-has-fill\"><div class=\"vc_row wpb_row vc_row-fluid\"><div class=\"wpb_column vc_column_container vc_col-sm-12\"><div class=\"wpb_wrapper\">\n\t<div class=\"wpb_text_column wpb_content_element  large margin-top-20\" >\n\t\t<div class=\"wpb_wrapper\">\n\t\t\t<h2 style=\"text-align: left;\">Mi\u00e9rt \u00e9rdemes el\u0151sz\u00f6r Magyarorsz\u00e1gon konzult\u00e1lni hajbe\u00fcltet\u00e9s el\u0151tt?<\/h2>\n<p style=\"text-align: justify;\">A hajbe\u00fcltet\u00e9s egy komoly d\u00f6nt\u00e9s \u00e9s a sikeres eredm\u00e9ny \u00e9rdek\u00e9ben rendk\u00edv\u00fcl fontos, hogy minden l\u00e9p\u00e9st alaposan megfontoljunk. B\u00e1r T\u00f6r\u00f6korsz\u00e1g n\u00e9pszer\u0171 \u00fati c\u00e9l a hajbe\u00fcltet\u00e9st v\u00e1laszt\u00f3k k\u00f6r\u00e9ben, mi azt javasoljuk, hogy miel\u0151tt elutazna, el\u0151sz\u00f6r l\u00e1togasson el Magyarorsz\u00e1gra egy szak\u00e9rt\u0151i konzult\u00e1ci\u00f3ra \u00e9s \u00e1llapotfelm\u00e9r\u00e9sre hozz\u00e1nk. Ha elhamarkodtan d\u00f6nt, akkor k\u00f6nnyen r\u00e9m\u00e1lom is lehet a hajbe\u00fcltet\u00e9sb\u0151l!<\/p>\n<p style=\"text-align: justify;\"><a href=\"https:\/\/turbohair.hu\/fr\/relation\/\"><span style=\"color: #00b7bd;\">Miel\u0151tt elutazik T\u00f6r\u00f6korsz\u00e1gba egy olcs\u00f3 hajbe\u00fcltet\u00e9sre, mindenk\u00e9ppen keresse fel klinik\u00e1nkat egy \u00e1llapotfelm\u00e9r\u00e9sre!<\/span><\/a><\/p>\n\n\t\t<\/div>\n\t<\/div>\n<div class=\"vc_btn3-container vc_btn3-center vc_custom_1741434257794\" ><a onmouseleave=\"this.style.borderColor='#00b7bd'; this.style.backgroundColor='transparent'; this.style.color='#00b7bd'\" onmouseenter=\"this.style.borderColor='#00b7bd'; this.style.backgroundColor='#00b7bd'; this.style.color='#ffffff';\" style=\"border-color:#00b7bd; color:#00b7bd;\" class=\"vc_general vc_btn3 vc_btn3-size-md vc_btn3-shape-square vc_btn3-style-outline-custom\" href=\"https:\/\/turbohair.hu\/fr\/relation\/\" title=\"Avant apr\u00e8s\">ID\u0150PONTOT FOGLALOK KONZULT\u00c1CI\u00d3RA<\/a><\/div><\/div><\/div><\/div><\/section><section class=\"vc_section vc_custom_1739821159998\"><div class=\"vc_row wpb_row vc_row-fluid vc_custom_1739820432810 vc_row-has-fill page-margin-top\"><div class=\"wpb_column vc_column_container vc_col-sm-4 vc_col-has-fill vc_custom_1736426736481\"><div class=\"wpb_wrapper\">\n\t<div  class=\"wpb_single_image wpb_content_element vc_align_left\">\n\t\t\n\t\t<figure class=\"wpb_wrapper vc_figure\">\n\t\t\t<div class=\"vc_single_image-wrapper   vc_box_border_grey\"><img loading=\"lazy\" decoding=\"async\" width=\"766\" height=\"1024\" src=\"https:\/\/turbohair.hu\/wp-content\/uploads\/hajbeultetes-klinika.webp\" class=\"vc_single_image-img attachment-large\" alt=\"La greffe de cheveux\" title=\"hajbeultetes-klinika\" srcset=\"https:\/\/turbohair.hu\/wp-content\/uploads\/hajbeultetes-klinika.webp 766w, https:\/\/turbohair.hu\/wp-content\/uploads\/hajbeultetes-klinika-224x300.webp 224w\" sizes=\"auto, (max-width: 766px) 100vw, 766px\" \/><\/div>\n\t\t<\/figure>\n\t<\/div>\n<\/div><\/div><div class=\"wpb_column vc_column_container vc_col-sm-8\"><div class=\"wpb_wrapper\">\n\t<div class=\"wpb_text_column wpb_content_element  large margin-top-20\" >\n\t\t<div class=\"wpb_wrapper\">\n\t\t\t<h2 style=\"text-align: left;\">Mi\u00e9rt \u00e9rdemes ezt v\u00e1lasztani?<\/h2>\n<p style=\"text-align: justify;\"><strong>Szem\u00e9lyre szabott tan\u00e1csad\u00e1s:<\/strong> Magyarorsz\u00e1gon egy szem\u00e9lyre szabott konzult\u00e1ci\u00f3val kezdheti a folyamatot, ahol r\u00e9szletesen felm\u00e9rj\u00fck a haja \u00e1llapot\u00e1t, majd megvizsg\u00e1ljuk, hogy milyen t\u00edpus\u00fa beavatkoz\u00e1sra van sz\u00fcks\u00e9ge. A szem\u00e9lyes \u00e1llapotfelm\u00e9r\u00e9s seg\u00edt abban, hogy pontosan tudja mire sz\u00e1m\u00edthat, \u00e9s biztos lehet benne, hogy a legjobb d\u00f6nt\u00e9st hozza meg.<\/p>\n<p style=\"text-align: justify;\"><strong>R\u00e9szletes t\u00e1j\u00e9koztat\u00e1s:<\/strong> A konzult\u00e1ci\u00f3n mindent megtudhat a hajbe\u00fcltet\u00e9s folyamat\u00e1r\u00f3l, a lehets\u00e9ges kock\u00e1zatokr\u00f3l \u00e9s a v\u00e1rhat\u00f3 eredm\u00e9nyekr\u0151l, lehet\u0151s\u00e9gekr\u0151l.<\/p>\n\n\t\t<\/div>\n\t<\/div>\n<ul class=\"simple-list clearfix\"><li class=\"template-tick-2 clearfix\">\n\t\t\t<span>H\u00e1ny hajbe\u00fcltet\u00e9sre lesz sz\u00fcks\u00e9gem \u00e9letem sor\u00e1n?<\/span><\/li><li class=\"template-tick-2 clearfix\">\n\t\t\t<span>H\u00e1ny hajsz\u00e1l tal\u00e1lhat\u00f3 a donor ter\u00fcletemen?<\/span><\/li><li class=\"template-tick-2 clearfix\">\n\t\t\t<span>Hogyan lesz tart\u00f3s a hajbe\u00fcltet\u00e9si eredm\u00e9nyem?<\/span><\/li><li class=\"template-tick-2 clearfix\">\n\t\t\t<span>Hogyan tudom lass\u00edtani vagy meg\u00e1ll\u00edtani a hajhull\u00e1som?<\/span><\/li><\/ul>\n\t<div class=\"wpb_text_column wpb_content_element  large margin-top-20\" >\n\t\t<div class=\"wpb_wrapper\">\n\t\t\t<p style=\"text-align: justify;\">T\u00f6bbek k\u00f6z\u00f6tt a fent felsorolt k\u00e9rd\u00e9sekre <strong>kapott v\u00e1laszok seg\u00edtenek<\/strong> majd abban, hogy <strong>felk\u00e9sz\u00fclten induljon neki<\/strong> az \u00fatnak \u00e9s <strong>ne \u00e9rj\u00e9k v\u00e1ratlan meglepet\u00e9sek<\/strong> a m\u0171t\u00e9t sor\u00e1n.<\/p>\n<p style=\"text-align: justify;\"><a href=\"https:\/\/turbohair.hu\/fr\/greffe-de-cheveux\/\"><span style=\"color: #00b7bd;\">Ne felejtse nincs k\u00e9t egyforma hajbe\u00fcltet\u00e9s, amit az egyik \u00fcgyf\u00e9lnek k\u00f6nnyen lehet garant\u00e1lni, azt nem biztos, hogy \u00d6nnek is!<\/span><\/a><\/p>\n\n\t\t<\/div>\n\t<\/div>\n<\/div><\/div><\/div><\/section><section class=\"vc_section vc_custom_1739822199061 vc_section-has-fill\"><div class=\"vc_row wpb_row vc_row-fluid\"><div class=\"wpb_column vc_column_container vc_col-sm-12\"><div class=\"wpb_wrapper\"><ul class=\"simple-list clearfix\"><li class=\"template-tick-2 clearfix\">\n\t\t\t<span><strong>K\u00fclf\u00f6ldi utaz\u00e1s kock\u00e1zatainak cs\u00f6kkent\u00e9se:<\/strong> B\u00e1r T\u00f6r\u00f6korsz\u00e1g vonz\u00f3 aj\u00e1nlatokkal rendelkezik, el\u0151fordulhat, hogy a k\u00fcl\u00f6nb\u00f6z\u0151 klinik\u00e1k szintjei elt\u00e9r\u0151. A konzult\u00e1ci\u00f3 sor\u00e1n szak\u00e9rt\u0151ink seg\u00edtenek tiszt\u00e1ban lenni az elj\u00e1r\u00e1s r\u00e9szleteivel, valamint tan\u00e1csot adnak, hogyan v\u00e1lassza ki a legmegfelel\u0151bb klinik\u00e1t.<\/span><\/li><li class=\"template-tick-2 clearfix\">\n\t\t\t<span><strong>Bizalom \u00e9s biztons\u00e1g<\/strong>: A hajbe\u00fcltet\u00e9s komoly orvosi beavatkoz\u00e1s \u00e9s fontos, hogy olyan szakemberek v\u00e9gezz\u00e9k el, akikben megb\u00edzik. A konzult\u00e1ci\u00f3n val\u00f3 r\u00e9szv\u00e9tel seg\u00edt abban, hogy bizalommal v\u00e1lassza ki a legjobb szakembert \u00e9s tiszt\u00e1ban legyen minden r\u00e9szlettel.<\/span><\/li><li class=\"template-tick-2 clearfix\">\n\t\t\t<span><strong>K\u00f6lts\u00e9ghat\u00e9kony megold\u00e1s<\/strong>: B\u00e1r a hajbe\u00fcltet\u00e9s T\u00f6r\u00f6korsz\u00e1gban val\u00f3ban olcs\u00f3bbnak t\u0171nhet, fontos figyelembe venni az utaz\u00e1s k\u00f6lts\u00e9geit \u00e9s a k\u00e9s\u0151bbi komplik\u00e1ci\u00f3k elker\u00fcl\u00e9s\u00e9t. Magyarorsz\u00e1gon biztosan nem fog rejtett k\u00f6lts\u00e9gekbe \u00fctk\u00f6zni \u00e9s garant\u00e1ltan szak\u00e9rt\u0151 kezekben lesz.<\/span><\/li><li class=\"template-tick-2 clearfix\">\n\t\t\t<span><strong>Prevenci\u00f3 hajbe\u00fcltet\u00e9s el\u0151tt: <\/strong>A kopaszod\u00e1s teljes m\u00e9rt\u00e9kben nem el\u0151zhet\u0151 meg, de aki hajlamos r\u00e1, annak nagyon sokat tudunk seg\u00edteni, hogy lass\u00edtson ezen a genetikai folyamaton hajgy\u00f3gy\u00e1szati kezel\u00e9seinkkel<em>.<\/em><\/span><\/li><li class=\"template-tick-2 clearfix\">\n\t\t\t<span><strong>Ut\u00f3gondoz\u00e1s hajbe\u00fcltet\u00e9s ut\u00e1n: <\/strong>Amennyiben m\u00e1r j\u00e1rt hajbe\u00fcltet\u00e9sen T\u00f6r\u00f6korsz\u00e1gban, akkor is \u00e9rdemes ell\u00e1togatni hozz\u00e1nk, hogy az ut\u00f3gondoz\u00e1sban seg\u00edts\u00fcnk, \u00edgy biztos lehet abban, hogy a sok f\u00e1radts\u00e1g meghozza majd a hossz\u00fat\u00e1v\u00fa eredm\u00e9nyt. <\/span><\/li><\/ul><\/div><\/div><\/div><\/section><section class=\"vc_section\"><div class=\"vc_row wpb_row vc_row-fluid\"><div class=\"wpb_column vc_column_container vc_col-sm-12\"><div class=\"wpb_wrapper\">\n\t<div class=\"wpb_text_column wpb_content_element  large margin-top-20\" >\n\t\t<div class=\"wpb_wrapper\">\n\t\t\t<p style=\"text-align: justify;\"><strong>Hajbe\u00fcltet\u00e9s T\u00f6r\u00f6korsz\u00e1gban<\/strong> ma m\u00e1r biztons\u00e1gos is lehet, de csak akkor, ha pontosan tudja mit v\u00e1rhat el az eset\u00e9ben. \u00cdg\u00e9retek \u00e9s mindenf\u00e9le marketing tr\u00fckk\u00f6k helyett t\u00e1j\u00e9koz\u00f3djon, <strong>m\u00e9rje fel pontosan a lehet\u0151s\u00e9geit<\/strong>, ebben <strong>seg\u00edt a TurboHair Medical<\/strong>.<\/p>\n<p style=\"text-align: justify;\">Ne hagyja, hogy b\u00e1rmi is meglepje! L\u00e1togasson el hozz\u00e1nk egy konzult\u00e1ci\u00f3ra \u00e9s biztos lehet abban, hogy a t\u00f6r\u00f6korsz\u00e1gi hajbe\u00fcltet\u00e9s el\u0151tt a lehet\u0151 <strong>legjobb kezekben lesz<\/strong>. Mi seg\u00edt\u00fcnk abban, hogy a d\u00f6nt\u00e9se \u00e1tgondolt \u00e9s magabiztos legyen miel\u0151tt T\u00f6r\u00f6korsz\u00e1gba utazik.<\/p>\n<p style=\"text-align: justify;\">Miel\u0151tt elutazik T\u00f6r\u00f6korsz\u00e1gba egy olcs\u00f3 hajbe\u00fcltet\u00e9sre, mindenk\u00e9ppen keresse fel klinik\u00e1nkat egy \u00e1llapotfelm\u00e9r\u00e9sre.<\/p>\n<p style=\"text-align: center;\"><a href=\"https:\/\/turbohair.hu\/fr\/relation\/\"><span style=\"color: #00b7bd;\">Jelentkezzen professzion\u00e1lis \u00e1llapotfelm\u00e9r\u00e9sre t\u00f6r\u00f6korsz\u00e1gi hajbe\u00fcltet\u00e9s el\u0151tt!<\/span><\/a><\/p>\n\n\t\t<\/div>\n\t<\/div>\n<div class=\"vc_btn3-container vc_btn3-center vc_custom_1741434257794\" ><a onmouseleave=\"this.style.borderColor='#00b7bd'; this.style.backgroundColor='transparent'; this.style.color='#00b7bd'\" onmouseenter=\"this.style.borderColor='#00b7bd'; this.style.backgroundColor='#00b7bd'; this.style.color='#ffffff';\" style=\"border-color:#00b7bd; color:#00b7bd;\" class=\"vc_general vc_btn3 vc_btn3-size-md vc_btn3-shape-square vc_btn3-style-outline-custom\" href=\"https:\/\/turbohair.hu\/fr\/relation\/\" title=\"Avant apr\u00e8s\">ID\u0150PONTOT FOGLALOK KONZULT\u00c1CI\u00d3RA<\/a><\/div><\/div><\/div><\/div><\/section>","protected":false},"excerpt":{"rendered":"HAJBE\u00dcLTET\u00c9S T\u00d6R\u00d6KORSZ\u00c1GBAN T\u00e9nyleg a t\u00f6r\u00f6k hajbe\u00fcltet\u00e9s a legjobb v\u00e1laszt\u00e1s!? Amennyiben hajbe\u00fcltet\u00e9st fontolgat T\u00f6r\u00f6korsz\u00e1gban, fontos, hogy alaposan t\u00e1j\u00e9koz\u00f3djon, v\u00e9lem\u00e9nyeket olvasson, \u00e9s csak olyan klinik\u00e1t v\u00e1lasszon, amely megb\u00edzhat\u00f3, j\u00f3 referenci\u00e1kkal rendelkezik. A hajbe\u00fcltet\u00e9s T\u00f6r\u00f6korsz\u00e1gban sok ember sz\u00e1m\u00e1ra vonz\u00f3 lehet\u0151s\u00e9get jelent, mivel az elj\u00e1r\u00e1s \u00e1ltal\u00e1ban olcs\u00f3bb, mint m\u00e1s orsz\u00e1gokban, de val\u00f3ban olcs\u00f3bb, vagy csak olcs\u00f3bbnak hangzik?! Vizsg\u00e1ljuk meg","protected":false},"author":1,"featured_media":0,"parent":0,"menu_order":0,"comment_status":"closed","ping_status":"closed","template":"","meta":{"footnotes":""},"class_list":["post-6854","page","type-page","status-publish","hentry"],"yoast_head":"<title>Hajbe\u00fcltet\u00e9s T\u00f6r\u00f6korsz\u00e1gban, k\u00e9rjen el\u0151zetes vizsg\u00e1latot<\/title>\n<meta name=\"description\" content=\"A hajbe\u00fcltet\u00e9s T\u00f6r\u00f6korsz\u00e1gban egy j\u00f3 v\u00e1laszt\u00e1s is lehet, viszont fontos alaposan k\u00f6rbej\u00e1rni \u00e9s t\u00e1j\u00e9koz\u00f3dni a lehet\u0151s\u00e9geir\u0151l.\" \/>\n<meta name=\"robots\" content=\"index, follow, max-snippet:-1, max-image-preview:large, max-video-preview:-1\" \/>\n<link rel=\"canonical\" href=\"https:\/\/turbohair.hu\/fr\/hajbeultetes-torokorszag\/\" \/>\n<meta property=\"og:locale\" content=\"fr_FR\" \/>\n<meta property=\"og:type\" content=\"article\" \/>\n<meta property=\"og:title\" content=\"Hajbe\u00fcltet\u00e9s T\u00f6r\u00f6korsz\u00e1gban, k\u00e9rjen el\u0151zetes vizsg\u00e1latot\" \/>\n<meta property=\"og:description\" content=\"A hajbe\u00fcltet\u00e9s T\u00f6r\u00f6korsz\u00e1gban egy j\u00f3 v\u00e1laszt\u00e1s is lehet, viszont fontos alaposan k\u00f6rbej\u00e1rni \u00e9s t\u00e1j\u00e9koz\u00f3dni a lehet\u0151s\u00e9geir\u0151l.\" \/>\n<meta property=\"og:url\" content=\"https:\/\/turbohair.hu\/fr\/hajbeultetes-torokorszag\/\" \/>\n<meta property=\"og:site_name\" content=\"Hajbe\u00fcltet\u00e9s Budapesten\" \/>\n<meta property=\"article:modified_time\" content=\"2025-03-08T16:35:27+00:00\" \/>\n<meta name=\"twitter:card\" content=\"summary_large_image\" \/>\n<meta name=\"twitter:label1\" content=\"Dur\u00e9e de lecture estim\u00e9e\" \/>\n\t<meta name=\"twitter:data1\" content=\"7 minutes\" \/>\n<script type=\"application\/ld+json\" class=\"yoast-schema-graph\">{\"@context\":\"https:\/\/schema.org\",\"@graph\":[{\"@type\":\"WebPage\",\"@id\":\"https:\/\/turbohair.hu\/hajbeultetes-torokorszag\/\",\"url\":\"https:\/\/turbohair.hu\/hajbeultetes-torokorszag\/\",\"name\":\"Hajbe\u00fcltet\u00e9s T\u00f6r\u00f6korsz\u00e1gban, k\u00e9rjen el\u0151zetes vizsg\u00e1latot\",\"isPartOf\":{\"@id\":\"https:\/\/turbohair.hu\/#website\"},\"datePublished\":\"2025-03-08T12:04:13+00:00\",\"dateModified\":\"2025-03-08T16:35:27+00:00\",\"description\":\"A hajbe\u00fcltet\u00e9s T\u00f6r\u00f6korsz\u00e1gban egy j\u00f3 v\u00e1laszt\u00e1s is lehet, viszont fontos alaposan k\u00f6rbej\u00e1rni \u00e9s t\u00e1j\u00e9koz\u00f3dni a lehet\u0151s\u00e9geir\u0151l.\",\"breadcrumb\":{\"@id\":\"https:\/\/turbohair.hu\/hajbeultetes-torokorszag\/#breadcrumb\"},\"inLanguage\":\"fr-FR\",\"potentialAction\":[{\"@type\":\"ReadAction\",\"target\":[\"https:\/\/turbohair.hu\/hajbeultetes-torokorszag\/\"]}]},{\"@type\":\"BreadcrumbList\",\"@id\":\"https:\/\/turbohair.hu\/hajbeultetes-torokorszag\/#breadcrumb\",\"itemListElement\":[{\"@type\":\"ListItem\",\"position\":1,\"name\":\"Kezd\u0151lap\",\"item\":\"https:\/\/turbohair.hu\/\"},{\"@type\":\"ListItem\",\"position\":2,\"name\":\"Hajbe\u00fcltet\u00e9s T\u00f6r\u00f6korsz\u00e1g\"}]},{\"@type\":\"WebSite\",\"@id\":\"https:\/\/turbohair.hu\/#website\",\"url\":\"https:\/\/turbohair.hu\/\",\"name\":\"Hajbe\u00fcltet\u00e9s Budapesten\",\"description\":\"Hajbe\u00fcltet\u00e9s Budapesten - Turbohair\",\"potentialAction\":[{\"@type\":\"SearchAction\",\"target\":{\"@type\":\"EntryPoint\",\"urlTemplate\":\"https:\/\/turbohair.hu\/?s={search_term_string}\"},\"query-input\":{\"@type\":\"PropertyValueSpecification\",\"valueRequired\":true,\"valueName\":\"search_term_string\"}}],\"inLanguage\":\"fr-FR\"}]}<\/script>","yoast_head_json":{"title":"Hajbe\u00fcltet\u00e9s T\u00f6r\u00f6korsz\u00e1gban, k\u00e9rjen el\u0151zetes vizsg\u00e1latot","description":"A hajbe\u00fcltet\u00e9s T\u00f6r\u00f6korsz\u00e1gban egy j\u00f3 v\u00e1laszt\u00e1s is lehet, viszont fontos alaposan k\u00f6rbej\u00e1rni \u00e9s t\u00e1j\u00e9koz\u00f3dni a lehet\u0151s\u00e9geir\u0151l.","robots":{"index":"index","follow":"follow","max-snippet":"max-snippet:-1","max-image-preview":"max-image-preview:large","max-video-preview":"max-video-preview:-1"},"canonical":"https:\/\/turbohair.hu\/fr\/hajbeultetes-torokorszag\/","og_locale":"fr_FR","og_type":"article","og_title":"Hajbe\u00fcltet\u00e9s T\u00f6r\u00f6korsz\u00e1gban, k\u00e9rjen el\u0151zetes vizsg\u00e1latot","og_description":"A hajbe\u00fcltet\u00e9s T\u00f6r\u00f6korsz\u00e1gban egy j\u00f3 v\u00e1laszt\u00e1s is lehet, viszont fontos alaposan k\u00f6rbej\u00e1rni \u00e9s t\u00e1j\u00e9koz\u00f3dni a lehet\u0151s\u00e9geir\u0151l.","og_url":"https:\/\/turbohair.hu\/fr\/hajbeultetes-torokorszag\/","og_site_name":"Hajbe\u00fcltet\u00e9s Budapesten","article_modified_time":"2025-03-08T16:35:27+00:00","twitter_card":"summary_large_image","twitter_misc":{"Dur\u00e9e de lecture estim\u00e9e":"7 minutes"},"schema":{"@context":"https:\/\/schema.org","@graph":[{"@type":"WebPage","@id":"https:\/\/turbohair.hu\/hajbeultetes-torokorszag\/","url":"https:\/\/turbohair.hu\/hajbeultetes-torokorszag\/","name":"Hajbe\u00fcltet\u00e9s T\u00f6r\u00f6korsz\u00e1gban, k\u00e9rjen el\u0151zetes vizsg\u00e1latot","isPartOf":{"@id":"https:\/\/turbohair.hu\/#website"},"datePublished":"2025-03-08T12:04:13+00:00","dateModified":"2025-03-08T16:35:27+00:00","description":"A hajbe\u00fcltet\u00e9s T\u00f6r\u00f6korsz\u00e1gban egy j\u00f3 v\u00e1laszt\u00e1s is lehet, viszont fontos alaposan k\u00f6rbej\u00e1rni \u00e9s t\u00e1j\u00e9koz\u00f3dni a lehet\u0151s\u00e9geir\u0151l.","breadcrumb":{"@id":"https:\/\/turbohair.hu\/hajbeultetes-torokorszag\/#breadcrumb"},"inLanguage":"fr-FR","potentialAction":[{"@type":"ReadAction","target":["https:\/\/turbohair.hu\/hajbeultetes-torokorszag\/"]}]},{"@type":"BreadcrumbList","@id":"https:\/\/turbohair.hu\/hajbeultetes-torokorszag\/#breadcrumb","itemListElement":[{"@type":"ListItem","position":1,"name":"Kezd\u0151lap","item":"https:\/\/turbohair.hu\/"},{"@type":"ListItem","position":2,"name":"Hajbe\u00fcltet\u00e9s T\u00f6r\u00f6korsz\u00e1g"}]},{"@type":"WebSite","@id":"https:\/\/turbohair.hu\/#website","url":"https:\/\/turbohair.hu\/","name":"Greffe de cheveux \u00e0 Budapest","description":"Hajbe\u00fcltet\u00e9s Budapesten - Turbohair","potentialAction":[{"@type":"SearchAction","target":{"@type":"EntryPoint","urlTemplate":"https:\/\/turbohair.hu\/?s={search_term_string}"},"query-input":{"@type":"PropertyValueSpecification","valueRequired":true,"valueName":"search_term_string"}}],"inLanguage":"fr-FR"}]}},"_links":{"self":[{"href":"https:\/\/turbohair.hu\/fr\/wp-json\/wp\/v2\/pages\/6854","targetHints":{"allow":["GET"]}}],"collection":[{"href":"https:\/\/turbohair.hu\/fr\/wp-json\/wp\/v2\/pages"}],"about":[{"href":"https:\/\/turbohair.hu\/fr\/wp-json\/wp\/v2\/types\/page"}],"author":[{"embeddable":true,"href":"https:\/\/turbohair.hu\/fr\/wp-json\/wp\/v2\/users\/1"}],"replies":[{"embeddable":true,"href":"https:\/\/turbohair.hu\/fr\/wp-json\/wp\/v2\/comments?post=6854"}],"version-history":[{"count":56,"href":"https:\/\/turbohair.hu\/fr\/wp-json\/wp\/v2\/pages\/6854\/revisions"}],"predecessor-version":[{"id":6913,"href":"https:\/\/turbohair.hu\/fr\/wp-json\/wp\/v2\/pages\/6854\/revisions\/6913"}],"wp:attachment":[{"href":"https:\/\/turbohair.hu\/fr\/wp-json\/wp\/v2\/media?parent=6854"}],"curies":[{"name":"wp","href":"https:\/\/api.w.org\/{rel}","templated":true}]}}