{"id":7217,"date":"2026-05-08T19:20:52","date_gmt":"2026-05-08T19:20:52","guid":{"rendered":"https:\/\/turbohair.hu\/?page_id=7217"},"modified":"2026-05-08T19:20:52","modified_gmt":"2026-05-08T19:20:52","slug":"egeszsegugyi-asszisztens-allas","status":"publish","type":"page","link":"https:\/\/turbohair.hu\/fr\/egeszsegugyi-asszisztens-allas\/","title":{"rendered":"EG\u00c9SZS\u00c9G\u00dcGYI ASSZISZTENS"},"content":{"rendered":"<section class=\"vc_section large margin-top-10 vc_custom_1710538577590\"><div class=\"vc_row wpb_row vc_row-fluid\"><div class=\"wpb_column vc_column_container vc_col-sm-12\"><div class=\"wpb_wrapper\"><h2 class=\"box-header large align-center no-border\">EG\u00c9SZS\u00c9G\u00dcGYI ASSZISZTENST KERES\u00dcNK \u2013 BUDAPEST XIII. KER\u00dcLET<\/h2>\n\t<div class=\"wpb_text_column wpb_content_element  vc_custom_1778267697741 large margin-top-10\" >\n\t\t<div class=\"wpb_wrapper\">\n\t\t\t<p style=\"text-align: justify;\">A TurboHair Medical b\u0151v\u00fcl\u0151 csapat\u00e1ba eg\u00e9szs\u00e9g\u00fcgyi asszisztenst keres\u00fcnk budapesti klinik\u00e1nkra. Ha prec\u00edz vagy, szeretsz emberekkel foglalkozni \u00e9s sz\u00edvesen dolgozn\u00e1l egy modern, ig\u00e9nyes k\u00f6rnyezetben, v\u00e1rjuk jelentkez\u00e9sedet!<\/p>\n\n\t\t<\/div>\n\t<\/div>\n<\/div><\/div><\/div><div class=\"vc_row wpb_row vc_row-fluid\"><div class=\"padding-right-30 wpb_column vc_column_container vc_col-sm-8\"><div class=\"wpb_wrapper\"><h3 class=\"box-header no-border\">T\u00c2CHES<\/h3><ul class=\"simple-list margin-top-15 clearfix\"><li class=\"template-tick-2 clearfix\">\n\t\t\t<span>Az orvosi \u00e9s rendel\u0151i folyamatok t\u00e1mogat\u00e1sa<\/span><\/li><li class=\"template-tick-2 clearfix\">\n\t\t\t<span>P\u00e1ciensek seg\u00edt\u00e9se, t\u00e1j\u00e9koztat\u00e1sa<\/span><\/li><li class=\"template-tick-2 clearfix\">\n\t\t\t<span>Asszisztencia eg\u00e9szs\u00e9g\u00fcgyi \u00e9s eszt\u00e9tikai kezel\u00e9sek sor\u00e1n<\/span><\/li><li class=\"template-tick-2 clearfix\">\n\t\t\t<span>Prec\u00edz, higi\u00e9nikus munkav\u00e9gz\u00e9s a mindennapokban<\/span><\/li><\/ul><h3 class=\"box-header margin-top-15 no-border\">DEMANDES<\/h3><ul class=\"simple-list margin-top-15 clearfix\"><li class=\"template-tick-2 clearfix\">\n\t\t\t<span>Eg\u00e9szs\u00e9g\u00fcgyi asszisztensi v\u00e9gzetts\u00e9g<\/span><\/li><li class=\"template-tick-2 clearfix\">\n\t\t\t<span>J\u00f3 k\u00e9z\u00fcgyess\u00e9g \u00e9s manualit\u00e1s<\/span><\/li><li class=\"template-tick-2 clearfix\">\n\t\t\t<span>Prec\u00edz, megb\u00edzhat\u00f3 munkav\u00e9gz\u00e9s<\/span><\/li><li class=\"template-tick-2 clearfix\">\n\t\t\t<span>Empatikus, p\u00e1ciensk\u00f6zpont\u00fa szeml\u00e9let<\/span><\/li><li class=\"template-tick-2 clearfix\">\n\t\t\t<span>J\u00f3 kommunik\u00e1ci\u00f3s k\u00e9szs\u00e9g<br \/>\n<\/span><\/li><\/ul><h3 class=\"box-header margin-top-15 no-border\">SIGNE PR\u00c9C\u00c9DENT<\/h3><ul class=\"simple-list margin-top-15 clearfix\"><li class=\"template-tick-2 clearfix\">\n\t\t\t<span>Tapasztalat plasztikai seb\u00e9szetben vagy eszt\u00e9tikai kezel\u00e9sek ter\u00fclet\u00e9n (pl. hajbe\u00fcltet\u00e9s)<\/span><\/li><li class=\"template-tick-2 clearfix\">\n\t\t\t<span>Angol nyelvismeret<\/span><\/li><\/ul><h3 class=\"box-header margin-top-15 no-border\">CE QUE NOUS APPELONS<\/h3><ul class=\"simple-list margin-top-15 clearfix\"><li class=\"template-tick-2 clearfix\">\n\t\t\t<span>Fix, bejelentett f\u0151\u00e1ll\u00e1s<\/span><\/li><li class=\"template-tick-2 clearfix\">\n\t\t\t<span>Stabil, hossz\u00fa t\u00e1v\u00fa munkalehet\u0151s\u00e9g<\/span><\/li><li class=\"template-tick-2 clearfix\">\n\t\t\t<span>Modern, ig\u00e9nyes munkak\u00f6rnyezet<\/span><\/li><li class=\"template-tick-2 clearfix\">\n\t\t\t<span>Versenyk\u00e9pes juttat\u00e1s<\/span><\/li><li class=\"template-tick-2 clearfix\">\n\t\t\t<span>Dinamikusan fejl\u0151d\u0151 csapat<\/span><\/li><li class=\"template-tick-2 clearfix\">\n\t\t\t<span>Bar\u00e1ts\u00e1gos, t\u00e1mogat\u00f3 l\u00e9gk\u00f6r<\/span><\/li><\/ul><\/div><\/div><div class=\"margin-top-92 wpb_column vc_column_container vc_col-sm-4\"><div class=\"wpb_wrapper\">\n\t<div  class=\"wpb_single_image wpb_content_element vc_align_left\">\n\t\t\n\t\t<figure class=\"wpb_wrapper vc_figure\">\n\t\t\t<div class=\"vc_single_image-wrapper   vc_box_border_grey\"><img loading=\"lazy\" decoding=\"async\" width=\"446\" height=\"597\" src=\"https:\/\/turbohair.hu\/wp-content\/uploads\/Group-133.webp\" class=\"vc_single_image-img attachment-large\" alt=\"La greffe de cheveux\" title=\"Group 133\" srcset=\"https:\/\/turbohair.hu\/wp-content\/uploads\/Group-133.webp 446w, https:\/\/turbohair.hu\/wp-content\/uploads\/Group-133-224x300.webp 224w\" sizes=\"auto, (max-width: 446px) 100vw, 446px\" \/><\/div>\n\t\t<\/figure>\n\t<\/div>\n<\/div><\/div><\/div><\/section>","protected":false},"excerpt":{"rendered":"EG\u00c9SZS\u00c9G\u00dcGYI ASSZISZTENST KERES\u00dcNK \u2013 BUDAPEST XIII. KER\u00dcLET A TurboHair Medical b\u0151v\u00fcl\u0151 csapat\u00e1ba eg\u00e9szs\u00e9g\u00fcgyi asszisztenst keres\u00fcnk budapesti klinik\u00e1nkra. Ha prec\u00edz vagy, szeretsz emberekkel foglalkozni \u00e9s sz\u00edvesen dolgozn\u00e1l egy modern, ig\u00e9nyes k\u00f6rnyezetben, v\u00e1rjuk jelentkez\u00e9sedet! FELADATOK Az orvosi \u00e9s rendel\u0151i folyamatok t\u00e1mogat\u00e1sa P\u00e1ciensek seg\u00edt\u00e9se, t\u00e1j\u00e9koztat\u00e1sa Asszisztencia eg\u00e9szs\u00e9g\u00fcgyi \u00e9s eszt\u00e9tikai kezel\u00e9sek sor\u00e1n Prec\u00edz, higi\u00e9nikus munkav\u00e9gz\u00e9s a mindennapokbanELV\u00c1R\u00c1SOK Eg\u00e9szs\u00e9g\u00fcgyi asszisztensi","protected":false},"author":1,"featured_media":0,"parent":0,"menu_order":0,"comment_status":"closed","ping_status":"closed","template":"","meta":{"footnotes":""},"class_list":["post-7217","page","type-page","status-publish","hentry"],"yoast_head":"<title>Hajbe\u00fcltet\u0151 orvost keres\u00fcnk<\/title>\n<meta name=\"description\" content=\"Hajbe\u00fcltet\u0151 orvost keres\u00fcnk kapacit\u00e1s b\u0151v\u00edt\u00e9s c\u00e9lj\u00e1b\u00f3l. Kiz\u00e1r\u00f3lag min\u0151s\u00e9gi hajbe\u00fcltet\u00e9st v\u00e9gz\u00fcnk a legmagasabb szinten.\" \/>\n<meta name=\"robots\" content=\"index, follow, max-snippet:-1, max-image-preview:large, max-video-preview:-1\" \/>\n<link rel=\"canonical\" href=\"https:\/\/turbohair.hu\/fr\/egeszsegugyi-asszisztens-allas\/\" \/>\n<meta property=\"og:locale\" content=\"fr_FR\" \/>\n<meta property=\"og:type\" content=\"article\" \/>\n<meta property=\"og:title\" content=\"Hajbe\u00fcltet\u0151 orvost keres\u00fcnk\" \/>\n<meta property=\"og:description\" content=\"Hajbe\u00fcltet\u0151 orvost keres\u00fcnk kapacit\u00e1s b\u0151v\u00edt\u00e9s c\u00e9lj\u00e1b\u00f3l. Kiz\u00e1r\u00f3lag min\u0151s\u00e9gi hajbe\u00fcltet\u00e9st v\u00e9gz\u00fcnk a legmagasabb szinten.\" \/>\n<meta property=\"og:url\" content=\"https:\/\/turbohair.hu\/fr\/egeszsegugyi-asszisztens-allas\/\" \/>\n<meta property=\"og:site_name\" content=\"Hajbe\u00fcltet\u00e9s Budapesten\" \/>\n<meta name=\"twitter:card\" content=\"summary_large_image\" \/>\n<meta name=\"twitter:label1\" content=\"Dur\u00e9e de lecture estim\u00e9e\" \/>\n\t<meta name=\"twitter:data1\" content=\"2 minutes\" \/>\n<script type=\"application\/ld+json\" class=\"yoast-schema-graph\">{\"@context\":\"https:\/\/schema.org\",\"@graph\":[{\"@type\":\"WebPage\",\"@id\":\"https:\/\/turbohair.hu\/egeszsegugyi-asszisztens-allas\/\",\"url\":\"https:\/\/turbohair.hu\/egeszsegugyi-asszisztens-allas\/\",\"name\":\"Hajbe\u00fcltet\u0151 orvost keres\u00fcnk\",\"isPartOf\":{\"@id\":\"https:\/\/turbohair.hu\/#website\"},\"datePublished\":\"2026-05-08T19:20:52+00:00\",\"description\":\"Hajbe\u00fcltet\u0151 orvost keres\u00fcnk kapacit\u00e1s b\u0151v\u00edt\u00e9s c\u00e9lj\u00e1b\u00f3l. Kiz\u00e1r\u00f3lag min\u0151s\u00e9gi hajbe\u00fcltet\u00e9st v\u00e9gz\u00fcnk a legmagasabb szinten.\",\"breadcrumb\":{\"@id\":\"https:\/\/turbohair.hu\/egeszsegugyi-asszisztens-allas\/#breadcrumb\"},\"inLanguage\":\"fr-FR\",\"potentialAction\":[{\"@type\":\"ReadAction\",\"target\":[\"https:\/\/turbohair.hu\/egeszsegugyi-asszisztens-allas\/\"]}]},{\"@type\":\"BreadcrumbList\",\"@id\":\"https:\/\/turbohair.hu\/egeszsegugyi-asszisztens-allas\/#breadcrumb\",\"itemListElement\":[{\"@type\":\"ListItem\",\"position\":1,\"name\":\"Kezd\u0151lap\",\"item\":\"https:\/\/turbohair.hu\/\"},{\"@type\":\"ListItem\",\"position\":2,\"name\":\"EG\u00c9SZS\u00c9G\u00dcGYI ASSZISZTENS\"}]},{\"@type\":\"WebSite\",\"@id\":\"https:\/\/turbohair.hu\/#website\",\"url\":\"https:\/\/turbohair.hu\/\",\"name\":\"Hajbe\u00fcltet\u00e9s Budapesten\",\"description\":\"Hajbe\u00fcltet\u00e9s Budapesten - Turbohair\",\"potentialAction\":[{\"@type\":\"SearchAction\",\"target\":{\"@type\":\"EntryPoint\",\"urlTemplate\":\"https:\/\/turbohair.hu\/?s={search_term_string}\"},\"query-input\":{\"@type\":\"PropertyValueSpecification\",\"valueRequired\":true,\"valueName\":\"search_term_string\"}}],\"inLanguage\":\"fr-FR\"}]}<\/script>","yoast_head_json":{"title":"Hajbe\u00fcltet\u0151 orvost keres\u00fcnk","description":"Hajbe\u00fcltet\u0151 orvost keres\u00fcnk kapacit\u00e1s b\u0151v\u00edt\u00e9s c\u00e9lj\u00e1b\u00f3l. Kiz\u00e1r\u00f3lag min\u0151s\u00e9gi hajbe\u00fcltet\u00e9st v\u00e9gz\u00fcnk a legmagasabb szinten.","robots":{"index":"index","follow":"follow","max-snippet":"max-snippet:-1","max-image-preview":"max-image-preview:large","max-video-preview":"max-video-preview:-1"},"canonical":"https:\/\/turbohair.hu\/fr\/egeszsegugyi-asszisztens-allas\/","og_locale":"fr_FR","og_type":"article","og_title":"Hajbe\u00fcltet\u0151 orvost keres\u00fcnk","og_description":"Hajbe\u00fcltet\u0151 orvost keres\u00fcnk kapacit\u00e1s b\u0151v\u00edt\u00e9s c\u00e9lj\u00e1b\u00f3l. Kiz\u00e1r\u00f3lag min\u0151s\u00e9gi hajbe\u00fcltet\u00e9st v\u00e9gz\u00fcnk a legmagasabb szinten.","og_url":"https:\/\/turbohair.hu\/fr\/egeszsegugyi-asszisztens-allas\/","og_site_name":"Hajbe\u00fcltet\u00e9s Budapesten","twitter_card":"summary_large_image","twitter_misc":{"Dur\u00e9e de lecture estim\u00e9e":"2 minutes"},"schema":{"@context":"https:\/\/schema.org","@graph":[{"@type":"WebPage","@id":"https:\/\/turbohair.hu\/egeszsegugyi-asszisztens-allas\/","url":"https:\/\/turbohair.hu\/egeszsegugyi-asszisztens-allas\/","name":"Hajbe\u00fcltet\u0151 orvost keres\u00fcnk","isPartOf":{"@id":"https:\/\/turbohair.hu\/#website"},"datePublished":"2026-05-08T19:20:52+00:00","description":"Hajbe\u00fcltet\u0151 orvost keres\u00fcnk kapacit\u00e1s b\u0151v\u00edt\u00e9s c\u00e9lj\u00e1b\u00f3l. Kiz\u00e1r\u00f3lag min\u0151s\u00e9gi hajbe\u00fcltet\u00e9st v\u00e9gz\u00fcnk a legmagasabb szinten.","breadcrumb":{"@id":"https:\/\/turbohair.hu\/egeszsegugyi-asszisztens-allas\/#breadcrumb"},"inLanguage":"fr-FR","potentialAction":[{"@type":"ReadAction","target":["https:\/\/turbohair.hu\/egeszsegugyi-asszisztens-allas\/"]}]},{"@type":"BreadcrumbList","@id":"https:\/\/turbohair.hu\/egeszsegugyi-asszisztens-allas\/#breadcrumb","itemListElement":[{"@type":"ListItem","position":1,"name":"Kezd\u0151lap","item":"https:\/\/turbohair.hu\/"},{"@type":"ListItem","position":2,"name":"EG\u00c9SZS\u00c9G\u00dcGYI ASSZISZTENS"}]},{"@type":"WebSite","@id":"https:\/\/turbohair.hu\/#website","url":"https:\/\/turbohair.hu\/","name":"Greffe de cheveux \u00e0 Budapest","description":"Hajbe\u00fcltet\u00e9s Budapesten - Turbohair","potentialAction":[{"@type":"SearchAction","target":{"@type":"EntryPoint","urlTemplate":"https:\/\/turbohair.hu\/?s={search_term_string}"},"query-input":{"@type":"PropertyValueSpecification","valueRequired":true,"valueName":"search_term_string"}}],"inLanguage":"fr-FR"}]}},"_links":{"self":[{"href":"https:\/\/turbohair.hu\/fr\/wp-json\/wp\/v2\/pages\/7217","targetHints":{"allow":["GET"]}}],"collection":[{"href":"https:\/\/turbohair.hu\/fr\/wp-json\/wp\/v2\/pages"}],"about":[{"href":"https:\/\/turbohair.hu\/fr\/wp-json\/wp\/v2\/types\/page"}],"author":[{"embeddable":true,"href":"https:\/\/turbohair.hu\/fr\/wp-json\/wp\/v2\/users\/1"}],"replies":[{"embeddable":true,"href":"https:\/\/turbohair.hu\/fr\/wp-json\/wp\/v2\/comments?post=7217"}],"version-history":[{"count":2,"href":"https:\/\/turbohair.hu\/fr\/wp-json\/wp\/v2\/pages\/7217\/revisions"}],"predecessor-version":[{"id":7219,"href":"https:\/\/turbohair.hu\/fr\/wp-json\/wp\/v2\/pages\/7217\/revisions\/7219"}],"wp:attachment":[{"href":"https:\/\/turbohair.hu\/fr\/wp-json\/wp\/v2\/media?parent=7217"}],"curies":[{"name":"wp","href":"https:\/\/api.w.org\/{rel}","templated":true}]}}